{"id":1289,"date":"2021-11-13T01:37:07","date_gmt":"2021-11-13T00:37:07","guid":{"rendered":"https:\/\/www.medistyl.cz\/chemistry\/databases\/classific\/"},"modified":"2022-01-03T13:20:24","modified_gmt":"2022-01-03T12:20:24","slug":"classific","status":"publish","type":"page","link":"https:\/\/www.medistyl.cz\/en\/chemistry\/databases\/classific\/","title":{"rendered":"CLASSIFIC"},"content":{"rendered":"<p>We have set up a unique web tool for converting the well-known CLP classification of substances\/mixtures to the classification according to the ADR agreement. So, by using this application, you will categorise your substances or mixtures in the ADR system within a few minutes without unnecessary stress or the need to consult the Agreement for this task.<\/p>\n<h3>Application functions<\/h3>\n<ul>\n<li aria-level=\"1\">fast and easy conversion of CLP classification to ADR classification based on the entered substance\/mixture parameters<\/li>\n<li aria-level=\"1\">check of the correctness of the entered CLP classification parameters<\/li>\n<li aria-level=\"1\">assignment of the UN number, proper shipping name, classification code, packing group, safety labels, additional labels, tunnel codes<\/li>\n<li aria-level=\"1\">any exemptions from legislative requirements<\/li>\n<li aria-level=\"1\">contains the ADR transport database<\/li>\n<\/ul>\n<h3>Main assets of the application<\/h3>\n<ul>\n<li aria-level=\"1\">easy to use by people who are complete laymen in the field of dangerous goods road transport<\/li>\n<li aria-level=\"1\">saves time required to manually classify the products<\/li>\n<li aria-level=\"1\">rapid check of information contained in safety data sheets, Section 14: Transport informationMain assets of the application<\/li>\n<\/ul>\n<h3>Demonstrations of working in the Classific:<\/h3>\n<p><iframe loading=\"lazy\" title=\"Classific - vodn\u00fd roztok s\u00edranu \u017eelezit\u00e9ho\" width=\"500\" height=\"281\" src=\"https:\/\/www.youtube.com\/embed\/6FnsDwD31L8?feature=oembed\" frameborder=\"0\" allow=\"accelerometer; autoplay; clipboard-write; encrypted-media; gyroscope; picture-in-picture; web-share\" referrerpolicy=\"strict-origin-when-cross-origin\" allowfullscreen><\/iframe><\/p>\n<p><a href=\"https:\/\/www.youtube.com\/watch?v=6FnsDwD31L8&amp;list=UUQgLC49ncvkHHJyZU4Ax9Xg\">Or click here.<\/a><\/p>\n","protected":false},"excerpt":{"rendered":"<p>We have set up a unique web tool for converting the well-known CLP classification of substances\/mixtures to the classification according to the ADR agreement. So, by using this application, you will categorise your substances or mixtures in the ADR system within a few minutes without unnecessary stress or the need to consult the Agreement for <\/p>\n","protected":false},"author":1,"featured_media":0,"parent":1283,"menu_order":0,"comment_status":"closed","ping_status":"closed","template":"","meta":{"_acf_changed":false,"inline_featured_image":false,"footnotes":""},"class_list":["post-1289","page","type-page","status-publish","hentry"],"acf":[],"yoast_head":"<!-- This site is optimized with the Yoast SEO plugin v26.6 - https:\/\/yoast.com\/wordpress\/plugins\/seo\/ -->\n<title>CLASSIFIC - MEDISTYL<\/title>\n<meta name=\"robots\" content=\"index, follow, max-snippet:-1, max-image-preview:large, max-video-preview:-1\" \/>\n<link rel=\"canonical\" href=\"https:\/\/www.medistyl.cz\/en\/chemistry\/databases\/classific\/\" \/>\n<meta property=\"og:locale\" content=\"en_US\" \/>\n<meta property=\"og:type\" content=\"article\" \/>\n<meta property=\"og:title\" content=\"CLASSIFIC - MEDISTYL\" \/>\n<meta property=\"og:description\" content=\"We have set up a unique web tool for converting the well-known CLP classification of substances\/mixtures to the classification according to the ADR agreement. So, by using this application, you will categorise your substances or mixtures in the ADR system within a few minutes without unnecessary stress or the need to consult the Agreement for\" \/>\n<meta property=\"og:url\" content=\"https:\/\/www.medistyl.cz\/en\/chemistry\/databases\/classific\/\" \/>\n<meta property=\"og:site_name\" content=\"MEDISTYL\" \/>\n<meta property=\"article:modified_time\" content=\"2022-01-03T12:20:24+00:00\" \/>\n<meta property=\"og:image\" content=\"https:\/\/www.medistyl.cz\/wp-content\/uploads\/medistyl.png\" \/>\n\t<meta property=\"og:image:width\" content=\"1000\" \/>\n\t<meta property=\"og:image:height\" content=\"1000\" \/>\n\t<meta property=\"og:image:type\" content=\"image\/png\" \/>\n<meta name=\"twitter:card\" content=\"summary_large_image\" \/>\n<meta name=\"twitter:label1\" content=\"Est. reading time\" \/>\n\t<meta name=\"twitter:data1\" content=\"1 minute\" \/>\n<script type=\"application\/ld+json\" class=\"yoast-schema-graph\">{\"@context\":\"https:\/\/schema.org\",\"@graph\":[{\"@type\":\"WebPage\",\"@id\":\"https:\/\/www.medistyl.cz\/en\/chemistry\/databases\/classific\/\",\"url\":\"https:\/\/www.medistyl.cz\/en\/chemistry\/databases\/classific\/\",\"name\":\"CLASSIFIC - MEDISTYL\",\"isPartOf\":{\"@id\":\"https:\/\/www.medistyl.cz\/en\/#website\"},\"datePublished\":\"2021-11-13T00:37:07+00:00\",\"dateModified\":\"2022-01-03T12:20:24+00:00\",\"breadcrumb\":{\"@id\":\"https:\/\/www.medistyl.cz\/en\/chemistry\/databases\/classific\/#breadcrumb\"},\"inLanguage\":\"en-US\",\"potentialAction\":[{\"@type\":\"ReadAction\",\"target\":[\"https:\/\/www.medistyl.cz\/en\/chemistry\/databases\/classific\/\"]}]},{\"@type\":\"BreadcrumbList\",\"@id\":\"https:\/\/www.medistyl.cz\/en\/chemistry\/databases\/classific\/#breadcrumb\",\"itemListElement\":[{\"@type\":\"ListItem\",\"position\":1,\"name\":\"Dom\u016f\",\"item\":\"https:\/\/www.medistyl.cz\/en\/\"},{\"@type\":\"ListItem\",\"position\":2,\"name\":\"Chemistry\",\"item\":\"https:\/\/www.medistyl.cz\/en\/chemistry\/\"},{\"@type\":\"ListItem\",\"position\":3,\"name\":\"Databases\",\"item\":\"https:\/\/www.medistyl.cz\/en\/chemistry\/databases\/\"},{\"@type\":\"ListItem\",\"position\":4,\"name\":\"CLASSIFIC\"}]},{\"@type\":\"WebSite\",\"@id\":\"https:\/\/www.medistyl.cz\/en\/#website\",\"url\":\"https:\/\/www.medistyl.cz\/en\/\",\"name\":\"MEDISTYL\",\"description\":\"MEDISTYL\",\"potentialAction\":[{\"@type\":\"SearchAction\",\"target\":{\"@type\":\"EntryPoint\",\"urlTemplate\":\"https:\/\/www.medistyl.cz\/en\/?s={search_term_string}\"},\"query-input\":{\"@type\":\"PropertyValueSpecification\",\"valueRequired\":true,\"valueName\":\"search_term_string\"}}],\"inLanguage\":\"en-US\"}]}<\/script>\n<!-- \/ Yoast SEO plugin. -->","yoast_head_json":{"title":"CLASSIFIC - MEDISTYL","robots":{"index":"index","follow":"follow","max-snippet":"max-snippet:-1","max-image-preview":"max-image-preview:large","max-video-preview":"max-video-preview:-1"},"canonical":"https:\/\/www.medistyl.cz\/en\/chemistry\/databases\/classific\/","og_locale":"en_US","og_type":"article","og_title":"CLASSIFIC - MEDISTYL","og_description":"We have set up a unique web tool for converting the well-known CLP classification of substances\/mixtures to the classification according to the ADR agreement. So, by using this application, you will categorise your substances or mixtures in the ADR system within a few minutes without unnecessary stress or the need to consult the Agreement for","og_url":"https:\/\/www.medistyl.cz\/en\/chemistry\/databases\/classific\/","og_site_name":"MEDISTYL","article_modified_time":"2022-01-03T12:20:24+00:00","og_image":[{"width":1000,"height":1000,"url":"https:\/\/www.medistyl.cz\/wp-content\/uploads\/medistyl.png","type":"image\/png"}],"twitter_card":"summary_large_image","twitter_misc":{"Est. reading time":"1 minute"},"schema":{"@context":"https:\/\/schema.org","@graph":[{"@type":"WebPage","@id":"https:\/\/www.medistyl.cz\/en\/chemistry\/databases\/classific\/","url":"https:\/\/www.medistyl.cz\/en\/chemistry\/databases\/classific\/","name":"CLASSIFIC - MEDISTYL","isPartOf":{"@id":"https:\/\/www.medistyl.cz\/en\/#website"},"datePublished":"2021-11-13T00:37:07+00:00","dateModified":"2022-01-03T12:20:24+00:00","breadcrumb":{"@id":"https:\/\/www.medistyl.cz\/en\/chemistry\/databases\/classific\/#breadcrumb"},"inLanguage":"en-US","potentialAction":[{"@type":"ReadAction","target":["https:\/\/www.medistyl.cz\/en\/chemistry\/databases\/classific\/"]}]},{"@type":"BreadcrumbList","@id":"https:\/\/www.medistyl.cz\/en\/chemistry\/databases\/classific\/#breadcrumb","itemListElement":[{"@type":"ListItem","position":1,"name":"Dom\u016f","item":"https:\/\/www.medistyl.cz\/en\/"},{"@type":"ListItem","position":2,"name":"Chemistry","item":"https:\/\/www.medistyl.cz\/en\/chemistry\/"},{"@type":"ListItem","position":3,"name":"Databases","item":"https:\/\/www.medistyl.cz\/en\/chemistry\/databases\/"},{"@type":"ListItem","position":4,"name":"CLASSIFIC"}]},{"@type":"WebSite","@id":"https:\/\/www.medistyl.cz\/en\/#website","url":"https:\/\/www.medistyl.cz\/en\/","name":"MEDISTYL","description":"MEDISTYL","potentialAction":[{"@type":"SearchAction","target":{"@type":"EntryPoint","urlTemplate":"https:\/\/www.medistyl.cz\/en\/?s={search_term_string}"},"query-input":{"@type":"PropertyValueSpecification","valueRequired":true,"valueName":"search_term_string"}}],"inLanguage":"en-US"}]}},"_links":{"self":[{"href":"https:\/\/www.medistyl.cz\/en\/wp-json\/wp\/v2\/pages\/1289","targetHints":{"allow":["GET"]}}],"collection":[{"href":"https:\/\/www.medistyl.cz\/en\/wp-json\/wp\/v2\/pages"}],"about":[{"href":"https:\/\/www.medistyl.cz\/en\/wp-json\/wp\/v2\/types\/page"}],"author":[{"embeddable":true,"href":"https:\/\/www.medistyl.cz\/en\/wp-json\/wp\/v2\/users\/1"}],"replies":[{"embeddable":true,"href":"https:\/\/www.medistyl.cz\/en\/wp-json\/wp\/v2\/comments?post=1289"}],"version-history":[{"count":0,"href":"https:\/\/www.medistyl.cz\/en\/wp-json\/wp\/v2\/pages\/1289\/revisions"}],"up":[{"embeddable":true,"href":"https:\/\/www.medistyl.cz\/en\/wp-json\/wp\/v2\/pages\/1283"}],"wp:attachment":[{"href":"https:\/\/www.medistyl.cz\/en\/wp-json\/wp\/v2\/media?parent=1289"}],"curies":[{"name":"wp","href":"https:\/\/api.w.org\/{rel}","templated":true}]}}