{"id":1326,"date":"2021-11-13T01:41:19","date_gmt":"2021-11-13T00:41:19","guid":{"rendered":"https:\/\/www.medistyl.cz\/kontakt\/"},"modified":"2023-03-07T16:45:37","modified_gmt":"2023-03-07T15:45:37","slug":"kontakt","status":"publish","type":"page","link":"https:\/\/www.medistyl.cz\/pl\/kontakt\/","title":{"rendered":"Kontakt"},"content":{"rendered":"<p><strong>MEDISTYL, spol. s r.o.<\/strong><br \/>\nMichelsk\u00e1 18\/12a<br \/>\n140 00 Praga 4<\/p>\n<p>Numer telefonu: <a href=\"tel:+420241492651\">+420 241 492 651<\/a><br \/>\nE-mail: <a href=\"mailto:medistyl@medistyl.cz\">medistyl@medistyl.cz<\/a><br \/>\nElektroniczna skrzynka podawcza: rnnk2kp<\/p>\n<h3>Dane do faktury:<\/h3>\n<p>I\u010cO [REGON]: 41692497<br \/>\nDI\u010c [NIP]: CZ41692497<\/p>\n<p>Firma zapisana w rejestrze handlowym przy S\u0105dzie Okr\u0119gowym w Pradze, sekcja C sygn. akt 3216.<\/p>\n<p>&nbsp;<\/p>\n","protected":false},"excerpt":{"rendered":"<p>MEDISTYL, spol. s r.o. Michelsk\u00e1 18\/12a 140 00 Praga 4 Numer telefonu: +420 241 492 651 E-mail: medistyl@medistyl.cz Elektroniczna skrzynka podawcza: rnnk2kp Dane do faktury: I\u010cO [REGON]: 41692497 DI\u010c [NIP]: CZ41692497 Firma zapisana w rejestrze handlowym przy S\u0105dzie Okr\u0119gowym w Pradze, sekcja C sygn. akt 3216. &nbsp;<\/p>\n","protected":false},"author":1,"featured_media":0,"parent":0,"menu_order":1,"comment_status":"closed","ping_status":"closed","template":"page-kontakt.php","meta":{"_acf_changed":false,"inline_featured_image":false,"footnotes":""},"class_list":["post-1326","page","type-page","status-publish","hentry"],"acf":[],"yoast_head":"<!-- This site is optimized with the Yoast SEO plugin v26.6 - https:\/\/yoast.com\/wordpress\/plugins\/seo\/ -->\n<title>Kontakt - MEDISTYL<\/title>\n<meta name=\"robots\" content=\"index, follow, max-snippet:-1, max-image-preview:large, max-video-preview:-1\" \/>\n<link rel=\"canonical\" href=\"https:\/\/www.medistyl.cz\/pl\/kontakt\/\" \/>\n<meta property=\"og:locale\" content=\"pl_PL\" \/>\n<meta property=\"og:type\" content=\"article\" \/>\n<meta property=\"og:title\" content=\"Kontakt - MEDISTYL\" \/>\n<meta property=\"og:description\" content=\"MEDISTYL, spol. s r.o. Michelsk\u00e1 18\/12a 140 00 Praga 4 Numer telefonu: +420 241 492 651 E-mail: medistyl@medistyl.cz Elektroniczna skrzynka podawcza: rnnk2kp Dane do faktury: I\u010cO [REGON]: 41692497 DI\u010c [NIP]: CZ41692497 Firma zapisana w rejestrze handlowym przy S\u0105dzie Okr\u0119gowym w Pradze, sekcja C sygn. akt 3216. &nbsp;\" \/>\n<meta property=\"og:url\" content=\"https:\/\/www.medistyl.cz\/pl\/kontakt\/\" \/>\n<meta property=\"og:site_name\" content=\"MEDISTYL\" \/>\n<meta property=\"article:modified_time\" content=\"2023-03-07T15:45:37+00:00\" \/>\n<meta property=\"og:image\" content=\"https:\/\/www.medistyl.cz\/wp-content\/uploads\/medistyl.png\" \/>\n\t<meta property=\"og:image:width\" content=\"1000\" \/>\n\t<meta property=\"og:image:height\" content=\"1000\" \/>\n\t<meta property=\"og:image:type\" content=\"image\/png\" \/>\n<meta name=\"twitter:card\" content=\"summary_large_image\" \/>\n<meta name=\"twitter:label1\" content=\"Szacowany czas czytania\" \/>\n\t<meta name=\"twitter:data1\" content=\"1 minuta\" \/>\n<script type=\"application\/ld+json\" class=\"yoast-schema-graph\">{\"@context\":\"https:\/\/schema.org\",\"@graph\":[{\"@type\":\"WebPage\",\"@id\":\"https:\/\/www.medistyl.cz\/pl\/kontakt\/\",\"url\":\"https:\/\/www.medistyl.cz\/pl\/kontakt\/\",\"name\":\"Kontakt - MEDISTYL\",\"isPartOf\":{\"@id\":\"https:\/\/www.medistyl.cz\/pl\/#website\"},\"datePublished\":\"2021-11-13T00:41:19+00:00\",\"dateModified\":\"2023-03-07T15:45:37+00:00\",\"breadcrumb\":{\"@id\":\"https:\/\/www.medistyl.cz\/pl\/kontakt\/#breadcrumb\"},\"inLanguage\":\"pl-PL\",\"potentialAction\":[{\"@type\":\"ReadAction\",\"target\":[\"https:\/\/www.medistyl.cz\/pl\/kontakt\/\"]}]},{\"@type\":\"BreadcrumbList\",\"@id\":\"https:\/\/www.medistyl.cz\/pl\/kontakt\/#breadcrumb\",\"itemListElement\":[{\"@type\":\"ListItem\",\"position\":1,\"name\":\"Dom\u016f\",\"item\":\"https:\/\/www.medistyl.cz\/pl\/\"},{\"@type\":\"ListItem\",\"position\":2,\"name\":\"Kontakt\"}]},{\"@type\":\"WebSite\",\"@id\":\"https:\/\/www.medistyl.cz\/pl\/#website\",\"url\":\"https:\/\/www.medistyl.cz\/pl\/\",\"name\":\"MEDISTYL\",\"description\":\"MEDISTYL\",\"potentialAction\":[{\"@type\":\"SearchAction\",\"target\":{\"@type\":\"EntryPoint\",\"urlTemplate\":\"https:\/\/www.medistyl.cz\/pl\/?s={search_term_string}\"},\"query-input\":{\"@type\":\"PropertyValueSpecification\",\"valueRequired\":true,\"valueName\":\"search_term_string\"}}],\"inLanguage\":\"pl-PL\"}]}<\/script>\n<!-- \/ Yoast SEO plugin. -->","yoast_head_json":{"title":"Kontakt - MEDISTYL","robots":{"index":"index","follow":"follow","max-snippet":"max-snippet:-1","max-image-preview":"max-image-preview:large","max-video-preview":"max-video-preview:-1"},"canonical":"https:\/\/www.medistyl.cz\/pl\/kontakt\/","og_locale":"pl_PL","og_type":"article","og_title":"Kontakt - MEDISTYL","og_description":"MEDISTYL, spol. s r.o. Michelsk\u00e1 18\/12a 140 00 Praga 4 Numer telefonu: +420 241 492 651 E-mail: medistyl@medistyl.cz Elektroniczna skrzynka podawcza: rnnk2kp Dane do faktury: I\u010cO [REGON]: 41692497 DI\u010c [NIP]: CZ41692497 Firma zapisana w rejestrze handlowym przy S\u0105dzie Okr\u0119gowym w Pradze, sekcja C sygn. akt 3216. &nbsp;","og_url":"https:\/\/www.medistyl.cz\/pl\/kontakt\/","og_site_name":"MEDISTYL","article_modified_time":"2023-03-07T15:45:37+00:00","og_image":[{"width":1000,"height":1000,"url":"https:\/\/www.medistyl.cz\/wp-content\/uploads\/medistyl.png","type":"image\/png"}],"twitter_card":"summary_large_image","twitter_misc":{"Szacowany czas czytania":"1 minuta"},"schema":{"@context":"https:\/\/schema.org","@graph":[{"@type":"WebPage","@id":"https:\/\/www.medistyl.cz\/pl\/kontakt\/","url":"https:\/\/www.medistyl.cz\/pl\/kontakt\/","name":"Kontakt - MEDISTYL","isPartOf":{"@id":"https:\/\/www.medistyl.cz\/pl\/#website"},"datePublished":"2021-11-13T00:41:19+00:00","dateModified":"2023-03-07T15:45:37+00:00","breadcrumb":{"@id":"https:\/\/www.medistyl.cz\/pl\/kontakt\/#breadcrumb"},"inLanguage":"pl-PL","potentialAction":[{"@type":"ReadAction","target":["https:\/\/www.medistyl.cz\/pl\/kontakt\/"]}]},{"@type":"BreadcrumbList","@id":"https:\/\/www.medistyl.cz\/pl\/kontakt\/#breadcrumb","itemListElement":[{"@type":"ListItem","position":1,"name":"Dom\u016f","item":"https:\/\/www.medistyl.cz\/pl\/"},{"@type":"ListItem","position":2,"name":"Kontakt"}]},{"@type":"WebSite","@id":"https:\/\/www.medistyl.cz\/pl\/#website","url":"https:\/\/www.medistyl.cz\/pl\/","name":"MEDISTYL","description":"MEDISTYL","potentialAction":[{"@type":"SearchAction","target":{"@type":"EntryPoint","urlTemplate":"https:\/\/www.medistyl.cz\/pl\/?s={search_term_string}"},"query-input":{"@type":"PropertyValueSpecification","valueRequired":true,"valueName":"search_term_string"}}],"inLanguage":"pl-PL"}]}},"_links":{"self":[{"href":"https:\/\/www.medistyl.cz\/pl\/wp-json\/wp\/v2\/pages\/1326","targetHints":{"allow":["GET"]}}],"collection":[{"href":"https:\/\/www.medistyl.cz\/pl\/wp-json\/wp\/v2\/pages"}],"about":[{"href":"https:\/\/www.medistyl.cz\/pl\/wp-json\/wp\/v2\/types\/page"}],"author":[{"embeddable":true,"href":"https:\/\/www.medistyl.cz\/pl\/wp-json\/wp\/v2\/users\/1"}],"replies":[{"embeddable":true,"href":"https:\/\/www.medistyl.cz\/pl\/wp-json\/wp\/v2\/comments?post=1326"}],"version-history":[{"count":0,"href":"https:\/\/www.medistyl.cz\/pl\/wp-json\/wp\/v2\/pages\/1326\/revisions"}],"wp:attachment":[{"href":"https:\/\/www.medistyl.cz\/pl\/wp-json\/wp\/v2\/media?parent=1326"}],"curies":[{"name":"wp","href":"https:\/\/api.w.org\/{rel}","templated":true}]}}