{"id":1328,"date":"2021-11-13T01:41:34","date_gmt":"2021-11-13T00:41:34","guid":{"rendered":"https:\/\/www.medistyl.cz\/chemia\/"},"modified":"2024-11-14T14:55:19","modified_gmt":"2024-11-14T13:55:19","slug":"chemia","status":"publish","type":"page","link":"https:\/\/www.medistyl.cz\/pl\/chemia\/","title":{"rendered":"Chemia"},"content":{"rendered":"<p>Od 30 lat jeste\u015bmy silnym i wiarygodnym partnerem w bran\u017cy us\u0142ug doradczych w zakresie czeskiego i europejskiego prawodawstwa chemicznego oraz kwestii niebezpiecznych chemikali\u00f3w i mieszanin. Od roku 2013 firma Medistyl s r.o., jest cz\u0142onkiem <a href=\"https:\/\/www.schp.cz\/\">Stowarzyszenia Przemys\u0142u Chemicznego Republiki Czeskiej<\/a>, a w roku 2024 uzyska\u0142a tytul <a href=\"https:\/\/www.responsiblecare.cz\/\">RESPONSIBLE CARE<\/a>. Certyfikat i kwestionariusz samooceny Medistyl s r.o. za rok 2024 dost\u0119pny jest <a href=\"https:\/\/www.medistyl.cz\/wp-content\/uploads\/Certificate_Responsible-Care_Medistyl_2024_10_ENG.pdf\">tutaj<\/a>.<\/p>\n<h2>Portfolio us\u0142ug<\/h2>\n<p>Portfolio naszych us\u0142ug koncentruje si\u0119 na doradztwie w zakresie niebezpiecznych chemikali\u00f3w i mieszanin, detergent\u00f3w, preparat\u00f3w biocydnych, a tak\u017ce zagadnie\u0144, takich jak POPs, PIC, RoHS itp. Obecnie rozszerzamy nasz\u0105 dzia\u0142alno\u015b\u0107 doradcz\u0105 o kosmetyki i wyroby tytoniowe (wk\u0142ady do papieros\u00f3w elektronicznych, woreczki nikotynowe) w odpowiedzi na obecne potrzeby naszych klient\u00f3w. Prawodawstwo stale ewoluuje, jego poszczeg\u00f3lne obszary s\u0105 ze sob\u0105 powi\u0105zane, a my chcemy si\u0119 rozwija\u0107 i stale i\u015b\u0107 naprz\u00f3d wraz z naszymi klientami i ich potrzebami. Naszym celem jest profesjonalne podej\u015bcie do ka\u017cdego problemu i wysoki standard wszystkich oferowanych przez nas us\u0142ug.<\/p>\n<p>Kolejnym wa\u017cnym elementem naszego portfolio jest przetwarzanie, przegl\u0105d i\u00a0t\u0142umaczenie\u00a0<a href=\"\/pl\/wydarzenia-specjalistyczne\/karty-charakterystyki\/\">kart charakterystyki<\/a> oraz etykiet zgodnie z obowi\u0105zuj\u0105cymi przepisami, w szczeg\u00f3lno\u015bci z rozporz\u0105dzeniami REACH i CLP. Z przyjemno\u015bci\u0105 spotykamy si\u0119 z naszymi klientami r\u00f3wnie\u017c osobi\u015bcie podczas <a href=\"\/pl\/wydarzenia-specjalistyczne\/\">specjalistycznych seminari i szkole\u0144<\/a>\u2013 czy to klasycznych, czy dostosowanych do indywidualnych naszych klient\u00f3w, dla kt\u00f3rych mamy nadziej\u0119\u00a0 s\u0105 one cennym \u017ar\u00f3d\u0142em wiedzy i informacji.<\/p>\n<h2>Specjalistyczne systemy i aplikacje<\/h2>\n<p>Nasz\u0105 wiedz\u0119 przenosimy r\u00f3wnie\u017c\u00a0do cyfrowego \u015bwiata informacji. Jeste\u015bmy dumnymi tw\u00f3rcami bazy niebezpiecznych chemikali\u00f3w\u00a0<a href=\"\/pl\/chemia\/baza-danych\/medis-alarm\/\">MEDIS-ALARM<\/a>, aplikacji internetowej\u00a0<a href=\"\/pl\/chemia\/baza-danych\/classific\/\">CLASSIFIC<\/a>\u00a0i wsp\u00f3\u0142autorami program\u00f3w\u00a0<a href=\"https:\/\/www.medistyl.cz\/pl\/chemia\/baza-danych\/adrem\/\">ADRem<\/a>\/<a href=\"https:\/\/www.medistyl.cz\/pl\/chemia\/baza-danych\/ridem\/\">RIDem<\/a>. Jednocze\u015bnie jeste\u015bmy przedstawicielami handlowymi sieci informacji naukowo-technicznej <a href=\"\/pl\/badania\/\">STN International<\/a> dla Europy \u015arodkowej. Mamy dost\u0119p do\u00a0ponad 100 baz danych obejmuj\u0105cych literatur\u0119 naukow\u0105 z ca\u0142ego \u015bwiata w dziedzinie medycyny, farmacji, chemii i patent\u00f3w.\u00a0Z zakresu chemii s\u0105 to np. bazy danych Chemical Abstracts, RTECS, SciSearch, ReaxysFile, Analytical Abstracts i wiele innych. Naszym klientom oferujemy nie tylko opracowanie <a href=\"https:\/\/www.medistyl.cz\/pl\/badania\/\">bada\u0144<\/a> (jednorazowe, patentowe, tzw. raport\u00f3w z bada\u0144), lecz tak\u017ce regularne monitorowanie baz danych pod k\u0105tem wybranego zagadnienia. Jeste\u015bmy ekspertami w \u015bwiecie informacji. Z nami zawsze b\u0119dziesz mie\u0107 doskona\u0142y przegl\u0105d aktualnych informacji i b\u0119dziesz o krok naprz\u00f3d przed konkurencj\u0105.<\/p>\n","protected":false},"excerpt":{"rendered":"<p>Od 30 lat jeste\u015bmy silnym i wiarygodnym partnerem w bran\u017cy us\u0142ug doradczych w zakresie czeskiego i europejskiego prawodawstwa chemicznego oraz kwestii niebezpiecznych chemikali\u00f3w i mieszanin. Od roku 2013 firma Medistyl s r.o., jest cz\u0142onkiem Stowarzyszenia Przemys\u0142u Chemicznego Republiki Czeskiej, a w roku 2024 uzyska\u0142a tytul RESPONSIBLE CARE. Certyfikat i kwestionariusz samooceny Medistyl s r.o. za <\/p>\n","protected":false},"author":1,"featured_media":0,"parent":0,"menu_order":10,"comment_status":"closed","ping_status":"closed","template":"","meta":{"_acf_changed":false,"inline_featured_image":false,"footnotes":""},"class_list":["post-1328","page","type-page","status-publish","hentry"],"acf":[],"yoast_head":"<!-- This site is optimized with the Yoast SEO plugin v26.6 - https:\/\/yoast.com\/wordpress\/plugins\/seo\/ -->\n<title>Chemia - MEDISTYL<\/title>\n<meta name=\"robots\" content=\"index, follow, max-snippet:-1, max-image-preview:large, max-video-preview:-1\" \/>\n<link rel=\"canonical\" href=\"https:\/\/www.medistyl.cz\/pl\/chemia\/\" \/>\n<meta property=\"og:locale\" content=\"pl_PL\" \/>\n<meta property=\"og:type\" content=\"article\" \/>\n<meta property=\"og:title\" content=\"Chemia - MEDISTYL\" \/>\n<meta property=\"og:description\" content=\"Od 30 lat jeste\u015bmy silnym i wiarygodnym partnerem w bran\u017cy us\u0142ug doradczych w zakresie czeskiego i europejskiego prawodawstwa chemicznego oraz kwestii niebezpiecznych chemikali\u00f3w i mieszanin. Od roku 2013 firma Medistyl s r.o., jest cz\u0142onkiem Stowarzyszenia Przemys\u0142u Chemicznego Republiki Czeskiej, a w roku 2024 uzyska\u0142a tytul RESPONSIBLE CARE. Certyfikat i kwestionariusz samooceny Medistyl s r.o. za\" \/>\n<meta property=\"og:url\" content=\"https:\/\/www.medistyl.cz\/pl\/chemia\/\" \/>\n<meta property=\"og:site_name\" content=\"MEDISTYL\" \/>\n<meta property=\"article:modified_time\" content=\"2024-11-14T13:55:19+00:00\" \/>\n<meta property=\"og:image\" content=\"https:\/\/www.medistyl.cz\/wp-content\/uploads\/medistyl.png\" \/>\n\t<meta property=\"og:image:width\" content=\"1000\" \/>\n\t<meta property=\"og:image:height\" content=\"1000\" \/>\n\t<meta property=\"og:image:type\" content=\"image\/png\" \/>\n<meta name=\"twitter:card\" content=\"summary_large_image\" \/>\n<meta name=\"twitter:label1\" content=\"Szacowany czas czytania\" \/>\n\t<meta name=\"twitter:data1\" content=\"2 minuty\" \/>\n<script type=\"application\/ld+json\" class=\"yoast-schema-graph\">{\"@context\":\"https:\/\/schema.org\",\"@graph\":[{\"@type\":\"WebPage\",\"@id\":\"https:\/\/www.medistyl.cz\/pl\/chemia\/\",\"url\":\"https:\/\/www.medistyl.cz\/pl\/chemia\/\",\"name\":\"Chemia - MEDISTYL\",\"isPartOf\":{\"@id\":\"https:\/\/www.medistyl.cz\/pl\/#website\"},\"datePublished\":\"2021-11-13T00:41:34+00:00\",\"dateModified\":\"2024-11-14T13:55:19+00:00\",\"breadcrumb\":{\"@id\":\"https:\/\/www.medistyl.cz\/pl\/chemia\/#breadcrumb\"},\"inLanguage\":\"pl-PL\",\"potentialAction\":[{\"@type\":\"ReadAction\",\"target\":[\"https:\/\/www.medistyl.cz\/pl\/chemia\/\"]}]},{\"@type\":\"BreadcrumbList\",\"@id\":\"https:\/\/www.medistyl.cz\/pl\/chemia\/#breadcrumb\",\"itemListElement\":[{\"@type\":\"ListItem\",\"position\":1,\"name\":\"Dom\u016f\",\"item\":\"https:\/\/www.medistyl.cz\/pl\/\"},{\"@type\":\"ListItem\",\"position\":2,\"name\":\"Chemia\"}]},{\"@type\":\"WebSite\",\"@id\":\"https:\/\/www.medistyl.cz\/pl\/#website\",\"url\":\"https:\/\/www.medistyl.cz\/pl\/\",\"name\":\"MEDISTYL\",\"description\":\"MEDISTYL\",\"potentialAction\":[{\"@type\":\"SearchAction\",\"target\":{\"@type\":\"EntryPoint\",\"urlTemplate\":\"https:\/\/www.medistyl.cz\/pl\/?s={search_term_string}\"},\"query-input\":{\"@type\":\"PropertyValueSpecification\",\"valueRequired\":true,\"valueName\":\"search_term_string\"}}],\"inLanguage\":\"pl-PL\"}]}<\/script>\n<!-- \/ Yoast SEO plugin. -->","yoast_head_json":{"title":"Chemia - MEDISTYL","robots":{"index":"index","follow":"follow","max-snippet":"max-snippet:-1","max-image-preview":"max-image-preview:large","max-video-preview":"max-video-preview:-1"},"canonical":"https:\/\/www.medistyl.cz\/pl\/chemia\/","og_locale":"pl_PL","og_type":"article","og_title":"Chemia - MEDISTYL","og_description":"Od 30 lat jeste\u015bmy silnym i wiarygodnym partnerem w bran\u017cy us\u0142ug doradczych w zakresie czeskiego i europejskiego prawodawstwa chemicznego oraz kwestii niebezpiecznych chemikali\u00f3w i mieszanin. Od roku 2013 firma Medistyl s r.o., jest cz\u0142onkiem Stowarzyszenia Przemys\u0142u Chemicznego Republiki Czeskiej, a w roku 2024 uzyska\u0142a tytul RESPONSIBLE CARE. Certyfikat i kwestionariusz samooceny Medistyl s r.o. za","og_url":"https:\/\/www.medistyl.cz\/pl\/chemia\/","og_site_name":"MEDISTYL","article_modified_time":"2024-11-14T13:55:19+00:00","og_image":[{"width":1000,"height":1000,"url":"https:\/\/www.medistyl.cz\/wp-content\/uploads\/medistyl.png","type":"image\/png"}],"twitter_card":"summary_large_image","twitter_misc":{"Szacowany czas czytania":"2 minuty"},"schema":{"@context":"https:\/\/schema.org","@graph":[{"@type":"WebPage","@id":"https:\/\/www.medistyl.cz\/pl\/chemia\/","url":"https:\/\/www.medistyl.cz\/pl\/chemia\/","name":"Chemia - MEDISTYL","isPartOf":{"@id":"https:\/\/www.medistyl.cz\/pl\/#website"},"datePublished":"2021-11-13T00:41:34+00:00","dateModified":"2024-11-14T13:55:19+00:00","breadcrumb":{"@id":"https:\/\/www.medistyl.cz\/pl\/chemia\/#breadcrumb"},"inLanguage":"pl-PL","potentialAction":[{"@type":"ReadAction","target":["https:\/\/www.medistyl.cz\/pl\/chemia\/"]}]},{"@type":"BreadcrumbList","@id":"https:\/\/www.medistyl.cz\/pl\/chemia\/#breadcrumb","itemListElement":[{"@type":"ListItem","position":1,"name":"Dom\u016f","item":"https:\/\/www.medistyl.cz\/pl\/"},{"@type":"ListItem","position":2,"name":"Chemia"}]},{"@type":"WebSite","@id":"https:\/\/www.medistyl.cz\/pl\/#website","url":"https:\/\/www.medistyl.cz\/pl\/","name":"MEDISTYL","description":"MEDISTYL","potentialAction":[{"@type":"SearchAction","target":{"@type":"EntryPoint","urlTemplate":"https:\/\/www.medistyl.cz\/pl\/?s={search_term_string}"},"query-input":{"@type":"PropertyValueSpecification","valueRequired":true,"valueName":"search_term_string"}}],"inLanguage":"pl-PL"}]}},"_links":{"self":[{"href":"https:\/\/www.medistyl.cz\/pl\/wp-json\/wp\/v2\/pages\/1328","targetHints":{"allow":["GET"]}}],"collection":[{"href":"https:\/\/www.medistyl.cz\/pl\/wp-json\/wp\/v2\/pages"}],"about":[{"href":"https:\/\/www.medistyl.cz\/pl\/wp-json\/wp\/v2\/types\/page"}],"author":[{"embeddable":true,"href":"https:\/\/www.medistyl.cz\/pl\/wp-json\/wp\/v2\/users\/1"}],"replies":[{"embeddable":true,"href":"https:\/\/www.medistyl.cz\/pl\/wp-json\/wp\/v2\/comments?post=1328"}],"version-history":[{"count":0,"href":"https:\/\/www.medistyl.cz\/pl\/wp-json\/wp\/v2\/pages\/1328\/revisions"}],"wp:attachment":[{"href":"https:\/\/www.medistyl.cz\/pl\/wp-json\/wp\/v2\/media?parent=1328"}],"curies":[{"name":"wp","href":"https:\/\/api.w.org\/{rel}","templated":true}]}}