{"id":1329,"date":"2021-11-13T01:41:42","date_gmt":"2021-11-13T00:41:42","guid":{"rendered":"https:\/\/www.medistyl.cz\/monitoring-literatury-globalnej\/"},"modified":"2022-01-04T11:08:36","modified_gmt":"2022-01-04T10:08:36","slug":"monitoring-literatury-globalnej","status":"publish","type":"page","link":"https:\/\/www.medistyl.cz\/pl\/farmacja\/monitoring-literatury-globalnej\/","title":{"rendered":"Monitoring literatury globalnej"},"content":{"rendered":"<p>Jako jedyny przedstawiciel handlowy sieci informacyjno-technicznej <a href=\"https:\/\/www.stn-international.com\/\">STN<\/a> International nna Czechy, S\u0142owacj\u0119, Polsk\u0119 i W\u0119gry mamy dost\u0119p do wyj\u0105tkowych \u017ar\u00f3de\u0142 i informacj, umo\u017clwiaj\u0105cy przegl\u0105danie i ewaluacj\u0119 \u00a0literatury \u015bwiatowej. STN International obejmuje Medline\/PubMed, Embase, Chemical Abstracts, Biosis, SciSearch, DDFU\/Drugu, INPADOCDB, a tak\u017ce wiele innych unikatowych baz danych. Us\u0142ug\u0119 monitoringu w spos\u00f3b profesjonalny i przejrzysty \u00a0dostosujemy do wymaga\u0144 prawnych i Twoich potrzeb.<\/p>\n<p>Wyszukiwanie przebiega w rozlicznych bazach danych lub ich kombinacjach, zgodnie z Twoim wyborem i\/lub na podstawie rekomendacji naszych ekspert\u00f3w baz danych.<\/p>\n<h2>Monitoring\/\u015aledzenie literatury medycznej<\/h2>\n<ul>\n<li aria-level=\"1\">Monitorowanie literatury zgodnie z <a href=\"https:\/\/www.ema.europa.eu\/en\/human-regulatory\/post-authorisation\/pharmacovigilance\/good-pharmacovigilance-practices\">GVP<\/a><\/li>\n<li aria-level=\"1\">Regularne monitorowanie czasopism specjalistycznych (<a href=\"https:\/\/www.ema.europa.eu\/en\/human-regulatory\/post-authorisation\/pharmacovigilance\/medical-literature-monitoring\">MLM<\/a>)<\/li>\n<li aria-level=\"1\">Monitorowanie produkt\u00f3w leczniczych<\/li>\n<li aria-level=\"1\">Pszukiwanie pi\u015bmiennictwa na podstawie s\u0142\u00f3w kluczowych: dzia\u0142ania niepo\u017c\u0105dane, dzia\u0142ania niepo\u017c\u0105dane (AE, SAE, N\u00da, ADR, brak skuteczno\u015bci), kazuistyki (case reports), sytuacje szczeg\u00f3lne &#8211; zastosowanie poza wskazaniem, ci\u0105\u017ca, przeciwwskazania, reklamacje dot. produktu, zastosowanie niezgodne ze wskazaniem, uzale\u017cnienie, ,nara\u017cenie zawodowe, falsyfikaty, b\u0142\u0105d medyczny , counterfeit, medication error (off-label, ci\u0105\u017ca, przeciwwskazania, product complaints, misuse, abuse, occupational exposure, counterfeit, medication error, itd)<\/li>\n<\/ul>\n<h2>Powi\u0105zane us\u0142ugiz zakresu przeszukiwanie i analizy<\/h2>\n<ul>\n<li aria-level=\"1\"><a href=\"\/pl\/badania\/\">Regularne monitorovanie wybranych baz danych<\/a> w okre\u015blonych interwa\u0142ach czasowych (tygodniowych, miesi\u0119cznych, kwartalnych itd.)<\/li>\n<li aria-level=\"1\"><a href=\"\/pl\/badania\/badania-na-wybrane-tematy\/\">Jednorazowe badania na wybrany przez Ciebie temat<\/a><\/li>\n<li aria-level=\"1\"><a href=\"\/pl\/badania\/badania-patentowe\/\">Retrospektywny przegl\u0105d pi\u015bmiennictwa i patent\u00f3w<\/a><\/li>\n<li aria-level=\"1\">Materia\u0142y do opracowania podstawowej dokumentacji systemu nadzoru nad bezpiecze\u0144stwem farmakoterapii: Pharmacovigilance System Master File (PSMF)<\/li>\n<li aria-level=\"1\">Dokumentacja do Okresowego Raportu o Bezpiecze\u0144stwie Produktu Leczniczego: Periodic Safety Update Report (PSUR)<\/li>\n<li aria-level=\"1\">Analizy danych, komentarze, opracowania specjalistyczne itd. Wszystko to zgodnie z Twoimi wymaganiami<\/li>\n<li aria-level=\"1\">Na podstawie wybranych dokument\u00f3w wyszukiwanie podobnych informacji w naukowych bazach danych w celu kompleksowego przegl\u0105d wybranych zagadnie\u0144<\/li>\n<\/ul>\n","protected":false},"excerpt":{"rendered":"<p>Jako jedyny przedstawiciel handlowy sieci informacyjno-technicznej STN International nna Czechy, S\u0142owacj\u0119, Polsk\u0119 i W\u0119gry mamy dost\u0119p do wyj\u0105tkowych \u017ar\u00f3de\u0142 i informacj, umo\u017clwiaj\u0105cy przegl\u0105danie i ewaluacj\u0119 \u00a0literatury \u015bwiatowej. STN International obejmuje Medline\/PubMed, Embase, Chemical Abstracts, Biosis, SciSearch, DDFU\/Drugu, INPADOCDB, a tak\u017ce wiele innych unikatowych baz danych. Us\u0142ug\u0119 monitoringu w spos\u00f3b profesjonalny i przejrzysty \u00a0dostosujemy do wymaga\u0144 <\/p>\n","protected":false},"author":1,"featured_media":0,"parent":1339,"menu_order":0,"comment_status":"closed","ping_status":"closed","template":"","meta":{"_acf_changed":false,"inline_featured_image":false,"footnotes":""},"class_list":["post-1329","page","type-page","status-publish","hentry"],"acf":[],"yoast_head":"<!-- This site is optimized with the Yoast SEO plugin v26.6 - https:\/\/yoast.com\/wordpress\/plugins\/seo\/ -->\n<title>Monitoring literatury globalnej - MEDISTYL<\/title>\n<meta name=\"robots\" content=\"index, follow, max-snippet:-1, max-image-preview:large, max-video-preview:-1\" \/>\n<link rel=\"canonical\" href=\"https:\/\/www.medistyl.cz\/pl\/farmacja\/monitoring-literatury-globalnej\/\" \/>\n<meta property=\"og:locale\" content=\"pl_PL\" \/>\n<meta property=\"og:type\" content=\"article\" \/>\n<meta property=\"og:title\" content=\"Monitoring literatury globalnej - MEDISTYL\" \/>\n<meta property=\"og:description\" content=\"Jako jedyny przedstawiciel handlowy sieci informacyjno-technicznej STN International nna Czechy, S\u0142owacj\u0119, Polsk\u0119 i W\u0119gry mamy dost\u0119p do wyj\u0105tkowych \u017ar\u00f3de\u0142 i informacj, umo\u017clwiaj\u0105cy przegl\u0105danie i ewaluacj\u0119 \u00a0literatury \u015bwiatowej. STN International obejmuje Medline\/PubMed, Embase, Chemical Abstracts, Biosis, SciSearch, DDFU\/Drugu, INPADOCDB, a tak\u017ce wiele innych unikatowych baz danych. Us\u0142ug\u0119 monitoringu w spos\u00f3b profesjonalny i przejrzysty \u00a0dostosujemy do wymaga\u0144\" \/>\n<meta property=\"og:url\" content=\"https:\/\/www.medistyl.cz\/pl\/farmacja\/monitoring-literatury-globalnej\/\" \/>\n<meta property=\"og:site_name\" content=\"MEDISTYL\" \/>\n<meta property=\"article:modified_time\" content=\"2022-01-04T10:08:36+00:00\" \/>\n<meta property=\"og:image\" content=\"https:\/\/www.medistyl.cz\/wp-content\/uploads\/medistyl.png\" \/>\n\t<meta property=\"og:image:width\" content=\"1000\" \/>\n\t<meta property=\"og:image:height\" content=\"1000\" \/>\n\t<meta property=\"og:image:type\" content=\"image\/png\" \/>\n<meta name=\"twitter:card\" content=\"summary_large_image\" \/>\n<meta name=\"twitter:label1\" content=\"Szacowany czas czytania\" \/>\n\t<meta name=\"twitter:data1\" content=\"2 minuty\" \/>\n<script type=\"application\/ld+json\" class=\"yoast-schema-graph\">{\"@context\":\"https:\/\/schema.org\",\"@graph\":[{\"@type\":\"WebPage\",\"@id\":\"https:\/\/www.medistyl.cz\/pl\/farmacja\/monitoring-literatury-globalnej\/\",\"url\":\"https:\/\/www.medistyl.cz\/pl\/farmacja\/monitoring-literatury-globalnej\/\",\"name\":\"Monitoring literatury globalnej - MEDISTYL\",\"isPartOf\":{\"@id\":\"https:\/\/www.medistyl.cz\/pl\/#website\"},\"datePublished\":\"2021-11-13T00:41:42+00:00\",\"dateModified\":\"2022-01-04T10:08:36+00:00\",\"breadcrumb\":{\"@id\":\"https:\/\/www.medistyl.cz\/pl\/farmacja\/monitoring-literatury-globalnej\/#breadcrumb\"},\"inLanguage\":\"pl-PL\",\"potentialAction\":[{\"@type\":\"ReadAction\",\"target\":[\"https:\/\/www.medistyl.cz\/pl\/farmacja\/monitoring-literatury-globalnej\/\"]}]},{\"@type\":\"BreadcrumbList\",\"@id\":\"https:\/\/www.medistyl.cz\/pl\/farmacja\/monitoring-literatury-globalnej\/#breadcrumb\",\"itemListElement\":[{\"@type\":\"ListItem\",\"position\":1,\"name\":\"Dom\u016f\",\"item\":\"https:\/\/www.medistyl.cz\/pl\/\"},{\"@type\":\"ListItem\",\"position\":2,\"name\":\"Farmacja\",\"item\":\"https:\/\/www.medistyl.cz\/pl\/farmacja\/\"},{\"@type\":\"ListItem\",\"position\":3,\"name\":\"Monitoring literatury globalnej\"}]},{\"@type\":\"WebSite\",\"@id\":\"https:\/\/www.medistyl.cz\/pl\/#website\",\"url\":\"https:\/\/www.medistyl.cz\/pl\/\",\"name\":\"MEDISTYL\",\"description\":\"MEDISTYL\",\"potentialAction\":[{\"@type\":\"SearchAction\",\"target\":{\"@type\":\"EntryPoint\",\"urlTemplate\":\"https:\/\/www.medistyl.cz\/pl\/?s={search_term_string}\"},\"query-input\":{\"@type\":\"PropertyValueSpecification\",\"valueRequired\":true,\"valueName\":\"search_term_string\"}}],\"inLanguage\":\"pl-PL\"}]}<\/script>\n<!-- \/ Yoast SEO plugin. -->","yoast_head_json":{"title":"Monitoring literatury globalnej - MEDISTYL","robots":{"index":"index","follow":"follow","max-snippet":"max-snippet:-1","max-image-preview":"max-image-preview:large","max-video-preview":"max-video-preview:-1"},"canonical":"https:\/\/www.medistyl.cz\/pl\/farmacja\/monitoring-literatury-globalnej\/","og_locale":"pl_PL","og_type":"article","og_title":"Monitoring literatury globalnej - MEDISTYL","og_description":"Jako jedyny przedstawiciel handlowy sieci informacyjno-technicznej STN International nna Czechy, S\u0142owacj\u0119, Polsk\u0119 i W\u0119gry mamy dost\u0119p do wyj\u0105tkowych \u017ar\u00f3de\u0142 i informacj, umo\u017clwiaj\u0105cy przegl\u0105danie i ewaluacj\u0119 \u00a0literatury \u015bwiatowej. STN International obejmuje Medline\/PubMed, Embase, Chemical Abstracts, Biosis, SciSearch, DDFU\/Drugu, INPADOCDB, a tak\u017ce wiele innych unikatowych baz danych. Us\u0142ug\u0119 monitoringu w spos\u00f3b profesjonalny i przejrzysty \u00a0dostosujemy do wymaga\u0144","og_url":"https:\/\/www.medistyl.cz\/pl\/farmacja\/monitoring-literatury-globalnej\/","og_site_name":"MEDISTYL","article_modified_time":"2022-01-04T10:08:36+00:00","og_image":[{"width":1000,"height":1000,"url":"https:\/\/www.medistyl.cz\/wp-content\/uploads\/medistyl.png","type":"image\/png"}],"twitter_card":"summary_large_image","twitter_misc":{"Szacowany czas czytania":"2 minuty"},"schema":{"@context":"https:\/\/schema.org","@graph":[{"@type":"WebPage","@id":"https:\/\/www.medistyl.cz\/pl\/farmacja\/monitoring-literatury-globalnej\/","url":"https:\/\/www.medistyl.cz\/pl\/farmacja\/monitoring-literatury-globalnej\/","name":"Monitoring literatury globalnej - MEDISTYL","isPartOf":{"@id":"https:\/\/www.medistyl.cz\/pl\/#website"},"datePublished":"2021-11-13T00:41:42+00:00","dateModified":"2022-01-04T10:08:36+00:00","breadcrumb":{"@id":"https:\/\/www.medistyl.cz\/pl\/farmacja\/monitoring-literatury-globalnej\/#breadcrumb"},"inLanguage":"pl-PL","potentialAction":[{"@type":"ReadAction","target":["https:\/\/www.medistyl.cz\/pl\/farmacja\/monitoring-literatury-globalnej\/"]}]},{"@type":"BreadcrumbList","@id":"https:\/\/www.medistyl.cz\/pl\/farmacja\/monitoring-literatury-globalnej\/#breadcrumb","itemListElement":[{"@type":"ListItem","position":1,"name":"Dom\u016f","item":"https:\/\/www.medistyl.cz\/pl\/"},{"@type":"ListItem","position":2,"name":"Farmacja","item":"https:\/\/www.medistyl.cz\/pl\/farmacja\/"},{"@type":"ListItem","position":3,"name":"Monitoring literatury globalnej"}]},{"@type":"WebSite","@id":"https:\/\/www.medistyl.cz\/pl\/#website","url":"https:\/\/www.medistyl.cz\/pl\/","name":"MEDISTYL","description":"MEDISTYL","potentialAction":[{"@type":"SearchAction","target":{"@type":"EntryPoint","urlTemplate":"https:\/\/www.medistyl.cz\/pl\/?s={search_term_string}"},"query-input":{"@type":"PropertyValueSpecification","valueRequired":true,"valueName":"search_term_string"}}],"inLanguage":"pl-PL"}]}},"_links":{"self":[{"href":"https:\/\/www.medistyl.cz\/pl\/wp-json\/wp\/v2\/pages\/1329","targetHints":{"allow":["GET"]}}],"collection":[{"href":"https:\/\/www.medistyl.cz\/pl\/wp-json\/wp\/v2\/pages"}],"about":[{"href":"https:\/\/www.medistyl.cz\/pl\/wp-json\/wp\/v2\/types\/page"}],"author":[{"embeddable":true,"href":"https:\/\/www.medistyl.cz\/pl\/wp-json\/wp\/v2\/users\/1"}],"replies":[{"embeddable":true,"href":"https:\/\/www.medistyl.cz\/pl\/wp-json\/wp\/v2\/comments?post=1329"}],"version-history":[{"count":0,"href":"https:\/\/www.medistyl.cz\/pl\/wp-json\/wp\/v2\/pages\/1329\/revisions"}],"up":[{"embeddable":true,"href":"https:\/\/www.medistyl.cz\/pl\/wp-json\/wp\/v2\/pages\/1339"}],"wp:attachment":[{"href":"https:\/\/www.medistyl.cz\/pl\/wp-json\/wp\/v2\/media?parent=1329"}],"curies":[{"name":"wp","href":"https:\/\/api.w.org\/{rel}","templated":true}]}}