{"id":1331,"date":"2021-11-13T01:41:59","date_gmt":"2021-11-13T00:41:59","guid":{"rendered":"https:\/\/www.medistyl.cz\/badania-patentowe\/"},"modified":"2022-01-04T00:53:45","modified_gmt":"2022-01-03T23:53:45","slug":"badania-patentowe","status":"publish","type":"page","link":"https:\/\/www.medistyl.cz\/pl\/badania\/badania-patentowe\/","title":{"rendered":"Badania patentowe"},"content":{"rendered":"<p>Naukowo-techniczna sie\u0107 STN International skupia w ramach jednej platformy najwi\u0119ksze i najwa\u017cniejsze patentowe bazy danych z warto\u015bci\u0105 dodan\u0105 i patentowe bazy danych , w tym patentowe bazy danych pierwszego poziomu. W\u0142a\u015bnie te bazy danych s\u0105 kluczowym \u017ar\u00f3d\u0142em informacji o zdolno\u015bci patentowej, stanie technologii, prawnym statusie patentu: innymi s\u0142owy informacji potrzebnych do podj\u0119cia prawid\u0142owych decyzji handlowych. Z przyjemno\u015bci\u0105 pomo\u017cemy Ci wybra\u0107 w\u0142a\u015bciw\u0105 baz\u0119 danych zapewniaj\u0105cy Ci najefektywniejszy rezultat.<\/p>\n<h2>Typy bada\u0144<\/h2>\n<ul>\n<li aria-level=\"1\">Jednorazowe badania retrospektywne z patentowych i niepatentowych baz danych\u00a0STN International<\/li>\n<li aria-level=\"1\">Regularne przegl\u0105dy (nowo\u015bci z ostatniego kwarta\u0142u, miesi\u0105ca lub z innego wybranego przez ciebie okresu)<\/li>\n<\/ul>\n<p>Informacje monitorowane w badaniach patentowych: badania o stanie technologii, bezpiecze\u0144stwie patentowym, zdolno\u015bci patentowej\/nowo\u015bciach, wyb\u00f3r najwa\u017cniejszych firm z bran\u017cy (konkurencji lub ewentualnych partner\u00f3w) i \u015bledzenie ich rozwoju.<\/p>\n<p>Dzi\u0119ki dost\u0119powi do sieci STN International mo\u017cemy opracowa\u0107 dla Ciebie kompleksowy przegl\u0105d obejmuj\u0105cy zar\u00f3wno \u00a0(multifile searching) niepatentowe bazy danychzorientowane na wszelkiej \u00a0dzia\u0142alno\u015bci cz\u0142owieka, jak i bazy danych ukierunkowane na literatur\u0119 patentow\u0105 (Derwent World Patents Index, INPADOCDB i inne). W ten spos\u00f3b mo\u017cna oszacowa\u0107 innowacj\u0119 poszczeg\u00f3lnych procedur i stan ich ochrony w poszczeg\u00f3lnych krajach oraz \u015bledzi\u0107 trendy rozwojowe w poszczeg\u00f3lnych dziedzinach i konkretnych firmach itp.<\/p>\n","protected":false},"excerpt":{"rendered":"<p>Naukowo-techniczna sie\u0107 STN International skupia w ramach jednej platformy najwi\u0119ksze i najwa\u017cniejsze patentowe bazy danych z warto\u015bci\u0105 dodan\u0105 i patentowe bazy danych , w tym patentowe bazy danych pierwszego poziomu. W\u0142a\u015bnie te bazy danych s\u0105 kluczowym \u017ar\u00f3d\u0142em informacji o zdolno\u015bci patentowej, stanie technologii, prawnym statusie patentu: innymi s\u0142owy informacji potrzebnych do podj\u0119cia prawid\u0142owych decyzji handlowych. <\/p>\n","protected":false},"author":1,"featured_media":0,"parent":1340,"menu_order":0,"comment_status":"closed","ping_status":"closed","template":"","meta":{"_acf_changed":false,"inline_featured_image":false,"footnotes":""},"class_list":["post-1331","page","type-page","status-publish","hentry"],"acf":[],"yoast_head":"<!-- This site is optimized with the Yoast SEO plugin v26.6 - https:\/\/yoast.com\/wordpress\/plugins\/seo\/ -->\n<title>Badania patentowe - MEDISTYL<\/title>\n<meta name=\"robots\" content=\"index, follow, max-snippet:-1, max-image-preview:large, max-video-preview:-1\" \/>\n<link rel=\"canonical\" href=\"https:\/\/www.medistyl.cz\/pl\/badania\/badania-patentowe\/\" \/>\n<meta property=\"og:locale\" content=\"pl_PL\" \/>\n<meta property=\"og:type\" content=\"article\" \/>\n<meta property=\"og:title\" content=\"Badania patentowe - MEDISTYL\" \/>\n<meta property=\"og:description\" content=\"Naukowo-techniczna sie\u0107 STN International skupia w ramach jednej platformy najwi\u0119ksze i najwa\u017cniejsze patentowe bazy danych z warto\u015bci\u0105 dodan\u0105 i patentowe bazy danych , w tym patentowe bazy danych pierwszego poziomu. W\u0142a\u015bnie te bazy danych s\u0105 kluczowym \u017ar\u00f3d\u0142em informacji o zdolno\u015bci patentowej, stanie technologii, prawnym statusie patentu: innymi s\u0142owy informacji potrzebnych do podj\u0119cia prawid\u0142owych decyzji handlowych.\" \/>\n<meta property=\"og:url\" content=\"https:\/\/www.medistyl.cz\/pl\/badania\/badania-patentowe\/\" \/>\n<meta property=\"og:site_name\" content=\"MEDISTYL\" \/>\n<meta property=\"article:modified_time\" content=\"2022-01-03T23:53:45+00:00\" \/>\n<meta property=\"og:image\" content=\"https:\/\/www.medistyl.cz\/wp-content\/uploads\/medistyl.png\" \/>\n\t<meta property=\"og:image:width\" content=\"1000\" \/>\n\t<meta property=\"og:image:height\" content=\"1000\" \/>\n\t<meta property=\"og:image:type\" content=\"image\/png\" \/>\n<meta name=\"twitter:card\" content=\"summary_large_image\" \/>\n<meta name=\"twitter:label1\" content=\"Szacowany czas czytania\" \/>\n\t<meta name=\"twitter:data1\" content=\"1 minuta\" \/>\n<script type=\"application\/ld+json\" class=\"yoast-schema-graph\">{\"@context\":\"https:\/\/schema.org\",\"@graph\":[{\"@type\":\"WebPage\",\"@id\":\"https:\/\/www.medistyl.cz\/pl\/badania\/badania-patentowe\/\",\"url\":\"https:\/\/www.medistyl.cz\/pl\/badania\/badania-patentowe\/\",\"name\":\"Badania patentowe - MEDISTYL\",\"isPartOf\":{\"@id\":\"https:\/\/www.medistyl.cz\/pl\/#website\"},\"datePublished\":\"2021-11-13T00:41:59+00:00\",\"dateModified\":\"2022-01-03T23:53:45+00:00\",\"breadcrumb\":{\"@id\":\"https:\/\/www.medistyl.cz\/pl\/badania\/badania-patentowe\/#breadcrumb\"},\"inLanguage\":\"pl-PL\",\"potentialAction\":[{\"@type\":\"ReadAction\",\"target\":[\"https:\/\/www.medistyl.cz\/pl\/badania\/badania-patentowe\/\"]}]},{\"@type\":\"BreadcrumbList\",\"@id\":\"https:\/\/www.medistyl.cz\/pl\/badania\/badania-patentowe\/#breadcrumb\",\"itemListElement\":[{\"@type\":\"ListItem\",\"position\":1,\"name\":\"Dom\u016f\",\"item\":\"https:\/\/www.medistyl.cz\/pl\/\"},{\"@type\":\"ListItem\",\"position\":2,\"name\":\"Przeszukiwanie baz danych\",\"item\":\"https:\/\/www.medistyl.cz\/pl\/badania\/\"},{\"@type\":\"ListItem\",\"position\":3,\"name\":\"Badania patentowe\"}]},{\"@type\":\"WebSite\",\"@id\":\"https:\/\/www.medistyl.cz\/pl\/#website\",\"url\":\"https:\/\/www.medistyl.cz\/pl\/\",\"name\":\"MEDISTYL\",\"description\":\"MEDISTYL\",\"potentialAction\":[{\"@type\":\"SearchAction\",\"target\":{\"@type\":\"EntryPoint\",\"urlTemplate\":\"https:\/\/www.medistyl.cz\/pl\/?s={search_term_string}\"},\"query-input\":{\"@type\":\"PropertyValueSpecification\",\"valueRequired\":true,\"valueName\":\"search_term_string\"}}],\"inLanguage\":\"pl-PL\"}]}<\/script>\n<!-- \/ Yoast SEO plugin. -->","yoast_head_json":{"title":"Badania patentowe - MEDISTYL","robots":{"index":"index","follow":"follow","max-snippet":"max-snippet:-1","max-image-preview":"max-image-preview:large","max-video-preview":"max-video-preview:-1"},"canonical":"https:\/\/www.medistyl.cz\/pl\/badania\/badania-patentowe\/","og_locale":"pl_PL","og_type":"article","og_title":"Badania patentowe - MEDISTYL","og_description":"Naukowo-techniczna sie\u0107 STN International skupia w ramach jednej platformy najwi\u0119ksze i najwa\u017cniejsze patentowe bazy danych z warto\u015bci\u0105 dodan\u0105 i patentowe bazy danych , w tym patentowe bazy danych pierwszego poziomu. W\u0142a\u015bnie te bazy danych s\u0105 kluczowym \u017ar\u00f3d\u0142em informacji o zdolno\u015bci patentowej, stanie technologii, prawnym statusie patentu: innymi s\u0142owy informacji potrzebnych do podj\u0119cia prawid\u0142owych decyzji handlowych.","og_url":"https:\/\/www.medistyl.cz\/pl\/badania\/badania-patentowe\/","og_site_name":"MEDISTYL","article_modified_time":"2022-01-03T23:53:45+00:00","og_image":[{"width":1000,"height":1000,"url":"https:\/\/www.medistyl.cz\/wp-content\/uploads\/medistyl.png","type":"image\/png"}],"twitter_card":"summary_large_image","twitter_misc":{"Szacowany czas czytania":"1 minuta"},"schema":{"@context":"https:\/\/schema.org","@graph":[{"@type":"WebPage","@id":"https:\/\/www.medistyl.cz\/pl\/badania\/badania-patentowe\/","url":"https:\/\/www.medistyl.cz\/pl\/badania\/badania-patentowe\/","name":"Badania patentowe - MEDISTYL","isPartOf":{"@id":"https:\/\/www.medistyl.cz\/pl\/#website"},"datePublished":"2021-11-13T00:41:59+00:00","dateModified":"2022-01-03T23:53:45+00:00","breadcrumb":{"@id":"https:\/\/www.medistyl.cz\/pl\/badania\/badania-patentowe\/#breadcrumb"},"inLanguage":"pl-PL","potentialAction":[{"@type":"ReadAction","target":["https:\/\/www.medistyl.cz\/pl\/badania\/badania-patentowe\/"]}]},{"@type":"BreadcrumbList","@id":"https:\/\/www.medistyl.cz\/pl\/badania\/badania-patentowe\/#breadcrumb","itemListElement":[{"@type":"ListItem","position":1,"name":"Dom\u016f","item":"https:\/\/www.medistyl.cz\/pl\/"},{"@type":"ListItem","position":2,"name":"Przeszukiwanie baz danych","item":"https:\/\/www.medistyl.cz\/pl\/badania\/"},{"@type":"ListItem","position":3,"name":"Badania patentowe"}]},{"@type":"WebSite","@id":"https:\/\/www.medistyl.cz\/pl\/#website","url":"https:\/\/www.medistyl.cz\/pl\/","name":"MEDISTYL","description":"MEDISTYL","potentialAction":[{"@type":"SearchAction","target":{"@type":"EntryPoint","urlTemplate":"https:\/\/www.medistyl.cz\/pl\/?s={search_term_string}"},"query-input":{"@type":"PropertyValueSpecification","valueRequired":true,"valueName":"search_term_string"}}],"inLanguage":"pl-PL"}]}},"_links":{"self":[{"href":"https:\/\/www.medistyl.cz\/pl\/wp-json\/wp\/v2\/pages\/1331","targetHints":{"allow":["GET"]}}],"collection":[{"href":"https:\/\/www.medistyl.cz\/pl\/wp-json\/wp\/v2\/pages"}],"about":[{"href":"https:\/\/www.medistyl.cz\/pl\/wp-json\/wp\/v2\/types\/page"}],"author":[{"embeddable":true,"href":"https:\/\/www.medistyl.cz\/pl\/wp-json\/wp\/v2\/users\/1"}],"replies":[{"embeddable":true,"href":"https:\/\/www.medistyl.cz\/pl\/wp-json\/wp\/v2\/comments?post=1331"}],"version-history":[{"count":0,"href":"https:\/\/www.medistyl.cz\/pl\/wp-json\/wp\/v2\/pages\/1331\/revisions"}],"up":[{"embeddable":true,"href":"https:\/\/www.medistyl.cz\/pl\/wp-json\/wp\/v2\/pages\/1340"}],"wp:attachment":[{"href":"https:\/\/www.medistyl.cz\/pl\/wp-json\/wp\/v2\/media?parent=1331"}],"curies":[{"name":"wp","href":"https:\/\/api.w.org\/{rel}","templated":true}]}}