{"id":1332,"date":"2021-11-13T01:42:07","date_gmt":"2021-11-13T00:42:07","guid":{"rendered":"https:\/\/www.medistyl.cz\/medis-alarm\/"},"modified":"2022-01-04T01:01:48","modified_gmt":"2022-01-04T00:01:48","slug":"medis-alarm","status":"publish","type":"page","link":"https:\/\/www.medistyl.cz\/pl\/chemia\/baza-danych\/medis-alarm\/","title":{"rendered":"MEDIS-ALARM"},"content":{"rendered":"<p>Pozwalamy sobie przedstawi\u0107 Pa\u0144stwu wyj\u0105tkow\u0105 baz\u0119 danych MEDIS-ALARM, kt\u00f3r\u0105 budujemy ju\u017c od roku 1991 z zamys\u0142em utworzenia zintegrowanego zbioru danych najcz\u0119\u015bciej u\u017cywanych niebezpiecznych chemikali\u00f3w. Od czasu utworzenia nasza baza danych si\u0119 znacznie rozros\u0142a i w chwili obecnej zawiera szczeg\u00f3\u0142owe dane o w\u0142a\u015bciwo\u015bciach i wymaganiach legislatywnych dla ponad 10 000 niebezpiecznych chemikali\u00f3w.<\/p>\n<h3>Niebezpieczne chemikalia zawarte w bazie danych<\/h3>\n<ul>\n<li aria-level=\"1\">wszystkie substancje, ew. numery indeksowe z za\u0142\u0105cznika VI rozporz\u0105dzenia CLP (1272\/2008\/WE) \u2013 Zharmonizowane klasyfikacje i oznakowanie niekt\u00f3rych substancji niebezpiecznych, w tym produkt\u00f3w ropopochodnych i wymienionych w nich pochodnych<\/li>\n<li aria-level=\"1\">wszystkie substancje wymienione i sklasyfikowane jako niebezpieczne wed\u0142ug przepis\u00f3w ADR\/RID w aktualnej wersji z 2021 roku<\/li>\n<li aria-level=\"1\">inne wybrane substancje wymienione w normach dotycz\u0105cych pestycyd\u00f3w, biocyd\u00f3w, ochrony zdrowia w miejscu pracy, ogranicze\u0144 higienicznych UE\/CZ\/SK\/PL i inne<\/li>\n<\/ul>\n<h3>Informacje zawarte w bazie danych<\/h3>\n<p><strong>Ka\u017cdy rejestr niebezpiecznych chemikali\u00f3w dzieli si\u0119 na nast\u0119puj\u0105ce rozdzia\u0142y:<\/strong><\/p>\n<ul>\n<li aria-level=\"1\">F1 \u2013 Dane identyfikacyjne i klasyfikacyjne \u2013 numery CAS, EINECS, numery indeksowe, klasyfikacja substancji zgodnie z obowi\u0105zuj\u0105cymi przepisami, podstawowa identyfikacja wed\u0142ug um\u00f3w ADR, RID, IMDG i IATA, ERG, ERIC, HAZCHEM, wzory sumaryczne i strukturalne, synonimy i inne<\/li>\n<li aria-level=\"1\">F2 \u2013 Podstawowe w\u0142a\u015bciwo\u015bci i sposoby gaszenia \u2013 dane o palno\u015bci i reaktywno\u015bci substancji, sposobach gaszenia i \u015brodkach w miejscu awarii i sposobach utylizacji. Porady dotycz\u0105ce bezpiecznej manipulacji<\/li>\n<li aria-level=\"1\">F3 \u2013 W\u0142a\u015bciwo\u015bci fizyczne i chemiczne \u2013 wygl\u0105d, stan skupienia, temperatura topnienia, temperatura wrzenia, g\u0119sto\u015b\u0107, rozpuszczalno\u015b\u0107, pr\u0119\u017cno\u015b\u0107 pary i inne w\u0142a\u015bciwo\u015bci<\/li>\n<li aria-level=\"1\">F4 \u2013 Transport \u2013 zgodnie z umowami o przewozie towar\u00f3w niebezpiecznych: ADR, RID, IMDG, IATA. Przydzielona klasa, kod klasyfikacyjny, grupa pakowania, oznaczenie bezpiecze\u0144stwa, postanowienia specjalne i inne<\/li>\n<li aria-level=\"1\">F5 \u2013 Pierwsza pomoc i leczenie \u2013 oznaki zatru\u0107 i instrukcje pierwszej pomocy dostosowane do w\u0142a\u015bciwo\u015bci substancji<\/li>\n<li aria-level=\"1\">F6 \u2013 Toksyczno\u015b\u0107 \u2013 informacje toksykologiczne i ekotoksykologiczne, dane dot mutagenno\u015bci, rakotw\u00f3rczo\u015bci, toksyczno\u015bci reprodukcyjnej itp.<\/li>\n<li aria-level=\"1\">F7 \u2013 Prawodawstwo \u2013 dane \u2013 konkretne dane wyp\u0142ywaj\u0105ce z przepis\u00f3w prawnych (ustawa o zapobieganiu powa\u017cnym wypadkom, ograniczenia higieniczne i biologiczne CZ\/SK\/PL\/UE, informacje na podstawie rozporz\u0105dzenia w sprawie produkt\u00f3w biob\u00f3jczych i inne)<\/li>\n<li aria-level=\"1\">F8 \u2013 Prawodawstwo \u2013 przepisy \u2013 zapisy umieszczenia substancji w normach prawnych (CLP, REACH \u2013 za\u0142\u0105cznik IV, V, XIV, XVII, europejskie prawodawstwo dotycz\u0105ce produkt\u00f3w biob\u00f3jczych, POPs, PIC itd., czeskie przepisy dotycz\u0105ce handlu\u00a0substancjami chemicznymi, ochrony \u015brodowiska naturalnego, wprowadzania substancji chemicznych na rynek itd.)<\/li>\n<\/ul>\n<h3>Wersja bazy danych<\/h3>\n<p><strong>Wersja lokalna lub sieciowa<\/strong><\/p>\n<ul>\n<li>przeznaczona do instalacji na komputerze; do korzystania nie jest wymagany dost\u0119p do internetu<\/li>\n<li>lokalna instalacja jest tylko do jednego, konkretnego komputera<\/li>\n<li>opcja sieciowa jest dedykowana do instalacji np. na serwerze, do kt\u00f3rego u\u017cytkownicy maj\u0105 dost\u0119p zdalny. Nie jest wymagana samodzielna rejestracja i aktualizacja oprogramowania przez ka\u017cdego z u\u017cytkownik\u00f3w z osobna<\/li>\n<li>dla systemu Windows 2000\u00a0lub nowszt<\/li>\n<\/ul>\n<p><strong>Wersja online<\/strong><\/p>\n<ul>\n<li aria-level=\"1\">dost\u0119p online za po\u015brednictwem interfejsu internetowego bez konieczno\u015bci instalowania oprogramowania na komputerze<\/li>\n<li aria-level=\"1\">proste logowanie na podstawie wygenerowanego has\u0142a<\/li>\n<li aria-level=\"1\">dla wi\u0119kszych organizacji oferujemy tak\u017ce dost\u0119p na podstawie zg\u0142oszonego adresu IP (lub ich zakresu)<\/li>\n<li aria-level=\"1\">wersj\u0119 demo <a href=\"http:\/\/www.medisalarm.cz\/\">bazy danych MEDIS-ALARM<\/a> mo\u017cesz wypr\u00f3bowa\u0107 bezp\u0142atnie<\/li>\n<\/ul>\n<p><strong>Wersja dla urz\u0105dze\u0144 mobilnych z systemem Android<\/strong><\/p>\n<ul>\n<li aria-level=\"1\">tryb offline dla wszystkich urz\u0105dze\u0144 z systemem Android w wersji 4.x i nowszej<\/li>\n<li aria-level=\"1\">intuicyjna orientacja<\/li>\n<li aria-level=\"1\">prosta instalacja po pobraniu ze\u00a0strony internetowej<\/li>\n<li aria-level=\"1\">wersj\u0119 demo <a href=\"https:\/\/android.medisalarm.cz\/medisalarm-release.apk\">bazy danych MEDIS-ALARM<\/a> mo\u017cesz wypr\u00f3bowa\u0107 bezp\u0142atnie<\/li>\n<\/ul>\n<p>Wszystkie wersje zawieraj\u0105 te same dane i s\u0105 aktualizowane 4 razy w roku, tak aby by\u0142y zawsze zgodne z obowi\u0105zuj\u0105cymi przepisami.<\/p>\n<h2><\/h2>\n","protected":false},"excerpt":{"rendered":"<p>Pozwalamy sobie przedstawi\u0107 Pa\u0144stwu wyj\u0105tkow\u0105 baz\u0119 danych MEDIS-ALARM, kt\u00f3r\u0105 budujemy ju\u017c od roku 1991 z zamys\u0142em utworzenia zintegrowanego zbioru danych najcz\u0119\u015bciej u\u017cywanych niebezpiecznych chemikali\u00f3w. Od czasu utworzenia nasza baza danych si\u0119 znacznie rozros\u0142a i w chwili obecnej zawiera szczeg\u00f3\u0142owe dane o w\u0142a\u015bciwo\u015bciach i wymaganiach legislatywnych dla ponad 10 000 niebezpiecznych chemikali\u00f3w. Niebezpieczne chemikalia zawarte w <\/p>\n","protected":false},"author":1,"featured_media":0,"parent":1349,"menu_order":0,"comment_status":"closed","ping_status":"closed","template":"","meta":{"_acf_changed":false,"inline_featured_image":false,"footnotes":""},"class_list":["post-1332","page","type-page","status-publish","hentry"],"acf":[],"yoast_head":"<!-- This site is optimized with the Yoast SEO plugin v26.6 - https:\/\/yoast.com\/wordpress\/plugins\/seo\/ -->\n<title>MEDIS-ALARM - MEDISTYL<\/title>\n<meta name=\"robots\" content=\"index, follow, max-snippet:-1, max-image-preview:large, max-video-preview:-1\" \/>\n<link rel=\"canonical\" href=\"https:\/\/www.medistyl.cz\/pl\/chemia\/baza-danych\/medis-alarm\/\" \/>\n<meta property=\"og:locale\" content=\"pl_PL\" \/>\n<meta property=\"og:type\" content=\"article\" \/>\n<meta property=\"og:title\" content=\"MEDIS-ALARM - MEDISTYL\" \/>\n<meta property=\"og:description\" content=\"Pozwalamy sobie przedstawi\u0107 Pa\u0144stwu wyj\u0105tkow\u0105 baz\u0119 danych MEDIS-ALARM, kt\u00f3r\u0105 budujemy ju\u017c od roku 1991 z zamys\u0142em utworzenia zintegrowanego zbioru danych najcz\u0119\u015bciej u\u017cywanych niebezpiecznych chemikali\u00f3w. Od czasu utworzenia nasza baza danych si\u0119 znacznie rozros\u0142a i w chwili obecnej zawiera szczeg\u00f3\u0142owe dane o w\u0142a\u015bciwo\u015bciach i wymaganiach legislatywnych dla ponad 10 000 niebezpiecznych chemikali\u00f3w. Niebezpieczne chemikalia zawarte w\" \/>\n<meta property=\"og:url\" content=\"https:\/\/www.medistyl.cz\/pl\/chemia\/baza-danych\/medis-alarm\/\" \/>\n<meta property=\"og:site_name\" content=\"MEDISTYL\" \/>\n<meta property=\"article:modified_time\" content=\"2022-01-04T00:01:48+00:00\" \/>\n<meta property=\"og:image\" content=\"https:\/\/www.medistyl.cz\/wp-content\/uploads\/medistyl.png\" \/>\n\t<meta property=\"og:image:width\" content=\"1000\" \/>\n\t<meta property=\"og:image:height\" content=\"1000\" \/>\n\t<meta property=\"og:image:type\" content=\"image\/png\" \/>\n<meta name=\"twitter:card\" content=\"summary_large_image\" \/>\n<meta name=\"twitter:label1\" content=\"Szacowany czas czytania\" \/>\n\t<meta name=\"twitter:data1\" content=\"3 minuty\" \/>\n<script type=\"application\/ld+json\" class=\"yoast-schema-graph\">{\"@context\":\"https:\/\/schema.org\",\"@graph\":[{\"@type\":\"WebPage\",\"@id\":\"https:\/\/www.medistyl.cz\/pl\/chemia\/baza-danych\/medis-alarm\/\",\"url\":\"https:\/\/www.medistyl.cz\/pl\/chemia\/baza-danych\/medis-alarm\/\",\"name\":\"MEDIS-ALARM - MEDISTYL\",\"isPartOf\":{\"@id\":\"https:\/\/www.medistyl.cz\/pl\/#website\"},\"datePublished\":\"2021-11-13T00:42:07+00:00\",\"dateModified\":\"2022-01-04T00:01:48+00:00\",\"breadcrumb\":{\"@id\":\"https:\/\/www.medistyl.cz\/pl\/chemia\/baza-danych\/medis-alarm\/#breadcrumb\"},\"inLanguage\":\"pl-PL\",\"potentialAction\":[{\"@type\":\"ReadAction\",\"target\":[\"https:\/\/www.medistyl.cz\/pl\/chemia\/baza-danych\/medis-alarm\/\"]}]},{\"@type\":\"BreadcrumbList\",\"@id\":\"https:\/\/www.medistyl.cz\/pl\/chemia\/baza-danych\/medis-alarm\/#breadcrumb\",\"itemListElement\":[{\"@type\":\"ListItem\",\"position\":1,\"name\":\"Dom\u016f\",\"item\":\"https:\/\/www.medistyl.cz\/pl\/\"},{\"@type\":\"ListItem\",\"position\":2,\"name\":\"Chemia\",\"item\":\"https:\/\/www.medistyl.cz\/pl\/chemia\/\"},{\"@type\":\"ListItem\",\"position\":3,\"name\":\"Baza danych\",\"item\":\"https:\/\/www.medistyl.cz\/pl\/chemia\/baza-danych\/\"},{\"@type\":\"ListItem\",\"position\":4,\"name\":\"MEDIS-ALARM\"}]},{\"@type\":\"WebSite\",\"@id\":\"https:\/\/www.medistyl.cz\/pl\/#website\",\"url\":\"https:\/\/www.medistyl.cz\/pl\/\",\"name\":\"MEDISTYL\",\"description\":\"MEDISTYL\",\"potentialAction\":[{\"@type\":\"SearchAction\",\"target\":{\"@type\":\"EntryPoint\",\"urlTemplate\":\"https:\/\/www.medistyl.cz\/pl\/?s={search_term_string}\"},\"query-input\":{\"@type\":\"PropertyValueSpecification\",\"valueRequired\":true,\"valueName\":\"search_term_string\"}}],\"inLanguage\":\"pl-PL\"}]}<\/script>\n<!-- \/ Yoast SEO plugin. -->","yoast_head_json":{"title":"MEDIS-ALARM - MEDISTYL","robots":{"index":"index","follow":"follow","max-snippet":"max-snippet:-1","max-image-preview":"max-image-preview:large","max-video-preview":"max-video-preview:-1"},"canonical":"https:\/\/www.medistyl.cz\/pl\/chemia\/baza-danych\/medis-alarm\/","og_locale":"pl_PL","og_type":"article","og_title":"MEDIS-ALARM - MEDISTYL","og_description":"Pozwalamy sobie przedstawi\u0107 Pa\u0144stwu wyj\u0105tkow\u0105 baz\u0119 danych MEDIS-ALARM, kt\u00f3r\u0105 budujemy ju\u017c od roku 1991 z zamys\u0142em utworzenia zintegrowanego zbioru danych najcz\u0119\u015bciej u\u017cywanych niebezpiecznych chemikali\u00f3w. Od czasu utworzenia nasza baza danych si\u0119 znacznie rozros\u0142a i w chwili obecnej zawiera szczeg\u00f3\u0142owe dane o w\u0142a\u015bciwo\u015bciach i wymaganiach legislatywnych dla ponad 10 000 niebezpiecznych chemikali\u00f3w. Niebezpieczne chemikalia zawarte w","og_url":"https:\/\/www.medistyl.cz\/pl\/chemia\/baza-danych\/medis-alarm\/","og_site_name":"MEDISTYL","article_modified_time":"2022-01-04T00:01:48+00:00","og_image":[{"width":1000,"height":1000,"url":"https:\/\/www.medistyl.cz\/wp-content\/uploads\/medistyl.png","type":"image\/png"}],"twitter_card":"summary_large_image","twitter_misc":{"Szacowany czas czytania":"3 minuty"},"schema":{"@context":"https:\/\/schema.org","@graph":[{"@type":"WebPage","@id":"https:\/\/www.medistyl.cz\/pl\/chemia\/baza-danych\/medis-alarm\/","url":"https:\/\/www.medistyl.cz\/pl\/chemia\/baza-danych\/medis-alarm\/","name":"MEDIS-ALARM - MEDISTYL","isPartOf":{"@id":"https:\/\/www.medistyl.cz\/pl\/#website"},"datePublished":"2021-11-13T00:42:07+00:00","dateModified":"2022-01-04T00:01:48+00:00","breadcrumb":{"@id":"https:\/\/www.medistyl.cz\/pl\/chemia\/baza-danych\/medis-alarm\/#breadcrumb"},"inLanguage":"pl-PL","potentialAction":[{"@type":"ReadAction","target":["https:\/\/www.medistyl.cz\/pl\/chemia\/baza-danych\/medis-alarm\/"]}]},{"@type":"BreadcrumbList","@id":"https:\/\/www.medistyl.cz\/pl\/chemia\/baza-danych\/medis-alarm\/#breadcrumb","itemListElement":[{"@type":"ListItem","position":1,"name":"Dom\u016f","item":"https:\/\/www.medistyl.cz\/pl\/"},{"@type":"ListItem","position":2,"name":"Chemia","item":"https:\/\/www.medistyl.cz\/pl\/chemia\/"},{"@type":"ListItem","position":3,"name":"Baza danych","item":"https:\/\/www.medistyl.cz\/pl\/chemia\/baza-danych\/"},{"@type":"ListItem","position":4,"name":"MEDIS-ALARM"}]},{"@type":"WebSite","@id":"https:\/\/www.medistyl.cz\/pl\/#website","url":"https:\/\/www.medistyl.cz\/pl\/","name":"MEDISTYL","description":"MEDISTYL","potentialAction":[{"@type":"SearchAction","target":{"@type":"EntryPoint","urlTemplate":"https:\/\/www.medistyl.cz\/pl\/?s={search_term_string}"},"query-input":{"@type":"PropertyValueSpecification","valueRequired":true,"valueName":"search_term_string"}}],"inLanguage":"pl-PL"}]}},"_links":{"self":[{"href":"https:\/\/www.medistyl.cz\/pl\/wp-json\/wp\/v2\/pages\/1332","targetHints":{"allow":["GET"]}}],"collection":[{"href":"https:\/\/www.medistyl.cz\/pl\/wp-json\/wp\/v2\/pages"}],"about":[{"href":"https:\/\/www.medistyl.cz\/pl\/wp-json\/wp\/v2\/types\/page"}],"author":[{"embeddable":true,"href":"https:\/\/www.medistyl.cz\/pl\/wp-json\/wp\/v2\/users\/1"}],"replies":[{"embeddable":true,"href":"https:\/\/www.medistyl.cz\/pl\/wp-json\/wp\/v2\/comments?post=1332"}],"version-history":[{"count":0,"href":"https:\/\/www.medistyl.cz\/pl\/wp-json\/wp\/v2\/pages\/1332\/revisions"}],"up":[{"embeddable":true,"href":"https:\/\/www.medistyl.cz\/pl\/wp-json\/wp\/v2\/pages\/1349"}],"wp:attachment":[{"href":"https:\/\/www.medistyl.cz\/pl\/wp-json\/wp\/v2\/media?parent=1332"}],"curies":[{"name":"wp","href":"https:\/\/api.w.org\/{rel}","templated":true}]}}