{"id":1333,"date":"2021-11-13T01:42:14","date_gmt":"2021-11-13T00:42:14","guid":{"rendered":"https:\/\/www.medistyl.cz\/classific\/"},"modified":"2022-01-04T10:20:21","modified_gmt":"2022-01-04T09:20:21","slug":"classific","status":"publish","type":"page","link":"https:\/\/www.medistyl.cz\/pl\/chemia\/baza-danych\/classific\/","title":{"rendered":"CLASSIFIC"},"content":{"rendered":"<p>Stworzyli\u015bmy unikalne narz\u0119dzie internetowe do konwersji znanej klasyfikacji CLP substancji\/mieszanin na klasyfikacj\u0119 w ramach Umowy ADR. W ci\u0105gu kilku minut z nasz\u0105 aplikacj\u0105 okre\u015blisz prawid\u0142ow\u0105 klasyfikacj\u0119 substancji\/mieszaniny w systemie ADR, bez zb\u0119dnego stresu i konieczno\u015bci zapoznania si\u0119 z Umow\u0105 ADR.<\/p>\n<h3>Funkcje aplikacji<\/h3>\n<ul>\n<li aria-level=\"1\">\u0142atwa i szybka konwersja klasyfikacji CLP na ADR zgodnie z wprowadzonymi \u00a0parametrami substancji\/mieszaniny<\/li>\n<li aria-level=\"1\">sprawdzanie poprawno\u015bci wprowadzonych parametr\u00f3w klasyfikacji CLP i stanu fizycznego<\/li>\n<li aria-level=\"1\">przypisanie numeru UN, nazwa dla potrzeb transportu, kod klasyfikacji, OS, znakibezpiecze\u0144stwa, znaki dodatkowe, kod ogranicze\u0144 przewozu przez tunele<\/li>\n<li aria-level=\"1\">uwzgl\u0119dnia wyj\u0105tki legislacyjne<\/li>\n<li aria-level=\"1\">zawiera baz\u0119 danych dotycz\u0105cych transportu ADR<\/li>\n<\/ul>\n<h3>G\u0142\u00f3wne zalety aplikacji<\/h3>\n<ul>\n<li aria-level=\"1\">\u0142atwa w u\u017cyciu nawet dla zupe\u0142nych laik\u00f3w w ADR<\/li>\n<li aria-level=\"1\">oszcz\u0119dno\u015b\u0107 Twojego czasu sp\u0119dzonego na klasyfikowaniu produkt\u00f3w<\/li>\n<li aria-level=\"1\">szybka kontrola informacji zawartych w kartach charakterystyki \u2013 sekcja 14: Informacje o transporcie<\/li>\n<\/ul>\n<h3>Przyk\u0142ady pracy w CLASSIFIC-u:<\/h3>\n<p><iframe loading=\"lazy\" title=\"Classific - vodn\u00fd roztok s\u00edranu \u017eelezit\u00e9ho\" width=\"500\" height=\"281\" src=\"https:\/\/www.youtube.com\/embed\/6FnsDwD31L8?feature=oembed\" frameborder=\"0\" allow=\"accelerometer; autoplay; clipboard-write; encrypted-media; gyroscope; picture-in-picture; web-share\" referrerpolicy=\"strict-origin-when-cross-origin\" allowfullscreen><\/iframe><\/p>\n<p><a href=\"https:\/\/www.youtube.com\/watch?v=6FnsDwD31L8&amp;list=UUQgLC49ncvkHHJyZU4Ax9Xg\">Lub kliknij tutaj.<\/a><\/p>\n","protected":false},"excerpt":{"rendered":"<p>Stworzyli\u015bmy unikalne narz\u0119dzie internetowe do konwersji znanej klasyfikacji CLP substancji\/mieszanin na klasyfikacj\u0119 w ramach Umowy ADR. W ci\u0105gu kilku minut z nasz\u0105 aplikacj\u0105 okre\u015blisz prawid\u0142ow\u0105 klasyfikacj\u0119 substancji\/mieszaniny w systemie ADR, bez zb\u0119dnego stresu i konieczno\u015bci zapoznania si\u0119 z Umow\u0105 ADR. Funkcje aplikacji \u0142atwa i szybka konwersja klasyfikacji CLP na ADR zgodnie z wprowadzonymi \u00a0parametrami substancji\/mieszaniny <\/p>\n","protected":false},"author":1,"featured_media":0,"parent":1349,"menu_order":0,"comment_status":"closed","ping_status":"closed","template":"","meta":{"_acf_changed":false,"inline_featured_image":false,"footnotes":""},"class_list":["post-1333","page","type-page","status-publish","hentry"],"acf":[],"yoast_head":"<!-- This site is optimized with the Yoast SEO plugin v26.6 - https:\/\/yoast.com\/wordpress\/plugins\/seo\/ -->\n<title>CLASSIFIC - MEDISTYL<\/title>\n<meta name=\"robots\" content=\"index, follow, max-snippet:-1, max-image-preview:large, max-video-preview:-1\" \/>\n<link rel=\"canonical\" href=\"https:\/\/www.medistyl.cz\/pl\/chemia\/baza-danych\/classific\/\" \/>\n<meta property=\"og:locale\" content=\"pl_PL\" \/>\n<meta property=\"og:type\" content=\"article\" \/>\n<meta property=\"og:title\" content=\"CLASSIFIC - MEDISTYL\" \/>\n<meta property=\"og:description\" content=\"Stworzyli\u015bmy unikalne narz\u0119dzie internetowe do konwersji znanej klasyfikacji CLP substancji\/mieszanin na klasyfikacj\u0119 w ramach Umowy ADR. W ci\u0105gu kilku minut z nasz\u0105 aplikacj\u0105 okre\u015blisz prawid\u0142ow\u0105 klasyfikacj\u0119 substancji\/mieszaniny w systemie ADR, bez zb\u0119dnego stresu i konieczno\u015bci zapoznania si\u0119 z Umow\u0105 ADR. Funkcje aplikacji \u0142atwa i szybka konwersja klasyfikacji CLP na ADR zgodnie z wprowadzonymi \u00a0parametrami substancji\/mieszaniny\" \/>\n<meta property=\"og:url\" content=\"https:\/\/www.medistyl.cz\/pl\/chemia\/baza-danych\/classific\/\" \/>\n<meta property=\"og:site_name\" content=\"MEDISTYL\" \/>\n<meta property=\"article:modified_time\" content=\"2022-01-04T09:20:21+00:00\" \/>\n<meta property=\"og:image\" content=\"https:\/\/www.medistyl.cz\/wp-content\/uploads\/medistyl.png\" \/>\n\t<meta property=\"og:image:width\" content=\"1000\" \/>\n\t<meta property=\"og:image:height\" content=\"1000\" \/>\n\t<meta property=\"og:image:type\" content=\"image\/png\" \/>\n<meta name=\"twitter:card\" content=\"summary_large_image\" \/>\n<meta name=\"twitter:label1\" content=\"Szacowany czas czytania\" \/>\n\t<meta name=\"twitter:data1\" content=\"1 minuta\" \/>\n<script type=\"application\/ld+json\" class=\"yoast-schema-graph\">{\"@context\":\"https:\/\/schema.org\",\"@graph\":[{\"@type\":\"WebPage\",\"@id\":\"https:\/\/www.medistyl.cz\/pl\/chemia\/baza-danych\/classific\/\",\"url\":\"https:\/\/www.medistyl.cz\/pl\/chemia\/baza-danych\/classific\/\",\"name\":\"CLASSIFIC - MEDISTYL\",\"isPartOf\":{\"@id\":\"https:\/\/www.medistyl.cz\/pl\/#website\"},\"datePublished\":\"2021-11-13T00:42:14+00:00\",\"dateModified\":\"2022-01-04T09:20:21+00:00\",\"breadcrumb\":{\"@id\":\"https:\/\/www.medistyl.cz\/pl\/chemia\/baza-danych\/classific\/#breadcrumb\"},\"inLanguage\":\"pl-PL\",\"potentialAction\":[{\"@type\":\"ReadAction\",\"target\":[\"https:\/\/www.medistyl.cz\/pl\/chemia\/baza-danych\/classific\/\"]}]},{\"@type\":\"BreadcrumbList\",\"@id\":\"https:\/\/www.medistyl.cz\/pl\/chemia\/baza-danych\/classific\/#breadcrumb\",\"itemListElement\":[{\"@type\":\"ListItem\",\"position\":1,\"name\":\"Dom\u016f\",\"item\":\"https:\/\/www.medistyl.cz\/pl\/\"},{\"@type\":\"ListItem\",\"position\":2,\"name\":\"Chemia\",\"item\":\"https:\/\/www.medistyl.cz\/pl\/chemia\/\"},{\"@type\":\"ListItem\",\"position\":3,\"name\":\"Baza danych\",\"item\":\"https:\/\/www.medistyl.cz\/pl\/chemia\/baza-danych\/\"},{\"@type\":\"ListItem\",\"position\":4,\"name\":\"CLASSIFIC\"}]},{\"@type\":\"WebSite\",\"@id\":\"https:\/\/www.medistyl.cz\/pl\/#website\",\"url\":\"https:\/\/www.medistyl.cz\/pl\/\",\"name\":\"MEDISTYL\",\"description\":\"MEDISTYL\",\"potentialAction\":[{\"@type\":\"SearchAction\",\"target\":{\"@type\":\"EntryPoint\",\"urlTemplate\":\"https:\/\/www.medistyl.cz\/pl\/?s={search_term_string}\"},\"query-input\":{\"@type\":\"PropertyValueSpecification\",\"valueRequired\":true,\"valueName\":\"search_term_string\"}}],\"inLanguage\":\"pl-PL\"}]}<\/script>\n<!-- \/ Yoast SEO plugin. -->","yoast_head_json":{"title":"CLASSIFIC - MEDISTYL","robots":{"index":"index","follow":"follow","max-snippet":"max-snippet:-1","max-image-preview":"max-image-preview:large","max-video-preview":"max-video-preview:-1"},"canonical":"https:\/\/www.medistyl.cz\/pl\/chemia\/baza-danych\/classific\/","og_locale":"pl_PL","og_type":"article","og_title":"CLASSIFIC - MEDISTYL","og_description":"Stworzyli\u015bmy unikalne narz\u0119dzie internetowe do konwersji znanej klasyfikacji CLP substancji\/mieszanin na klasyfikacj\u0119 w ramach Umowy ADR. W ci\u0105gu kilku minut z nasz\u0105 aplikacj\u0105 okre\u015blisz prawid\u0142ow\u0105 klasyfikacj\u0119 substancji\/mieszaniny w systemie ADR, bez zb\u0119dnego stresu i konieczno\u015bci zapoznania si\u0119 z Umow\u0105 ADR. Funkcje aplikacji \u0142atwa i szybka konwersja klasyfikacji CLP na ADR zgodnie z wprowadzonymi \u00a0parametrami substancji\/mieszaniny","og_url":"https:\/\/www.medistyl.cz\/pl\/chemia\/baza-danych\/classific\/","og_site_name":"MEDISTYL","article_modified_time":"2022-01-04T09:20:21+00:00","og_image":[{"width":1000,"height":1000,"url":"https:\/\/www.medistyl.cz\/wp-content\/uploads\/medistyl.png","type":"image\/png"}],"twitter_card":"summary_large_image","twitter_misc":{"Szacowany czas czytania":"1 minuta"},"schema":{"@context":"https:\/\/schema.org","@graph":[{"@type":"WebPage","@id":"https:\/\/www.medistyl.cz\/pl\/chemia\/baza-danych\/classific\/","url":"https:\/\/www.medistyl.cz\/pl\/chemia\/baza-danych\/classific\/","name":"CLASSIFIC - MEDISTYL","isPartOf":{"@id":"https:\/\/www.medistyl.cz\/pl\/#website"},"datePublished":"2021-11-13T00:42:14+00:00","dateModified":"2022-01-04T09:20:21+00:00","breadcrumb":{"@id":"https:\/\/www.medistyl.cz\/pl\/chemia\/baza-danych\/classific\/#breadcrumb"},"inLanguage":"pl-PL","potentialAction":[{"@type":"ReadAction","target":["https:\/\/www.medistyl.cz\/pl\/chemia\/baza-danych\/classific\/"]}]},{"@type":"BreadcrumbList","@id":"https:\/\/www.medistyl.cz\/pl\/chemia\/baza-danych\/classific\/#breadcrumb","itemListElement":[{"@type":"ListItem","position":1,"name":"Dom\u016f","item":"https:\/\/www.medistyl.cz\/pl\/"},{"@type":"ListItem","position":2,"name":"Chemia","item":"https:\/\/www.medistyl.cz\/pl\/chemia\/"},{"@type":"ListItem","position":3,"name":"Baza danych","item":"https:\/\/www.medistyl.cz\/pl\/chemia\/baza-danych\/"},{"@type":"ListItem","position":4,"name":"CLASSIFIC"}]},{"@type":"WebSite","@id":"https:\/\/www.medistyl.cz\/pl\/#website","url":"https:\/\/www.medistyl.cz\/pl\/","name":"MEDISTYL","description":"MEDISTYL","potentialAction":[{"@type":"SearchAction","target":{"@type":"EntryPoint","urlTemplate":"https:\/\/www.medistyl.cz\/pl\/?s={search_term_string}"},"query-input":{"@type":"PropertyValueSpecification","valueRequired":true,"valueName":"search_term_string"}}],"inLanguage":"pl-PL"}]}},"_links":{"self":[{"href":"https:\/\/www.medistyl.cz\/pl\/wp-json\/wp\/v2\/pages\/1333","targetHints":{"allow":["GET"]}}],"collection":[{"href":"https:\/\/www.medistyl.cz\/pl\/wp-json\/wp\/v2\/pages"}],"about":[{"href":"https:\/\/www.medistyl.cz\/pl\/wp-json\/wp\/v2\/types\/page"}],"author":[{"embeddable":true,"href":"https:\/\/www.medistyl.cz\/pl\/wp-json\/wp\/v2\/users\/1"}],"replies":[{"embeddable":true,"href":"https:\/\/www.medistyl.cz\/pl\/wp-json\/wp\/v2\/comments?post=1333"}],"version-history":[{"count":0,"href":"https:\/\/www.medistyl.cz\/pl\/wp-json\/wp\/v2\/pages\/1333\/revisions"}],"up":[{"embeddable":true,"href":"https:\/\/www.medistyl.cz\/pl\/wp-json\/wp\/v2\/pages\/1349"}],"wp:attachment":[{"href":"https:\/\/www.medistyl.cz\/pl\/wp-json\/wp\/v2\/media?parent=1333"}],"curies":[{"name":"wp","href":"https:\/\/api.w.org\/{rel}","templated":true}]}}