{"id":1334,"date":"2021-11-13T01:42:27","date_gmt":"2021-11-13T00:42:27","guid":{"rendered":"https:\/\/www.medistyl.cz\/adrem\/"},"modified":"2022-01-04T15:13:46","modified_gmt":"2022-01-04T14:13:46","slug":"adrem","status":"publish","type":"page","link":"https:\/\/www.medistyl.cz\/pl\/chemia\/baza-danych\/adrem\/","title":{"rendered":"ADRem"},"content":{"rendered":"<p>W celu u\u0142atwienia pracy z Umow\u0105 ADR, firma DEKRA CZ a.s. we wsp\u00f3\u0142pracy z Medistyl, spol. s r.o. stworzy\u0142a oprogramowanie \u201eADRem\u201d (po \u0142acinie \u2013 \u201eDo rzeczy\u201d). Podstaw\u0105 tego programu jest tabela 3.2 A ADR \u2013 wykaz towar\u00f3w niebezpiecznych wed\u0142ug numer\u00f3w identyfikacyjnych poszczeg\u00f3lnych substancji, gdzie wszystkie informacje zawarte w tabeli Umowy ADR w formie link\u00f3w dla danej substancji pojawiaj\u0105 si\u0119 w g\u0142\u00f3wnym oknie programu.<\/p>\n<h2>G\u0142\u00f3wne zalety programu<\/h2>\n<ul>\n<li aria-level=\"1\">jest interaktywny \u2013 umo\u017cliwia dob\u00f3r substancji zgodnie z okre\u015blonymi kryteriami oraz wy\u015bwietlanie informacji dla pakowania i jednostek transportowych oraz innych obszar\u00f3w transportowych zgodnie z \u017cyczeniem u\u017cytkownika<\/li>\n<li aria-level=\"1\">jest obrazowy \u2013 wy\u015bwietla m.in. sylwetki jednostek transportowych z prawid\u0142owym oznakowaniem wed\u0142ug ADR (w cz\u0119\u015bci dotycz\u0105cej opakowa\u0144 wy\u015bwietlane s\u0105 przyk\u0142ady kod\u00f3w klasyfikacji, tutaj znajdziesz opracowany system podpowiedzi dla poszczeg\u00f3lnych symboli)<\/li>\n<li aria-level=\"1\">jest kompleksowy \u2013 kompleksowo zajmuje si\u0119 problematyk\u0105 transportu towar\u00f3w niebezpiecznych nie tylko z punktu widzenia Umowy ADR, ale tak\u017ce z punktu widzenia przepis\u00f3w chemicznych (klasyfikacja zgodnie z rozporz\u0105dzeniem CLP)<\/li>\n<li aria-level=\"1\">jest wieloj\u0119zyczny \u2013 nazwy substancji wymienione s\u0105 w j\u0119zyku czeskim, s\u0142owackim, niemieckim, angielskim, francuskim i polskim<\/li>\n<li aria-level=\"1\">zawiera pe\u0142n\u0105 aktualn\u0105 wersj\u0119 Umowy ADR z aktywnymi odniesieniami (kliknij w numer linku, \u017ceby wy\u015bwietli\u0107)<\/li>\n<li aria-level=\"1\">umo\u017cliwia drukowanie i archiwizacj\u0119 list\u00f3w przewozowych, w tym tworzenie listy partner\u00f3w handlowych (sprzedawc\u00f3w, przewo\u017anik\u00f3w, odbiorc\u00f3w)<\/li>\n<\/ul>\n<h3>\u00a0Wersja oprogramowania<\/h3>\n","protected":false},"excerpt":{"rendered":"<p>W celu u\u0142atwienia pracy z Umow\u0105 ADR, firma DEKRA CZ a.s. we wsp\u00f3\u0142pracy z Medistyl, spol. s r.o. stworzy\u0142a oprogramowanie \u201eADRem\u201d (po \u0142acinie \u2013 \u201eDo rzeczy\u201d). Podstaw\u0105 tego programu jest tabela 3.2 A ADR \u2013 wykaz towar\u00f3w niebezpiecznych wed\u0142ug numer\u00f3w identyfikacyjnych poszczeg\u00f3lnych substancji, gdzie wszystkie informacje zawarte w tabeli Umowy ADR w formie link\u00f3w dla <\/p>\n","protected":false},"author":1,"featured_media":0,"parent":1349,"menu_order":0,"comment_status":"closed","ping_status":"closed","template":"","meta":{"_acf_changed":false,"inline_featured_image":false,"footnotes":""},"class_list":["post-1334","page","type-page","status-publish","hentry"],"acf":[],"yoast_head":"<!-- This site is optimized with the Yoast SEO plugin v26.6 - https:\/\/yoast.com\/wordpress\/plugins\/seo\/ -->\n<title>ADRem - MEDISTYL<\/title>\n<meta name=\"robots\" content=\"index, follow, max-snippet:-1, max-image-preview:large, max-video-preview:-1\" \/>\n<link rel=\"canonical\" href=\"https:\/\/www.medistyl.cz\/pl\/chemia\/baza-danych\/adrem\/\" \/>\n<meta property=\"og:locale\" content=\"pl_PL\" \/>\n<meta property=\"og:type\" content=\"article\" \/>\n<meta property=\"og:title\" content=\"ADRem - MEDISTYL\" \/>\n<meta property=\"og:description\" content=\"W celu u\u0142atwienia pracy z Umow\u0105 ADR, firma DEKRA CZ a.s. we wsp\u00f3\u0142pracy z Medistyl, spol. s r.o. stworzy\u0142a oprogramowanie \u201eADRem\u201d (po \u0142acinie \u2013 \u201eDo rzeczy\u201d). Podstaw\u0105 tego programu jest tabela 3.2 A ADR \u2013 wykaz towar\u00f3w niebezpiecznych wed\u0142ug numer\u00f3w identyfikacyjnych poszczeg\u00f3lnych substancji, gdzie wszystkie informacje zawarte w tabeli Umowy ADR w formie link\u00f3w dla\" \/>\n<meta property=\"og:url\" content=\"https:\/\/www.medistyl.cz\/pl\/chemia\/baza-danych\/adrem\/\" \/>\n<meta property=\"og:site_name\" content=\"MEDISTYL\" \/>\n<meta property=\"article:modified_time\" content=\"2022-01-04T14:13:46+00:00\" \/>\n<meta property=\"og:image\" content=\"https:\/\/www.medistyl.cz\/wp-content\/uploads\/medistyl.png\" \/>\n\t<meta property=\"og:image:width\" content=\"1000\" \/>\n\t<meta property=\"og:image:height\" content=\"1000\" \/>\n\t<meta property=\"og:image:type\" content=\"image\/png\" \/>\n<meta name=\"twitter:card\" content=\"summary_large_image\" \/>\n<meta name=\"twitter:label1\" content=\"Szacowany czas czytania\" \/>\n\t<meta name=\"twitter:data1\" content=\"2 minuty\" \/>\n<script type=\"application\/ld+json\" class=\"yoast-schema-graph\">{\"@context\":\"https:\/\/schema.org\",\"@graph\":[{\"@type\":\"WebPage\",\"@id\":\"https:\/\/www.medistyl.cz\/pl\/chemia\/baza-danych\/adrem\/\",\"url\":\"https:\/\/www.medistyl.cz\/pl\/chemia\/baza-danych\/adrem\/\",\"name\":\"ADRem - MEDISTYL\",\"isPartOf\":{\"@id\":\"https:\/\/www.medistyl.cz\/pl\/#website\"},\"datePublished\":\"2021-11-13T00:42:27+00:00\",\"dateModified\":\"2022-01-04T14:13:46+00:00\",\"breadcrumb\":{\"@id\":\"https:\/\/www.medistyl.cz\/pl\/chemia\/baza-danych\/adrem\/#breadcrumb\"},\"inLanguage\":\"pl-PL\",\"potentialAction\":[{\"@type\":\"ReadAction\",\"target\":[\"https:\/\/www.medistyl.cz\/pl\/chemia\/baza-danych\/adrem\/\"]}]},{\"@type\":\"BreadcrumbList\",\"@id\":\"https:\/\/www.medistyl.cz\/pl\/chemia\/baza-danych\/adrem\/#breadcrumb\",\"itemListElement\":[{\"@type\":\"ListItem\",\"position\":1,\"name\":\"Dom\u016f\",\"item\":\"https:\/\/www.medistyl.cz\/pl\/\"},{\"@type\":\"ListItem\",\"position\":2,\"name\":\"Chemia\",\"item\":\"https:\/\/www.medistyl.cz\/pl\/chemia\/\"},{\"@type\":\"ListItem\",\"position\":3,\"name\":\"Baza danych\",\"item\":\"https:\/\/www.medistyl.cz\/pl\/chemia\/baza-danych\/\"},{\"@type\":\"ListItem\",\"position\":4,\"name\":\"ADRem\"}]},{\"@type\":\"WebSite\",\"@id\":\"https:\/\/www.medistyl.cz\/pl\/#website\",\"url\":\"https:\/\/www.medistyl.cz\/pl\/\",\"name\":\"MEDISTYL\",\"description\":\"MEDISTYL\",\"potentialAction\":[{\"@type\":\"SearchAction\",\"target\":{\"@type\":\"EntryPoint\",\"urlTemplate\":\"https:\/\/www.medistyl.cz\/pl\/?s={search_term_string}\"},\"query-input\":{\"@type\":\"PropertyValueSpecification\",\"valueRequired\":true,\"valueName\":\"search_term_string\"}}],\"inLanguage\":\"pl-PL\"}]}<\/script>\n<!-- \/ Yoast SEO plugin. -->","yoast_head_json":{"title":"ADRem - MEDISTYL","robots":{"index":"index","follow":"follow","max-snippet":"max-snippet:-1","max-image-preview":"max-image-preview:large","max-video-preview":"max-video-preview:-1"},"canonical":"https:\/\/www.medistyl.cz\/pl\/chemia\/baza-danych\/adrem\/","og_locale":"pl_PL","og_type":"article","og_title":"ADRem - MEDISTYL","og_description":"W celu u\u0142atwienia pracy z Umow\u0105 ADR, firma DEKRA CZ a.s. we wsp\u00f3\u0142pracy z Medistyl, spol. s r.o. stworzy\u0142a oprogramowanie \u201eADRem\u201d (po \u0142acinie \u2013 \u201eDo rzeczy\u201d). Podstaw\u0105 tego programu jest tabela 3.2 A ADR \u2013 wykaz towar\u00f3w niebezpiecznych wed\u0142ug numer\u00f3w identyfikacyjnych poszczeg\u00f3lnych substancji, gdzie wszystkie informacje zawarte w tabeli Umowy ADR w formie link\u00f3w dla","og_url":"https:\/\/www.medistyl.cz\/pl\/chemia\/baza-danych\/adrem\/","og_site_name":"MEDISTYL","article_modified_time":"2022-01-04T14:13:46+00:00","og_image":[{"width":1000,"height":1000,"url":"https:\/\/www.medistyl.cz\/wp-content\/uploads\/medistyl.png","type":"image\/png"}],"twitter_card":"summary_large_image","twitter_misc":{"Szacowany czas czytania":"2 minuty"},"schema":{"@context":"https:\/\/schema.org","@graph":[{"@type":"WebPage","@id":"https:\/\/www.medistyl.cz\/pl\/chemia\/baza-danych\/adrem\/","url":"https:\/\/www.medistyl.cz\/pl\/chemia\/baza-danych\/adrem\/","name":"ADRem - MEDISTYL","isPartOf":{"@id":"https:\/\/www.medistyl.cz\/pl\/#website"},"datePublished":"2021-11-13T00:42:27+00:00","dateModified":"2022-01-04T14:13:46+00:00","breadcrumb":{"@id":"https:\/\/www.medistyl.cz\/pl\/chemia\/baza-danych\/adrem\/#breadcrumb"},"inLanguage":"pl-PL","potentialAction":[{"@type":"ReadAction","target":["https:\/\/www.medistyl.cz\/pl\/chemia\/baza-danych\/adrem\/"]}]},{"@type":"BreadcrumbList","@id":"https:\/\/www.medistyl.cz\/pl\/chemia\/baza-danych\/adrem\/#breadcrumb","itemListElement":[{"@type":"ListItem","position":1,"name":"Dom\u016f","item":"https:\/\/www.medistyl.cz\/pl\/"},{"@type":"ListItem","position":2,"name":"Chemia","item":"https:\/\/www.medistyl.cz\/pl\/chemia\/"},{"@type":"ListItem","position":3,"name":"Baza danych","item":"https:\/\/www.medistyl.cz\/pl\/chemia\/baza-danych\/"},{"@type":"ListItem","position":4,"name":"ADRem"}]},{"@type":"WebSite","@id":"https:\/\/www.medistyl.cz\/pl\/#website","url":"https:\/\/www.medistyl.cz\/pl\/","name":"MEDISTYL","description":"MEDISTYL","potentialAction":[{"@type":"SearchAction","target":{"@type":"EntryPoint","urlTemplate":"https:\/\/www.medistyl.cz\/pl\/?s={search_term_string}"},"query-input":{"@type":"PropertyValueSpecification","valueRequired":true,"valueName":"search_term_string"}}],"inLanguage":"pl-PL"}]}},"_links":{"self":[{"href":"https:\/\/www.medistyl.cz\/pl\/wp-json\/wp\/v2\/pages\/1334","targetHints":{"allow":["GET"]}}],"collection":[{"href":"https:\/\/www.medistyl.cz\/pl\/wp-json\/wp\/v2\/pages"}],"about":[{"href":"https:\/\/www.medistyl.cz\/pl\/wp-json\/wp\/v2\/types\/page"}],"author":[{"embeddable":true,"href":"https:\/\/www.medistyl.cz\/pl\/wp-json\/wp\/v2\/users\/1"}],"replies":[{"embeddable":true,"href":"https:\/\/www.medistyl.cz\/pl\/wp-json\/wp\/v2\/comments?post=1334"}],"version-history":[{"count":0,"href":"https:\/\/www.medistyl.cz\/pl\/wp-json\/wp\/v2\/pages\/1334\/revisions"}],"up":[{"embeddable":true,"href":"https:\/\/www.medistyl.cz\/pl\/wp-json\/wp\/v2\/pages\/1349"}],"wp:attachment":[{"href":"https:\/\/www.medistyl.cz\/pl\/wp-json\/wp\/v2\/media?parent=1334"}],"curies":[{"name":"wp","href":"https:\/\/api.w.org\/{rel}","templated":true}]}}