{"id":1335,"date":"2021-11-13T01:42:35","date_gmt":"2021-11-13T00:42:35","guid":{"rendered":"https:\/\/www.medistyl.cz\/ridem\/"},"modified":"2021-11-26T08:46:06","modified_gmt":"2021-11-26T07:46:06","slug":"ridem","status":"publish","type":"page","link":"https:\/\/www.medistyl.cz\/pl\/chemia\/baza-danych\/ridem\/","title":{"rendered":"RIDem"},"content":{"rendered":"<p>Program RIDem zosta\u0142 stworzony przez DEKRA CZ a. s. we wsp\u00f3\u0142pracy z Medistyl, spol. s r.o. i przetwarza Regulamin mi\u0119dzynarodowego przewozu kolejami towar\u00f3w niebezpiecznych (RID) do formy elektronicznej zawsze w aktualnym brzmieniu. Jego misj\u0105 jest zasadnicze u\u0142atwienie i usprawnienie prac z tymi przepisami. Podstaw\u0105 tego programu jest tabela 3.2 A RID \u2013 wykaz towar\u00f3w niebezpiecznych wed\u0142ug numer\u00f3w identyfikacyjnych poszczeg\u00f3lnych substancji, gdzie wszystkie informacje zawarte w tej tabeli w formie link\u00f3w dla danej substancji pojawiaj\u0105 si\u0119 w g\u0142\u00f3wnym oknie programu.<\/p>\n<h2>\u00a0G\u0142\u00f3wne zalety programu<\/h2>\n<ul>\n<li aria-level=\"1\">interaktywno\u015b\u0107\u00a0\u2013 pozwala wybra\u0107 substancj\u0119 zgodnie z okre\u015blonymi kryteriami, zawiera aktywne linki itp.<\/li>\n<li aria-level=\"1\">kompleksowo\u015b\u0107 \u2013 kompleksowo zajmuje si\u0119 problematyk\u0105 transportu towar\u00f3w niebezpiecznych nie tylko z punktu widzenia Umowy RID, ale tak\u017ce z punktu widzenia rozporz\u0105dzenia CLP<\/li>\n<li aria-level=\"1\">jest obrazowy \u2013 wy\u015bwietla m.in. sylwetki wagon\u00f3w kolejowych z prawid\u0142owym oznakowaniem RID, w cz\u0119\u015bci dotycz\u0105cej opakowa\u0144 wy\u015bwietlone s\u0105 przyk\u0142ady kod\u00f3w z wyja\u015bnieniem itp.<\/li>\n<li aria-level=\"1\">jest wieloj\u0119zyczny\u00a0\u2013 nazwy substancji wymienione s\u0105 w j\u0119zyku czeskim, s\u0142owackim, niemieckim, angielskim, francuskim i polskim<\/li>\n<\/ul>\n<h2>Wymagania systemowe<\/h2>\n<ul>\n<li aria-level=\"1\">System operacyjny Microsoft Windows 10 w obs\u0142ugiwanych zestawach<\/li>\n<li aria-level=\"1\">najni\u017csze dopuszczalne wymaganie 8 GB pami\u0119ci RAM<\/li>\n<li aria-level=\"1\">najni\u017cszy dopuszczalny wym\u00f3g HDD 500\u00a0GB (RIDem zajmuje ok. 4\u00a0GB)<\/li>\n<li aria-level=\"1\">do drukowania w formacie DOC Microsoft Office<\/li>\n<li aria-level=\"1\">rozdzielczo\u015b\u0107 min. 1280 \u00d7 1024<\/li>\n<li aria-level=\"1\">Przegl\u0105darka internetowa MS Edge (wersja 81 lub wy\u017csza), Google Chrome (wersja 81 lub wy\u017csza) lub Mozilla Firefox (wersja 74 lub wy\u017csza)<\/li>\n<\/ul>\n<p>&nbsp;<\/p>\n<p>&nbsp;<\/p>\n","protected":false},"excerpt":{"rendered":"<p>Program RIDem zosta\u0142 stworzony przez DEKRA CZ a. s. we wsp\u00f3\u0142pracy z Medistyl, spol. s r.o. i przetwarza Regulamin mi\u0119dzynarodowego przewozu kolejami towar\u00f3w niebezpiecznych (RID) do formy elektronicznej zawsze w aktualnym brzmieniu. Jego misj\u0105 jest zasadnicze u\u0142atwienie i usprawnienie prac z tymi przepisami. Podstaw\u0105 tego programu jest tabela 3.2 A RID \u2013 wykaz towar\u00f3w niebezpiecznych <\/p>\n","protected":false},"author":1,"featured_media":0,"parent":1349,"menu_order":0,"comment_status":"closed","ping_status":"closed","template":"","meta":{"_acf_changed":false,"inline_featured_image":false,"footnotes":""},"class_list":["post-1335","page","type-page","status-publish","hentry"],"acf":[],"yoast_head":"<!-- This site is optimized with the Yoast SEO plugin v26.6 - https:\/\/yoast.com\/wordpress\/plugins\/seo\/ -->\n<title>RIDem - MEDISTYL<\/title>\n<meta name=\"robots\" content=\"index, follow, max-snippet:-1, max-image-preview:large, max-video-preview:-1\" \/>\n<link rel=\"canonical\" href=\"https:\/\/www.medistyl.cz\/pl\/chemia\/baza-danych\/ridem\/\" \/>\n<meta property=\"og:locale\" content=\"pl_PL\" \/>\n<meta property=\"og:type\" content=\"article\" \/>\n<meta property=\"og:title\" content=\"RIDem - MEDISTYL\" \/>\n<meta property=\"og:description\" content=\"Program RIDem zosta\u0142 stworzony przez DEKRA CZ a. s. we wsp\u00f3\u0142pracy z Medistyl, spol. s r.o. i przetwarza Regulamin mi\u0119dzynarodowego przewozu kolejami towar\u00f3w niebezpiecznych (RID) do formy elektronicznej zawsze w aktualnym brzmieniu. Jego misj\u0105 jest zasadnicze u\u0142atwienie i usprawnienie prac z tymi przepisami. Podstaw\u0105 tego programu jest tabela 3.2 A RID \u2013 wykaz towar\u00f3w niebezpiecznych\" \/>\n<meta property=\"og:url\" content=\"https:\/\/www.medistyl.cz\/pl\/chemia\/baza-danych\/ridem\/\" \/>\n<meta property=\"og:site_name\" content=\"MEDISTYL\" \/>\n<meta property=\"article:modified_time\" content=\"2021-11-26T07:46:06+00:00\" \/>\n<meta property=\"og:image\" content=\"https:\/\/www.medistyl.cz\/wp-content\/uploads\/medistyl.png\" \/>\n\t<meta property=\"og:image:width\" content=\"1000\" \/>\n\t<meta property=\"og:image:height\" content=\"1000\" \/>\n\t<meta property=\"og:image:type\" content=\"image\/png\" \/>\n<meta name=\"twitter:card\" content=\"summary_large_image\" \/>\n<meta name=\"twitter:label1\" content=\"Szacowany czas czytania\" \/>\n\t<meta name=\"twitter:data1\" content=\"1 minuta\" \/>\n<script type=\"application\/ld+json\" class=\"yoast-schema-graph\">{\"@context\":\"https:\/\/schema.org\",\"@graph\":[{\"@type\":\"WebPage\",\"@id\":\"https:\/\/www.medistyl.cz\/pl\/chemia\/baza-danych\/ridem\/\",\"url\":\"https:\/\/www.medistyl.cz\/pl\/chemia\/baza-danych\/ridem\/\",\"name\":\"RIDem - MEDISTYL\",\"isPartOf\":{\"@id\":\"https:\/\/www.medistyl.cz\/pl\/#website\"},\"datePublished\":\"2021-11-13T00:42:35+00:00\",\"dateModified\":\"2021-11-26T07:46:06+00:00\",\"breadcrumb\":{\"@id\":\"https:\/\/www.medistyl.cz\/pl\/chemia\/baza-danych\/ridem\/#breadcrumb\"},\"inLanguage\":\"pl-PL\",\"potentialAction\":[{\"@type\":\"ReadAction\",\"target\":[\"https:\/\/www.medistyl.cz\/pl\/chemia\/baza-danych\/ridem\/\"]}]},{\"@type\":\"BreadcrumbList\",\"@id\":\"https:\/\/www.medistyl.cz\/pl\/chemia\/baza-danych\/ridem\/#breadcrumb\",\"itemListElement\":[{\"@type\":\"ListItem\",\"position\":1,\"name\":\"Dom\u016f\",\"item\":\"https:\/\/www.medistyl.cz\/pl\/\"},{\"@type\":\"ListItem\",\"position\":2,\"name\":\"Chemia\",\"item\":\"https:\/\/www.medistyl.cz\/pl\/chemia\/\"},{\"@type\":\"ListItem\",\"position\":3,\"name\":\"Baza danych\",\"item\":\"https:\/\/www.medistyl.cz\/pl\/chemia\/baza-danych\/\"},{\"@type\":\"ListItem\",\"position\":4,\"name\":\"RIDem\"}]},{\"@type\":\"WebSite\",\"@id\":\"https:\/\/www.medistyl.cz\/pl\/#website\",\"url\":\"https:\/\/www.medistyl.cz\/pl\/\",\"name\":\"MEDISTYL\",\"description\":\"MEDISTYL\",\"potentialAction\":[{\"@type\":\"SearchAction\",\"target\":{\"@type\":\"EntryPoint\",\"urlTemplate\":\"https:\/\/www.medistyl.cz\/pl\/?s={search_term_string}\"},\"query-input\":{\"@type\":\"PropertyValueSpecification\",\"valueRequired\":true,\"valueName\":\"search_term_string\"}}],\"inLanguage\":\"pl-PL\"}]}<\/script>\n<!-- \/ Yoast SEO plugin. -->","yoast_head_json":{"title":"RIDem - MEDISTYL","robots":{"index":"index","follow":"follow","max-snippet":"max-snippet:-1","max-image-preview":"max-image-preview:large","max-video-preview":"max-video-preview:-1"},"canonical":"https:\/\/www.medistyl.cz\/pl\/chemia\/baza-danych\/ridem\/","og_locale":"pl_PL","og_type":"article","og_title":"RIDem - MEDISTYL","og_description":"Program RIDem zosta\u0142 stworzony przez DEKRA CZ a. s. we wsp\u00f3\u0142pracy z Medistyl, spol. s r.o. i przetwarza Regulamin mi\u0119dzynarodowego przewozu kolejami towar\u00f3w niebezpiecznych (RID) do formy elektronicznej zawsze w aktualnym brzmieniu. Jego misj\u0105 jest zasadnicze u\u0142atwienie i usprawnienie prac z tymi przepisami. Podstaw\u0105 tego programu jest tabela 3.2 A RID \u2013 wykaz towar\u00f3w niebezpiecznych","og_url":"https:\/\/www.medistyl.cz\/pl\/chemia\/baza-danych\/ridem\/","og_site_name":"MEDISTYL","article_modified_time":"2021-11-26T07:46:06+00:00","og_image":[{"width":1000,"height":1000,"url":"https:\/\/www.medistyl.cz\/wp-content\/uploads\/medistyl.png","type":"image\/png"}],"twitter_card":"summary_large_image","twitter_misc":{"Szacowany czas czytania":"1 minuta"},"schema":{"@context":"https:\/\/schema.org","@graph":[{"@type":"WebPage","@id":"https:\/\/www.medistyl.cz\/pl\/chemia\/baza-danych\/ridem\/","url":"https:\/\/www.medistyl.cz\/pl\/chemia\/baza-danych\/ridem\/","name":"RIDem - MEDISTYL","isPartOf":{"@id":"https:\/\/www.medistyl.cz\/pl\/#website"},"datePublished":"2021-11-13T00:42:35+00:00","dateModified":"2021-11-26T07:46:06+00:00","breadcrumb":{"@id":"https:\/\/www.medistyl.cz\/pl\/chemia\/baza-danych\/ridem\/#breadcrumb"},"inLanguage":"pl-PL","potentialAction":[{"@type":"ReadAction","target":["https:\/\/www.medistyl.cz\/pl\/chemia\/baza-danych\/ridem\/"]}]},{"@type":"BreadcrumbList","@id":"https:\/\/www.medistyl.cz\/pl\/chemia\/baza-danych\/ridem\/#breadcrumb","itemListElement":[{"@type":"ListItem","position":1,"name":"Dom\u016f","item":"https:\/\/www.medistyl.cz\/pl\/"},{"@type":"ListItem","position":2,"name":"Chemia","item":"https:\/\/www.medistyl.cz\/pl\/chemia\/"},{"@type":"ListItem","position":3,"name":"Baza danych","item":"https:\/\/www.medistyl.cz\/pl\/chemia\/baza-danych\/"},{"@type":"ListItem","position":4,"name":"RIDem"}]},{"@type":"WebSite","@id":"https:\/\/www.medistyl.cz\/pl\/#website","url":"https:\/\/www.medistyl.cz\/pl\/","name":"MEDISTYL","description":"MEDISTYL","potentialAction":[{"@type":"SearchAction","target":{"@type":"EntryPoint","urlTemplate":"https:\/\/www.medistyl.cz\/pl\/?s={search_term_string}"},"query-input":{"@type":"PropertyValueSpecification","valueRequired":true,"valueName":"search_term_string"}}],"inLanguage":"pl-PL"}]}},"_links":{"self":[{"href":"https:\/\/www.medistyl.cz\/pl\/wp-json\/wp\/v2\/pages\/1335","targetHints":{"allow":["GET"]}}],"collection":[{"href":"https:\/\/www.medistyl.cz\/pl\/wp-json\/wp\/v2\/pages"}],"about":[{"href":"https:\/\/www.medistyl.cz\/pl\/wp-json\/wp\/v2\/types\/page"}],"author":[{"embeddable":true,"href":"https:\/\/www.medistyl.cz\/pl\/wp-json\/wp\/v2\/users\/1"}],"replies":[{"embeddable":true,"href":"https:\/\/www.medistyl.cz\/pl\/wp-json\/wp\/v2\/comments?post=1335"}],"version-history":[{"count":0,"href":"https:\/\/www.medistyl.cz\/pl\/wp-json\/wp\/v2\/pages\/1335\/revisions"}],"up":[{"embeddable":true,"href":"https:\/\/www.medistyl.cz\/pl\/wp-json\/wp\/v2\/pages\/1349"}],"wp:attachment":[{"href":"https:\/\/www.medistyl.cz\/pl\/wp-json\/wp\/v2\/media?parent=1335"}],"curies":[{"name":"wp","href":"https:\/\/api.w.org\/{rel}","templated":true}]}}