{"id":1337,"date":"2021-11-13T01:42:49","date_gmt":"2021-11-13T00:42:49","guid":{"rendered":"https:\/\/www.medistyl.cz\/badania-na-wybrane-tematy\/"},"modified":"2022-01-06T13:04:45","modified_gmt":"2022-01-06T12:04:45","slug":"badania-na-wybrane-tematy","status":"publish","type":"page","link":"https:\/\/www.medistyl.cz\/pl\/badania\/badania-na-wybrane-tematy\/","title":{"rendered":"Badania na wybrane tematy"},"content":{"rendered":"<p>Dost\u0119p do sieci STN International, obejmuj\u0105cej wi\u0119cej ni\u017c 100 unikatowych baz danych r\u00f3\u017cnych producent\u00f3w z ca\u0142ego \u015bwiata, w po\u0142\u0105czeniu z naszym do\u015bwiadczonym zespo\u0142em umo\u017cliwia nam w dziedzinie bada\u0144 dostarczy\u0107 szerok\u0105 gam\u0119 us\u0142ug w zakresie specjalistycznym i geograficznym.<\/p>\n<h2>Portfolio us\u0142ug<\/h2>\n<ul>\n<li aria-level=\"2\">Retrospektywne analizy pi\u015bmiennictwa \u00a0i dokumentacji patentowej<\/li>\n<li aria-level=\"2\">Jednorazowe badania na wybrany temat<\/li>\n<li aria-level=\"2\">Wyszukiwanie informacji o substancjach (w tym szczeg\u00f3\u0142owe informacje o w\u0142a\u015bciwo\u015bciach fizykochemicznych, toksykologicznych lub ekotoksykologicznych)<\/li>\n<li aria-level=\"2\">Przetwarzanie raport\u00f3w z bada\u0144, zawieraj\u0105cych opr\u00f3cz informacji \u017ar\u00f3d\u0142owych warto\u015b\u0107 dodan\u0105 pod postaci\u0105 ewaluacji, komentarzy itp. zgodnie z Twoimi wymaganiami<\/li>\n<li aria-level=\"2\">Wyszukiwanie zbli\u017conych informacji w naukowych bazach danych w oparciu o wybrane dokument\u00f3w, w celu\u0107 kompleksowego przegl\u0105du okre\u015blonych zagadnie\u0144<\/li>\n<li aria-level=\"2\">Przeszukiwanie r\u00f3\u017cnych baz danych lub ich kombinacji, wyselekcjonowanych przez Ciebie lub na podstawie naszej rekomendacji, najcz\u0119\u015bciej pod k\u0105tem informacji z:\n<ul>\n<li aria-level=\"3\">dziedziny medycyny i farmacji, np.: Medline\/PubMed, Embase, Biosis, ADIS, Biotechnobase, Scisearch, Toxcenter, Chemical Abstracts, DDFU\/Drugu, INPADOCDB<\/li>\n<li aria-level=\"3\">dziedziny chemii, np.: Chemical Abstracts, Chemical Business Newsbase (CBNB), ReaxysFile, CHEMLIST, CHEMCATS, Compendex, INSPEC, MSDS-OHS, PROMT, RAPRA, Science Citation Index, WSCA, RTECS<\/li>\n<li aria-level=\"3\">obszaru patent\u00f3w: unikatowa patentowa baza danych Derwent World Patents Index<\/li>\n<\/ul>\n<\/li>\n<\/ul>\n<h2>Badania z\u00a0dziedziny nadzoru nad bezpiecze\u0144stwem farmakoterapii i bada\u0144 klinicznych<\/h2>\n<ul>\n<li aria-level=\"2\">Monitorowanie pi\u015bmiennictwa na potrzeby GVP, QPPV i i inne wymogi nadzoru nad bezpiecze\u0144stwem farmakoterapii<\/li>\n<li aria-level=\"2\">Regularne monitorowanie wybranych baz danych w okre\u015blonych interwa\u0142ach czasowych (cotygodniowych, comiesi\u0119cznych, kwartalnych itd.)<\/li>\n<li aria-level=\"2\">Monitorowanie czasopism specjalistycznych (MLM)<\/li>\n<li>Monitorowanie globalnych baz medycznych<\/li>\n<li aria-level=\"2\">Monitorowanie produkt\u00f3w leczniczych<\/li>\n<li aria-level=\"2\">Przeszukiwanie literatury pod k\u0105tem s\u0142\u00f3w kluczowych, np.: dzia\u0142ania niepo\u017c\u0105dane, zastosowanie poza wskazaniem rejestracyjnym, \u00a0nara\u017cenie zawodowe, b\u0142\u0105d medycznyreklamacje dot. produktu, ci\u0105\u017ca i karmienie piersi\u0105, nadwra\u017cliwo\u015b\u0107, brak skuteczno\u015bci, falsyfikaty (off-label, medication errors, product complaints), itp.<\/li>\n<\/ul>\n<h2>Raporty opublikowanych nowo\u015bci z wybranej problematyki<\/h2>\n<ul>\n<li aria-level=\"2\">W cz\u0119stotliwo\u015bci cotygodniowej (np. w zakresie GVP wed\u0142ug wymaga\u0144 Individual Case Safety Reports)<\/li>\n<li aria-level=\"2\">Retrospektywnie za wskazany przez Ciebie okres (np. w zakresie GVP wed\u0142ug wymaga\u0144 dla Okresowego Raportu o Bezpiecze\u0144stwie: Periodic Safety Update Report [PSUR])<\/li>\n<\/ul>\n<h2>Us\u0142ugi dodatkowe<\/h2>\n<ul>\n<li aria-level=\"2\">Ocena wynik\u00f3w bada\u0144 (np. z punktu widzenia nadzoru nad bezpiecze\u0144stwem farmakoterapii), przypadk\u00f3w, ocena medyczna lub inna specjalistyczna, follow-up, wype\u0142nienie formularza CIOMS, <a href=\"https:\/\/www.medistyl.cz\/pl\/badania\/tlumaczenia\/\">t\u0142umaczenia<\/a> artyku\u0142\u00f3w<\/li>\n<li aria-level=\"2\">Us\u0142ugi dostosowane do wymaga\u0144 klienta<\/li>\n<\/ul>\n","protected":false},"excerpt":{"rendered":"<p>Dost\u0119p do sieci STN International, obejmuj\u0105cej wi\u0119cej ni\u017c 100 unikatowych baz danych r\u00f3\u017cnych producent\u00f3w z ca\u0142ego \u015bwiata, w po\u0142\u0105czeniu z naszym do\u015bwiadczonym zespo\u0142em umo\u017cliwia nam w dziedzinie bada\u0144 dostarczy\u0107 szerok\u0105 gam\u0119 us\u0142ug w zakresie specjalistycznym i geograficznym. Portfolio us\u0142ug Retrospektywne analizy pi\u015bmiennictwa \u00a0i dokumentacji patentowej Jednorazowe badania na wybrany temat Wyszukiwanie informacji o substancjach (w <\/p>\n","protected":false},"author":1,"featured_media":0,"parent":1340,"menu_order":0,"comment_status":"closed","ping_status":"closed","template":"","meta":{"_acf_changed":false,"inline_featured_image":false,"footnotes":""},"class_list":["post-1337","page","type-page","status-publish","hentry"],"acf":[],"yoast_head":"<!-- This site is optimized with the Yoast SEO plugin v26.6 - https:\/\/yoast.com\/wordpress\/plugins\/seo\/ -->\n<title>Badania na wybrane tematy - MEDISTYL<\/title>\n<meta name=\"robots\" content=\"index, follow, max-snippet:-1, max-image-preview:large, max-video-preview:-1\" \/>\n<link rel=\"canonical\" href=\"https:\/\/www.medistyl.cz\/pl\/badania\/badania-na-wybrane-tematy\/\" \/>\n<meta property=\"og:locale\" content=\"pl_PL\" \/>\n<meta property=\"og:type\" content=\"article\" \/>\n<meta property=\"og:title\" content=\"Badania na wybrane tematy - MEDISTYL\" \/>\n<meta property=\"og:description\" content=\"Dost\u0119p do sieci STN International, obejmuj\u0105cej wi\u0119cej ni\u017c 100 unikatowych baz danych r\u00f3\u017cnych producent\u00f3w z ca\u0142ego \u015bwiata, w po\u0142\u0105czeniu z naszym do\u015bwiadczonym zespo\u0142em umo\u017cliwia nam w dziedzinie bada\u0144 dostarczy\u0107 szerok\u0105 gam\u0119 us\u0142ug w zakresie specjalistycznym i geograficznym. Portfolio us\u0142ug Retrospektywne analizy pi\u015bmiennictwa \u00a0i dokumentacji patentowej Jednorazowe badania na wybrany temat Wyszukiwanie informacji o substancjach (w\" \/>\n<meta property=\"og:url\" content=\"https:\/\/www.medistyl.cz\/pl\/badania\/badania-na-wybrane-tematy\/\" \/>\n<meta property=\"og:site_name\" content=\"MEDISTYL\" \/>\n<meta property=\"article:modified_time\" content=\"2022-01-06T12:04:45+00:00\" \/>\n<meta property=\"og:image\" content=\"https:\/\/www.medistyl.cz\/wp-content\/uploads\/medistyl.png\" \/>\n\t<meta property=\"og:image:width\" content=\"1000\" \/>\n\t<meta property=\"og:image:height\" content=\"1000\" \/>\n\t<meta property=\"og:image:type\" content=\"image\/png\" \/>\n<meta name=\"twitter:card\" content=\"summary_large_image\" \/>\n<meta name=\"twitter:label1\" content=\"Szacowany czas czytania\" \/>\n\t<meta name=\"twitter:data1\" content=\"2 minuty\" \/>\n<script type=\"application\/ld+json\" class=\"yoast-schema-graph\">{\"@context\":\"https:\/\/schema.org\",\"@graph\":[{\"@type\":\"WebPage\",\"@id\":\"https:\/\/www.medistyl.cz\/pl\/badania\/badania-na-wybrane-tematy\/\",\"url\":\"https:\/\/www.medistyl.cz\/pl\/badania\/badania-na-wybrane-tematy\/\",\"name\":\"Badania na wybrane tematy - MEDISTYL\",\"isPartOf\":{\"@id\":\"https:\/\/www.medistyl.cz\/pl\/#website\"},\"datePublished\":\"2021-11-13T00:42:49+00:00\",\"dateModified\":\"2022-01-06T12:04:45+00:00\",\"breadcrumb\":{\"@id\":\"https:\/\/www.medistyl.cz\/pl\/badania\/badania-na-wybrane-tematy\/#breadcrumb\"},\"inLanguage\":\"pl-PL\",\"potentialAction\":[{\"@type\":\"ReadAction\",\"target\":[\"https:\/\/www.medistyl.cz\/pl\/badania\/badania-na-wybrane-tematy\/\"]}]},{\"@type\":\"BreadcrumbList\",\"@id\":\"https:\/\/www.medistyl.cz\/pl\/badania\/badania-na-wybrane-tematy\/#breadcrumb\",\"itemListElement\":[{\"@type\":\"ListItem\",\"position\":1,\"name\":\"Dom\u016f\",\"item\":\"https:\/\/www.medistyl.cz\/pl\/\"},{\"@type\":\"ListItem\",\"position\":2,\"name\":\"Przeszukiwanie baz danych\",\"item\":\"https:\/\/www.medistyl.cz\/pl\/badania\/\"},{\"@type\":\"ListItem\",\"position\":3,\"name\":\"Badania na wybrane tematy\"}]},{\"@type\":\"WebSite\",\"@id\":\"https:\/\/www.medistyl.cz\/pl\/#website\",\"url\":\"https:\/\/www.medistyl.cz\/pl\/\",\"name\":\"MEDISTYL\",\"description\":\"MEDISTYL\",\"potentialAction\":[{\"@type\":\"SearchAction\",\"target\":{\"@type\":\"EntryPoint\",\"urlTemplate\":\"https:\/\/www.medistyl.cz\/pl\/?s={search_term_string}\"},\"query-input\":{\"@type\":\"PropertyValueSpecification\",\"valueRequired\":true,\"valueName\":\"search_term_string\"}}],\"inLanguage\":\"pl-PL\"}]}<\/script>\n<!-- \/ Yoast SEO plugin. -->","yoast_head_json":{"title":"Badania na wybrane tematy - MEDISTYL","robots":{"index":"index","follow":"follow","max-snippet":"max-snippet:-1","max-image-preview":"max-image-preview:large","max-video-preview":"max-video-preview:-1"},"canonical":"https:\/\/www.medistyl.cz\/pl\/badania\/badania-na-wybrane-tematy\/","og_locale":"pl_PL","og_type":"article","og_title":"Badania na wybrane tematy - MEDISTYL","og_description":"Dost\u0119p do sieci STN International, obejmuj\u0105cej wi\u0119cej ni\u017c 100 unikatowych baz danych r\u00f3\u017cnych producent\u00f3w z ca\u0142ego \u015bwiata, w po\u0142\u0105czeniu z naszym do\u015bwiadczonym zespo\u0142em umo\u017cliwia nam w dziedzinie bada\u0144 dostarczy\u0107 szerok\u0105 gam\u0119 us\u0142ug w zakresie specjalistycznym i geograficznym. Portfolio us\u0142ug Retrospektywne analizy pi\u015bmiennictwa \u00a0i dokumentacji patentowej Jednorazowe badania na wybrany temat Wyszukiwanie informacji o substancjach (w","og_url":"https:\/\/www.medistyl.cz\/pl\/badania\/badania-na-wybrane-tematy\/","og_site_name":"MEDISTYL","article_modified_time":"2022-01-06T12:04:45+00:00","og_image":[{"width":1000,"height":1000,"url":"https:\/\/www.medistyl.cz\/wp-content\/uploads\/medistyl.png","type":"image\/png"}],"twitter_card":"summary_large_image","twitter_misc":{"Szacowany czas czytania":"2 minuty"},"schema":{"@context":"https:\/\/schema.org","@graph":[{"@type":"WebPage","@id":"https:\/\/www.medistyl.cz\/pl\/badania\/badania-na-wybrane-tematy\/","url":"https:\/\/www.medistyl.cz\/pl\/badania\/badania-na-wybrane-tematy\/","name":"Badania na wybrane tematy - MEDISTYL","isPartOf":{"@id":"https:\/\/www.medistyl.cz\/pl\/#website"},"datePublished":"2021-11-13T00:42:49+00:00","dateModified":"2022-01-06T12:04:45+00:00","breadcrumb":{"@id":"https:\/\/www.medistyl.cz\/pl\/badania\/badania-na-wybrane-tematy\/#breadcrumb"},"inLanguage":"pl-PL","potentialAction":[{"@type":"ReadAction","target":["https:\/\/www.medistyl.cz\/pl\/badania\/badania-na-wybrane-tematy\/"]}]},{"@type":"BreadcrumbList","@id":"https:\/\/www.medistyl.cz\/pl\/badania\/badania-na-wybrane-tematy\/#breadcrumb","itemListElement":[{"@type":"ListItem","position":1,"name":"Dom\u016f","item":"https:\/\/www.medistyl.cz\/pl\/"},{"@type":"ListItem","position":2,"name":"Przeszukiwanie baz danych","item":"https:\/\/www.medistyl.cz\/pl\/badania\/"},{"@type":"ListItem","position":3,"name":"Badania na wybrane tematy"}]},{"@type":"WebSite","@id":"https:\/\/www.medistyl.cz\/pl\/#website","url":"https:\/\/www.medistyl.cz\/pl\/","name":"MEDISTYL","description":"MEDISTYL","potentialAction":[{"@type":"SearchAction","target":{"@type":"EntryPoint","urlTemplate":"https:\/\/www.medistyl.cz\/pl\/?s={search_term_string}"},"query-input":{"@type":"PropertyValueSpecification","valueRequired":true,"valueName":"search_term_string"}}],"inLanguage":"pl-PL"}]}},"_links":{"self":[{"href":"https:\/\/www.medistyl.cz\/pl\/wp-json\/wp\/v2\/pages\/1337","targetHints":{"allow":["GET"]}}],"collection":[{"href":"https:\/\/www.medistyl.cz\/pl\/wp-json\/wp\/v2\/pages"}],"about":[{"href":"https:\/\/www.medistyl.cz\/pl\/wp-json\/wp\/v2\/types\/page"}],"author":[{"embeddable":true,"href":"https:\/\/www.medistyl.cz\/pl\/wp-json\/wp\/v2\/users\/1"}],"replies":[{"embeddable":true,"href":"https:\/\/www.medistyl.cz\/pl\/wp-json\/wp\/v2\/comments?post=1337"}],"version-history":[{"count":0,"href":"https:\/\/www.medistyl.cz\/pl\/wp-json\/wp\/v2\/pages\/1337\/revisions"}],"up":[{"embeddable":true,"href":"https:\/\/www.medistyl.cz\/pl\/wp-json\/wp\/v2\/pages\/1340"}],"wp:attachment":[{"href":"https:\/\/www.medistyl.cz\/pl\/wp-json\/wp\/v2\/media?parent=1337"}],"curies":[{"name":"wp","href":"https:\/\/api.w.org\/{rel}","templated":true}]}}