{"id":1338,"date":"2021-11-13T01:42:57","date_gmt":"2021-11-13T00:42:57","guid":{"rendered":"https:\/\/www.medistyl.cz\/strona-glowna\/"},"modified":"2022-01-03T16:14:26","modified_gmt":"2022-01-03T15:14:26","slug":"strona-glowna","status":"publish","type":"page","link":"https:\/\/www.medistyl.cz\/pl\/","title":{"rendered":"Strona g\u0142\u00f3wna"},"content":{"rendered":"<div class=\"half half-title\">\n<h1 class=\"section-title\">Us\u0142ugi informacyjne w Dziedzinie Farmacji, Chemii i Bada\u0144<\/h1>\n<p><a href=\"https:\/\/www.responsiblecare.cz\/\"><img decoding=\"async\" src=\"http:\/\/www.medistyl.cz\/wp-content\/themes\/medistyl.cz\/tmp\/res-car.png\" alt=\"#\" \/><\/a><\/p>\n<\/div>\n<div class=\"half\">\n<p><span style=\"font-weight: 400;\">Jeste\u015bmy stabiln\u0105 firm\u0105 z trzydziestoletnim do\u015bwiadczeniem w bran\u017cy, zespo\u0142em najlepszych ekspert\u00f3w \u00a0o szerokim uj\u0119ciem specjalistycznym i geograficznym, dysponuj\u0105cym zaawansowanym system jako\u015bci. <\/span><\/p>\n<p><span style=\"font-weight: 400;\">Oferujemy us\u0142ugi informacyjne, opieraj\u0105ce si\u0119 na lokalnyche i \u015bwiatowych \u017ar\u00f3da\u0142ach zze wszystkich obszar\u00f3w dzia\u0142alno\u015bci cz\u0142owieka, a zw\u0142aszcza w dziedzinach farmacji, medycyny, chemii i nauk przyrodniczych. Specjalizujemy si\u0119 w doradztwie w zakresie prawa chemicznego oraz problematyki niebezpiecznych chemikali\u00f3w i mieszanin w Republice Czeskiej i UE, na ka\u017cdym etapie \u0142a\u0144cucha dostaw.<\/span><\/p>\n<p>&nbsp;<\/p>\n<p><a class=\"button\" href=\"\/pl\/o-firmie\/\">Wi\u0119cej o Medistylu<\/a><\/p>\n<\/div>\n","protected":false},"excerpt":{"rendered":"<p>Us\u0142ugi informacyjne w Dziedzinie Farmacji, Chemii i Bada\u0144 Jeste\u015bmy stabiln\u0105 firm\u0105 z trzydziestoletnim do\u015bwiadczeniem w bran\u017cy, zespo\u0142em najlepszych ekspert\u00f3w \u00a0o szerokim uj\u0119ciem specjalistycznym i geograficznym, dysponuj\u0105cym zaawansowanym system jako\u015bci. Oferujemy us\u0142ugi informacyjne, opieraj\u0105ce si\u0119 na lokalnyche i \u015bwiatowych \u017ar\u00f3da\u0142ach zze wszystkich obszar\u00f3w dzia\u0142alno\u015bci cz\u0142owieka, a zw\u0142aszcza w dziedzinach farmacji, medycyny, chemii i nauk przyrodniczych. Specjalizujemy <\/p>\n","protected":false},"author":1,"featured_media":1937,"parent":0,"menu_order":-2,"comment_status":"closed","ping_status":"closed","template":"page-home.php","meta":{"_acf_changed":false,"inline_featured_image":false,"footnotes":""},"class_list":["post-1338","page","type-page","status-publish","has-post-thumbnail","hentry"],"acf":[],"yoast_head":"<!-- This site is optimized with the Yoast SEO plugin v26.6 - https:\/\/yoast.com\/wordpress\/plugins\/seo\/ -->\n<title>Strona g\u0142\u00f3wna - MEDISTYL<\/title>\n<meta name=\"robots\" content=\"index, follow, max-snippet:-1, max-image-preview:large, max-video-preview:-1\" \/>\n<link rel=\"canonical\" href=\"https:\/\/www.medistyl.cz\/pl\/\" \/>\n<meta property=\"og:locale\" content=\"pl_PL\" \/>\n<meta property=\"og:type\" content=\"article\" \/>\n<meta property=\"og:title\" content=\"Strona g\u0142\u00f3wna - MEDISTYL\" \/>\n<meta property=\"og:description\" content=\"Us\u0142ugi informacyjne w Dziedzinie Farmacji, Chemii i Bada\u0144 Jeste\u015bmy stabiln\u0105 firm\u0105 z trzydziestoletnim do\u015bwiadczeniem w bran\u017cy, zespo\u0142em najlepszych ekspert\u00f3w \u00a0o szerokim uj\u0119ciem specjalistycznym i geograficznym, dysponuj\u0105cym zaawansowanym system jako\u015bci. Oferujemy us\u0142ugi informacyjne, opieraj\u0105ce si\u0119 na lokalnyche i \u015bwiatowych \u017ar\u00f3da\u0142ach zze wszystkich obszar\u00f3w dzia\u0142alno\u015bci cz\u0142owieka, a zw\u0142aszcza w dziedzinach farmacji, medycyny, chemii i nauk przyrodniczych. Specjalizujemy\" \/>\n<meta property=\"og:url\" content=\"https:\/\/www.medistyl.cz\/pl\/\" \/>\n<meta property=\"og:site_name\" content=\"MEDISTYL\" \/>\n<meta property=\"article:modified_time\" content=\"2022-01-03T15:14:26+00:00\" \/>\n<meta property=\"og:image\" content=\"https:\/\/www.medistyl.cz\/wp-content\/uploads\/medistyl_logo.png\" \/>\n\t<meta property=\"og:image:width\" content=\"1000\" \/>\n\t<meta property=\"og:image:height\" content=\"600\" \/>\n\t<meta property=\"og:image:type\" content=\"image\/png\" \/>\n<meta name=\"twitter:card\" content=\"summary_large_image\" \/>\n<meta name=\"twitter:label1\" content=\"Szacowany czas czytania\" \/>\n\t<meta name=\"twitter:data1\" content=\"1 minuta\" \/>\n<script type=\"application\/ld+json\" class=\"yoast-schema-graph\">{\"@context\":\"https:\/\/schema.org\",\"@graph\":[{\"@type\":\"WebPage\",\"@id\":\"https:\/\/www.medistyl.cz\/pl\/\",\"url\":\"https:\/\/www.medistyl.cz\/pl\/\",\"name\":\"Strona g\u0142\u00f3wna - MEDISTYL\",\"isPartOf\":{\"@id\":\"https:\/\/www.medistyl.cz\/pl\/#website\"},\"primaryImageOfPage\":{\"@id\":\"https:\/\/www.medistyl.cz\/pl\/#primaryimage\"},\"image\":{\"@id\":\"https:\/\/www.medistyl.cz\/pl\/#primaryimage\"},\"thumbnailUrl\":\"https:\/\/www.medistyl.cz\/wp-content\/uploads\/medistyl_logo.png\",\"datePublished\":\"2021-11-13T00:42:57+00:00\",\"dateModified\":\"2022-01-03T15:14:26+00:00\",\"breadcrumb\":{\"@id\":\"https:\/\/www.medistyl.cz\/pl\/#breadcrumb\"},\"inLanguage\":\"pl-PL\",\"potentialAction\":[{\"@type\":\"ReadAction\",\"target\":[\"https:\/\/www.medistyl.cz\/pl\/\"]}]},{\"@type\":\"ImageObject\",\"inLanguage\":\"pl-PL\",\"@id\":\"https:\/\/www.medistyl.cz\/pl\/#primaryimage\",\"url\":\"https:\/\/www.medistyl.cz\/wp-content\/uploads\/medistyl_logo.png\",\"contentUrl\":\"https:\/\/www.medistyl.cz\/wp-content\/uploads\/medistyl_logo.png\",\"width\":1000,\"height\":600},{\"@type\":\"BreadcrumbList\",\"@id\":\"https:\/\/www.medistyl.cz\/pl\/#breadcrumb\",\"itemListElement\":[{\"@type\":\"ListItem\",\"position\":1,\"name\":\"Dom\u016f\",\"item\":\"https:\/\/www.medistyl.cz\/pl\/\"},{\"@type\":\"ListItem\",\"position\":2,\"name\":\"Strona g\u0142\u00f3wna\"}]},{\"@type\":\"WebSite\",\"@id\":\"https:\/\/www.medistyl.cz\/pl\/#website\",\"url\":\"https:\/\/www.medistyl.cz\/pl\/\",\"name\":\"MEDISTYL\",\"description\":\"MEDISTYL\",\"potentialAction\":[{\"@type\":\"SearchAction\",\"target\":{\"@type\":\"EntryPoint\",\"urlTemplate\":\"https:\/\/www.medistyl.cz\/pl\/?s={search_term_string}\"},\"query-input\":{\"@type\":\"PropertyValueSpecification\",\"valueRequired\":true,\"valueName\":\"search_term_string\"}}],\"inLanguage\":\"pl-PL\"}]}<\/script>\n<!-- \/ Yoast SEO plugin. -->","yoast_head_json":{"title":"Strona g\u0142\u00f3wna - MEDISTYL","robots":{"index":"index","follow":"follow","max-snippet":"max-snippet:-1","max-image-preview":"max-image-preview:large","max-video-preview":"max-video-preview:-1"},"canonical":"https:\/\/www.medistyl.cz\/pl\/","og_locale":"pl_PL","og_type":"article","og_title":"Strona g\u0142\u00f3wna - MEDISTYL","og_description":"Us\u0142ugi informacyjne w Dziedzinie Farmacji, Chemii i Bada\u0144 Jeste\u015bmy stabiln\u0105 firm\u0105 z trzydziestoletnim do\u015bwiadczeniem w bran\u017cy, zespo\u0142em najlepszych ekspert\u00f3w \u00a0o szerokim uj\u0119ciem specjalistycznym i geograficznym, dysponuj\u0105cym zaawansowanym system jako\u015bci. Oferujemy us\u0142ugi informacyjne, opieraj\u0105ce si\u0119 na lokalnyche i \u015bwiatowych \u017ar\u00f3da\u0142ach zze wszystkich obszar\u00f3w dzia\u0142alno\u015bci cz\u0142owieka, a zw\u0142aszcza w dziedzinach farmacji, medycyny, chemii i nauk przyrodniczych. Specjalizujemy","og_url":"https:\/\/www.medistyl.cz\/pl\/","og_site_name":"MEDISTYL","article_modified_time":"2022-01-03T15:14:26+00:00","og_image":[{"width":1000,"height":600,"url":"https:\/\/www.medistyl.cz\/wp-content\/uploads\/medistyl_logo.png","type":"image\/png"}],"twitter_card":"summary_large_image","twitter_misc":{"Szacowany czas czytania":"1 minuta"},"schema":{"@context":"https:\/\/schema.org","@graph":[{"@type":"WebPage","@id":"https:\/\/www.medistyl.cz\/pl\/","url":"https:\/\/www.medistyl.cz\/pl\/","name":"Strona g\u0142\u00f3wna - MEDISTYL","isPartOf":{"@id":"https:\/\/www.medistyl.cz\/pl\/#website"},"primaryImageOfPage":{"@id":"https:\/\/www.medistyl.cz\/pl\/#primaryimage"},"image":{"@id":"https:\/\/www.medistyl.cz\/pl\/#primaryimage"},"thumbnailUrl":"https:\/\/www.medistyl.cz\/wp-content\/uploads\/medistyl_logo.png","datePublished":"2021-11-13T00:42:57+00:00","dateModified":"2022-01-03T15:14:26+00:00","breadcrumb":{"@id":"https:\/\/www.medistyl.cz\/pl\/#breadcrumb"},"inLanguage":"pl-PL","potentialAction":[{"@type":"ReadAction","target":["https:\/\/www.medistyl.cz\/pl\/"]}]},{"@type":"ImageObject","inLanguage":"pl-PL","@id":"https:\/\/www.medistyl.cz\/pl\/#primaryimage","url":"https:\/\/www.medistyl.cz\/wp-content\/uploads\/medistyl_logo.png","contentUrl":"https:\/\/www.medistyl.cz\/wp-content\/uploads\/medistyl_logo.png","width":1000,"height":600},{"@type":"BreadcrumbList","@id":"https:\/\/www.medistyl.cz\/pl\/#breadcrumb","itemListElement":[{"@type":"ListItem","position":1,"name":"Dom\u016f","item":"https:\/\/www.medistyl.cz\/pl\/"},{"@type":"ListItem","position":2,"name":"Strona g\u0142\u00f3wna"}]},{"@type":"WebSite","@id":"https:\/\/www.medistyl.cz\/pl\/#website","url":"https:\/\/www.medistyl.cz\/pl\/","name":"MEDISTYL","description":"MEDISTYL","potentialAction":[{"@type":"SearchAction","target":{"@type":"EntryPoint","urlTemplate":"https:\/\/www.medistyl.cz\/pl\/?s={search_term_string}"},"query-input":{"@type":"PropertyValueSpecification","valueRequired":true,"valueName":"search_term_string"}}],"inLanguage":"pl-PL"}]}},"_links":{"self":[{"href":"https:\/\/www.medistyl.cz\/pl\/wp-json\/wp\/v2\/pages\/1338","targetHints":{"allow":["GET"]}}],"collection":[{"href":"https:\/\/www.medistyl.cz\/pl\/wp-json\/wp\/v2\/pages"}],"about":[{"href":"https:\/\/www.medistyl.cz\/pl\/wp-json\/wp\/v2\/types\/page"}],"author":[{"embeddable":true,"href":"https:\/\/www.medistyl.cz\/pl\/wp-json\/wp\/v2\/users\/1"}],"replies":[{"embeddable":true,"href":"https:\/\/www.medistyl.cz\/pl\/wp-json\/wp\/v2\/comments?post=1338"}],"version-history":[{"count":0,"href":"https:\/\/www.medistyl.cz\/pl\/wp-json\/wp\/v2\/pages\/1338\/revisions"}],"wp:featuredmedia":[{"embeddable":true,"href":"https:\/\/www.medistyl.cz\/pl\/wp-json\/wp\/v2\/media\/1937"}],"wp:attachment":[{"href":"https:\/\/www.medistyl.cz\/pl\/wp-json\/wp\/v2\/media?parent=1338"}],"curies":[{"name":"wp","href":"https:\/\/api.w.org\/{rel}","templated":true}]}}