{"id":1339,"date":"2021-11-13T01:43:07","date_gmt":"2021-11-13T00:43:07","guid":{"rendered":"https:\/\/www.medistyl.cz\/farmacja\/"},"modified":"2024-11-14T14:45:53","modified_gmt":"2024-11-14T13:45:53","slug":"farmacja","status":"publish","type":"page","link":"https:\/\/www.medistyl.cz\/pl\/farmacja\/","title":{"rendered":"Farmacja"},"content":{"rendered":"<p>Firma Medistyl, spol. s r.o. oferuje kompleksowe us\u0142ugi zwi\u0105zane z wyszukiwaniem i pozyskiwaniem informacji (tj. data mining) ze \u017ar\u00f3de\u0142 lokalnych i \u015bwiatowych, zw\u0142aszcza w dziedzinach farmacji i medycyny. W bran\u017cy informacji medycznej dzia\u0142amy ju\u017c od 1991 roku, dzi\u0119ki czemu zbudowali\u015bmy zesp\u00f3\u0142 ekspert\u00f3w z bogatym do\u015bwiadczeniem i wiedz\u0105, z zapleczem tradycyjnej firmy. Ponadto Medistyl jest od wielu lat posiadaczem <a href=\"https:\/\/www.medistyl.cz\/wp-content\/uploads\/Certificate_Responsible-Care_Medistyl_2024_10_ENG.pdf\">certyfikatu<\/a> i logo <a href=\"https:\/\/www.responsiblecare.cz\/\">Responsible Care<\/a>.<\/p>\n<p>Medistyl otrzyma\u0142 r\u00f3wnie\u017c <a href=\"https:\/\/www.medistyl.cz\/wp-content\/uploads\/QMFocus_certificate_2022_11_30_signed.pdf\">Certyfikat zgodno\u015bci z GVP<\/a> na podstawie niezale\u017cnego audytu.<\/p>\n<h2>Portfolio us\u0142ug<\/h2>\n<p>Dzia\u0142 Farmacji specjalizuje si\u0119 g\u0142\u00f3wnie w <a href=\"\/pl\/farmacja\/monitoring-literatury-lokalnej\/\">monitoringu lokalnej prasy medycznej<\/a> w ramach miejscowej prasy i czasopism oraz <a href=\"\/pl\/farmacja\/monitoring-literatury-globalnej\/\">literatury \u015bwiatowej<\/a> w\u00a0ramach mi\u0119dzynarodowych baz danych.<\/p>\n<p>Oferujemy r\u00f3wnie\u017c us\u0142ugi w zakresie monitoringu bezpiecze\u0144stwa lek\u00f3w (<a href=\"\/pl\/farmacja\/nadzor-nad-bezpieczenstwem-farmakoterapii\/\">pharmacovigilance<\/a>) i wyrob\u00f3w medycznych (<a href=\"\/pl\/farmacja\/nadzor-nad-wyrobami-medycznymi\/\">materiovigilance<\/a>).<\/p>\n<p>Naszym priorytetem jest \u015bwiadczenie us\u0142ug zgodnych z wymogami Unii Europejskiej i poszczeg\u00f3lnych kraj\u00f3w cz\u0142onkowskich. K\u0142adziemy tak\u017ce nacisk na zadowolenie klient\u00f3w i usprawnienie formalno\u015bci oraz czynno\u015bci b\u0119d\u0105cych po Pa\u0144stwa stronie.<\/p>\n","protected":false},"excerpt":{"rendered":"<p>Firma Medistyl, spol. s r.o. oferuje kompleksowe us\u0142ugi zwi\u0105zane z wyszukiwaniem i pozyskiwaniem informacji (tj. data mining) ze \u017ar\u00f3de\u0142 lokalnych i \u015bwiatowych, zw\u0142aszcza w dziedzinach farmacji i medycyny. W bran\u017cy informacji medycznej dzia\u0142amy ju\u017c od 1991 roku, dzi\u0119ki czemu zbudowali\u015bmy zesp\u00f3\u0142 ekspert\u00f3w z bogatym do\u015bwiadczeniem i wiedz\u0105, z zapleczem tradycyjnej firmy. Ponadto Medistyl jest od <\/p>\n","protected":false},"author":1,"featured_media":0,"parent":0,"menu_order":20,"comment_status":"closed","ping_status":"closed","template":"","meta":{"_acf_changed":false,"inline_featured_image":false,"footnotes":""},"class_list":["post-1339","page","type-page","status-publish","hentry"],"acf":[],"yoast_head":"<!-- This site is optimized with the Yoast SEO plugin v26.6 - https:\/\/yoast.com\/wordpress\/plugins\/seo\/ -->\n<title>Farmacja - MEDISTYL<\/title>\n<meta name=\"robots\" content=\"index, follow, max-snippet:-1, max-image-preview:large, max-video-preview:-1\" \/>\n<link rel=\"canonical\" href=\"https:\/\/www.medistyl.cz\/pl\/farmacja\/\" \/>\n<meta property=\"og:locale\" content=\"pl_PL\" \/>\n<meta property=\"og:type\" content=\"article\" \/>\n<meta property=\"og:title\" content=\"Farmacja - MEDISTYL\" \/>\n<meta property=\"og:description\" content=\"Firma Medistyl, spol. s r.o. oferuje kompleksowe us\u0142ugi zwi\u0105zane z wyszukiwaniem i pozyskiwaniem informacji (tj. data mining) ze \u017ar\u00f3de\u0142 lokalnych i \u015bwiatowych, zw\u0142aszcza w dziedzinach farmacji i medycyny. W bran\u017cy informacji medycznej dzia\u0142amy ju\u017c od 1991 roku, dzi\u0119ki czemu zbudowali\u015bmy zesp\u00f3\u0142 ekspert\u00f3w z bogatym do\u015bwiadczeniem i wiedz\u0105, z zapleczem tradycyjnej firmy. Ponadto Medistyl jest od\" \/>\n<meta property=\"og:url\" content=\"https:\/\/www.medistyl.cz\/pl\/farmacja\/\" \/>\n<meta property=\"og:site_name\" content=\"MEDISTYL\" \/>\n<meta property=\"article:modified_time\" content=\"2024-11-14T13:45:53+00:00\" \/>\n<meta property=\"og:image\" content=\"https:\/\/www.medistyl.cz\/wp-content\/uploads\/medistyl.png\" \/>\n\t<meta property=\"og:image:width\" content=\"1000\" \/>\n\t<meta property=\"og:image:height\" content=\"1000\" \/>\n\t<meta property=\"og:image:type\" content=\"image\/png\" \/>\n<meta name=\"twitter:card\" content=\"summary_large_image\" \/>\n<meta name=\"twitter:label1\" content=\"Szacowany czas czytania\" \/>\n\t<meta name=\"twitter:data1\" content=\"1 minuta\" \/>\n<script type=\"application\/ld+json\" class=\"yoast-schema-graph\">{\"@context\":\"https:\/\/schema.org\",\"@graph\":[{\"@type\":\"WebPage\",\"@id\":\"https:\/\/www.medistyl.cz\/pl\/farmacja\/\",\"url\":\"https:\/\/www.medistyl.cz\/pl\/farmacja\/\",\"name\":\"Farmacja - MEDISTYL\",\"isPartOf\":{\"@id\":\"https:\/\/www.medistyl.cz\/pl\/#website\"},\"datePublished\":\"2021-11-13T00:43:07+00:00\",\"dateModified\":\"2024-11-14T13:45:53+00:00\",\"breadcrumb\":{\"@id\":\"https:\/\/www.medistyl.cz\/pl\/farmacja\/#breadcrumb\"},\"inLanguage\":\"pl-PL\",\"potentialAction\":[{\"@type\":\"ReadAction\",\"target\":[\"https:\/\/www.medistyl.cz\/pl\/farmacja\/\"]}]},{\"@type\":\"BreadcrumbList\",\"@id\":\"https:\/\/www.medistyl.cz\/pl\/farmacja\/#breadcrumb\",\"itemListElement\":[{\"@type\":\"ListItem\",\"position\":1,\"name\":\"Dom\u016f\",\"item\":\"https:\/\/www.medistyl.cz\/pl\/\"},{\"@type\":\"ListItem\",\"position\":2,\"name\":\"Farmacja\"}]},{\"@type\":\"WebSite\",\"@id\":\"https:\/\/www.medistyl.cz\/pl\/#website\",\"url\":\"https:\/\/www.medistyl.cz\/pl\/\",\"name\":\"MEDISTYL\",\"description\":\"MEDISTYL\",\"potentialAction\":[{\"@type\":\"SearchAction\",\"target\":{\"@type\":\"EntryPoint\",\"urlTemplate\":\"https:\/\/www.medistyl.cz\/pl\/?s={search_term_string}\"},\"query-input\":{\"@type\":\"PropertyValueSpecification\",\"valueRequired\":true,\"valueName\":\"search_term_string\"}}],\"inLanguage\":\"pl-PL\"}]}<\/script>\n<!-- \/ Yoast SEO plugin. -->","yoast_head_json":{"title":"Farmacja - MEDISTYL","robots":{"index":"index","follow":"follow","max-snippet":"max-snippet:-1","max-image-preview":"max-image-preview:large","max-video-preview":"max-video-preview:-1"},"canonical":"https:\/\/www.medistyl.cz\/pl\/farmacja\/","og_locale":"pl_PL","og_type":"article","og_title":"Farmacja - MEDISTYL","og_description":"Firma Medistyl, spol. s r.o. oferuje kompleksowe us\u0142ugi zwi\u0105zane z wyszukiwaniem i pozyskiwaniem informacji (tj. data mining) ze \u017ar\u00f3de\u0142 lokalnych i \u015bwiatowych, zw\u0142aszcza w dziedzinach farmacji i medycyny. W bran\u017cy informacji medycznej dzia\u0142amy ju\u017c od 1991 roku, dzi\u0119ki czemu zbudowali\u015bmy zesp\u00f3\u0142 ekspert\u00f3w z bogatym do\u015bwiadczeniem i wiedz\u0105, z zapleczem tradycyjnej firmy. Ponadto Medistyl jest od","og_url":"https:\/\/www.medistyl.cz\/pl\/farmacja\/","og_site_name":"MEDISTYL","article_modified_time":"2024-11-14T13:45:53+00:00","og_image":[{"width":1000,"height":1000,"url":"https:\/\/www.medistyl.cz\/wp-content\/uploads\/medistyl.png","type":"image\/png"}],"twitter_card":"summary_large_image","twitter_misc":{"Szacowany czas czytania":"1 minuta"},"schema":{"@context":"https:\/\/schema.org","@graph":[{"@type":"WebPage","@id":"https:\/\/www.medistyl.cz\/pl\/farmacja\/","url":"https:\/\/www.medistyl.cz\/pl\/farmacja\/","name":"Farmacja - MEDISTYL","isPartOf":{"@id":"https:\/\/www.medistyl.cz\/pl\/#website"},"datePublished":"2021-11-13T00:43:07+00:00","dateModified":"2024-11-14T13:45:53+00:00","breadcrumb":{"@id":"https:\/\/www.medistyl.cz\/pl\/farmacja\/#breadcrumb"},"inLanguage":"pl-PL","potentialAction":[{"@type":"ReadAction","target":["https:\/\/www.medistyl.cz\/pl\/farmacja\/"]}]},{"@type":"BreadcrumbList","@id":"https:\/\/www.medistyl.cz\/pl\/farmacja\/#breadcrumb","itemListElement":[{"@type":"ListItem","position":1,"name":"Dom\u016f","item":"https:\/\/www.medistyl.cz\/pl\/"},{"@type":"ListItem","position":2,"name":"Farmacja"}]},{"@type":"WebSite","@id":"https:\/\/www.medistyl.cz\/pl\/#website","url":"https:\/\/www.medistyl.cz\/pl\/","name":"MEDISTYL","description":"MEDISTYL","potentialAction":[{"@type":"SearchAction","target":{"@type":"EntryPoint","urlTemplate":"https:\/\/www.medistyl.cz\/pl\/?s={search_term_string}"},"query-input":{"@type":"PropertyValueSpecification","valueRequired":true,"valueName":"search_term_string"}}],"inLanguage":"pl-PL"}]}},"_links":{"self":[{"href":"https:\/\/www.medistyl.cz\/pl\/wp-json\/wp\/v2\/pages\/1339","targetHints":{"allow":["GET"]}}],"collection":[{"href":"https:\/\/www.medistyl.cz\/pl\/wp-json\/wp\/v2\/pages"}],"about":[{"href":"https:\/\/www.medistyl.cz\/pl\/wp-json\/wp\/v2\/types\/page"}],"author":[{"embeddable":true,"href":"https:\/\/www.medistyl.cz\/pl\/wp-json\/wp\/v2\/users\/1"}],"replies":[{"embeddable":true,"href":"https:\/\/www.medistyl.cz\/pl\/wp-json\/wp\/v2\/comments?post=1339"}],"version-history":[{"count":0,"href":"https:\/\/www.medistyl.cz\/pl\/wp-json\/wp\/v2\/pages\/1339\/revisions"}],"wp:attachment":[{"href":"https:\/\/www.medistyl.cz\/pl\/wp-json\/wp\/v2\/media?parent=1339"}],"curies":[{"name":"wp","href":"https:\/\/api.w.org\/{rel}","templated":true}]}}