{"id":1340,"date":"2021-11-13T01:43:15","date_gmt":"2021-11-13T00:43:15","guid":{"rendered":"https:\/\/www.medistyl.cz\/badania\/"},"modified":"2022-01-06T12:52:19","modified_gmt":"2022-01-06T11:52:19","slug":"badania","status":"publish","type":"page","link":"https:\/\/www.medistyl.cz\/pl\/badania\/","title":{"rendered":"Przeszukiwanie baz danych"},"content":{"rendered":"<p>Dzi\u0119ki d\u0142ugiej wsp\u00f3\u0142pracy z\u00a0sieci\u0105 bazy danych <a href=\"https:\/\/www.stn-international.com\/\">STN<\/a> (Scientific and Technical Information Network) International nasza firma Medistyl, spol. s r.o., posiada dost\u0119p online do artyku\u0142\u00f3w naukowych i patent\u00f3w opublikowanych w ponad 100 bazach naukowych, technicznych i patentowych, skoncentrowanych w ramach jednej platformy. Dzi\u0119ki temu mo\u017cemy zaoferowa\u0107 Pa\u0144stwu us\u0142ugi poszukiwania i analizy informacji w wyj\u0105tkowo szerokim uj\u0119ciu specjalistycznym i geograficznym.<\/p>\n<h2>Portfolio us\u0142ug<\/h2>\n<p><a href=\"\/pl\/badania\/badania-na-wybrane-tematy\/\">Badania na wybrane tematy<\/a><br \/>\n<a href=\"\/pl\/badania\/badania-patentowe\/\">Badania patentowe<\/a><br \/>\n<a href=\"\/pl\/badania\/tlumaczenia\/\">T\u0142umaczenia<\/a><\/p>\n<p>Od momentu powstania w 1991 roku koncentrujemy si\u0119 na us\u0142ugach informacyjnych, kt\u00f3re s\u0105 przydatne dla ekspert\u00f3w z szerokiego kr\u0119gu dyscyplin: chemii, medycyny, farmacji, technologii, QPPV, lokalnych QPPV, rzecznik\u00f3w patentowych, s\u0142u\u017cb ratunkowych itd. Od 1993 roku jeste\u015bmy tak\u017ce wy\u0142\u0105cznym przedstawicielem STN International dla Czech, S\u0142owacji, Polski i W\u0119gier. STN International to platforma naukowo-techniczna, zapewniaj\u0105ca dost\u0119p do wydanych na ca\u0142ym \u015bwiecie artyku\u0142\u00f3w naukowych, patent\u00f3w i innych publikacji. Jest unikalnym \u017ar\u00f3d\u0142em informacji naukowych, technicznych, marketingowych i patentowych. Najcz\u0119\u015bciej stosowanymi przez nas bazami danych s\u0105 np.: Medline, Embase, Derwent Drug Files, SciSearch, Chemical Abstracts, Biosis, Compendex.<\/p>\n","protected":false},"excerpt":{"rendered":"<p>Dzi\u0119ki d\u0142ugiej wsp\u00f3\u0142pracy z\u00a0sieci\u0105 bazy danych STN (Scientific and Technical Information Network) International nasza firma Medistyl, spol. s r.o., posiada dost\u0119p online do artyku\u0142\u00f3w naukowych i patent\u00f3w opublikowanych w ponad 100 bazach naukowych, technicznych i patentowych, skoncentrowanych w ramach jednej platformy. Dzi\u0119ki temu mo\u017cemy zaoferowa\u0107 Pa\u0144stwu us\u0142ugi poszukiwania i analizy informacji w wyj\u0105tkowo szerokim uj\u0119ciu <\/p>\n","protected":false},"author":1,"featured_media":0,"parent":0,"menu_order":30,"comment_status":"closed","ping_status":"closed","template":"","meta":{"_acf_changed":false,"inline_featured_image":false,"footnotes":""},"class_list":["post-1340","page","type-page","status-publish","hentry"],"acf":[],"yoast_head":"<!-- This site is optimized with the Yoast SEO plugin v26.6 - https:\/\/yoast.com\/wordpress\/plugins\/seo\/ -->\n<title>Przeszukiwanie baz danych - MEDISTYL<\/title>\n<meta name=\"robots\" content=\"index, follow, max-snippet:-1, max-image-preview:large, max-video-preview:-1\" \/>\n<link rel=\"canonical\" href=\"https:\/\/www.medistyl.cz\/pl\/badania\/\" \/>\n<meta property=\"og:locale\" content=\"pl_PL\" \/>\n<meta property=\"og:type\" content=\"article\" \/>\n<meta property=\"og:title\" content=\"Przeszukiwanie baz danych - MEDISTYL\" \/>\n<meta property=\"og:description\" content=\"Dzi\u0119ki d\u0142ugiej wsp\u00f3\u0142pracy z\u00a0sieci\u0105 bazy danych STN (Scientific and Technical Information Network) International nasza firma Medistyl, spol. s r.o., posiada dost\u0119p online do artyku\u0142\u00f3w naukowych i patent\u00f3w opublikowanych w ponad 100 bazach naukowych, technicznych i patentowych, skoncentrowanych w ramach jednej platformy. Dzi\u0119ki temu mo\u017cemy zaoferowa\u0107 Pa\u0144stwu us\u0142ugi poszukiwania i analizy informacji w wyj\u0105tkowo szerokim uj\u0119ciu\" \/>\n<meta property=\"og:url\" content=\"https:\/\/www.medistyl.cz\/pl\/badania\/\" \/>\n<meta property=\"og:site_name\" content=\"MEDISTYL\" \/>\n<meta property=\"article:modified_time\" content=\"2022-01-06T11:52:19+00:00\" \/>\n<meta property=\"og:image\" content=\"https:\/\/www.medistyl.cz\/wp-content\/uploads\/medistyl.png\" \/>\n\t<meta property=\"og:image:width\" content=\"1000\" \/>\n\t<meta property=\"og:image:height\" content=\"1000\" \/>\n\t<meta property=\"og:image:type\" content=\"image\/png\" \/>\n<meta name=\"twitter:card\" content=\"summary_large_image\" \/>\n<meta name=\"twitter:label1\" content=\"Szacowany czas czytania\" \/>\n\t<meta name=\"twitter:data1\" content=\"1 minuta\" \/>\n<script type=\"application\/ld+json\" class=\"yoast-schema-graph\">{\"@context\":\"https:\/\/schema.org\",\"@graph\":[{\"@type\":\"WebPage\",\"@id\":\"https:\/\/www.medistyl.cz\/pl\/badania\/\",\"url\":\"https:\/\/www.medistyl.cz\/pl\/badania\/\",\"name\":\"Przeszukiwanie baz danych - MEDISTYL\",\"isPartOf\":{\"@id\":\"https:\/\/www.medistyl.cz\/pl\/#website\"},\"datePublished\":\"2021-11-13T00:43:15+00:00\",\"dateModified\":\"2022-01-06T11:52:19+00:00\",\"breadcrumb\":{\"@id\":\"https:\/\/www.medistyl.cz\/pl\/badania\/#breadcrumb\"},\"inLanguage\":\"pl-PL\",\"potentialAction\":[{\"@type\":\"ReadAction\",\"target\":[\"https:\/\/www.medistyl.cz\/pl\/badania\/\"]}]},{\"@type\":\"BreadcrumbList\",\"@id\":\"https:\/\/www.medistyl.cz\/pl\/badania\/#breadcrumb\",\"itemListElement\":[{\"@type\":\"ListItem\",\"position\":1,\"name\":\"Dom\u016f\",\"item\":\"https:\/\/www.medistyl.cz\/pl\/\"},{\"@type\":\"ListItem\",\"position\":2,\"name\":\"Przeszukiwanie baz danych\"}]},{\"@type\":\"WebSite\",\"@id\":\"https:\/\/www.medistyl.cz\/pl\/#website\",\"url\":\"https:\/\/www.medistyl.cz\/pl\/\",\"name\":\"MEDISTYL\",\"description\":\"MEDISTYL\",\"potentialAction\":[{\"@type\":\"SearchAction\",\"target\":{\"@type\":\"EntryPoint\",\"urlTemplate\":\"https:\/\/www.medistyl.cz\/pl\/?s={search_term_string}\"},\"query-input\":{\"@type\":\"PropertyValueSpecification\",\"valueRequired\":true,\"valueName\":\"search_term_string\"}}],\"inLanguage\":\"pl-PL\"}]}<\/script>\n<!-- \/ Yoast SEO plugin. -->","yoast_head_json":{"title":"Przeszukiwanie baz danych - MEDISTYL","robots":{"index":"index","follow":"follow","max-snippet":"max-snippet:-1","max-image-preview":"max-image-preview:large","max-video-preview":"max-video-preview:-1"},"canonical":"https:\/\/www.medistyl.cz\/pl\/badania\/","og_locale":"pl_PL","og_type":"article","og_title":"Przeszukiwanie baz danych - MEDISTYL","og_description":"Dzi\u0119ki d\u0142ugiej wsp\u00f3\u0142pracy z\u00a0sieci\u0105 bazy danych STN (Scientific and Technical Information Network) International nasza firma Medistyl, spol. s r.o., posiada dost\u0119p online do artyku\u0142\u00f3w naukowych i patent\u00f3w opublikowanych w ponad 100 bazach naukowych, technicznych i patentowych, skoncentrowanych w ramach jednej platformy. Dzi\u0119ki temu mo\u017cemy zaoferowa\u0107 Pa\u0144stwu us\u0142ugi poszukiwania i analizy informacji w wyj\u0105tkowo szerokim uj\u0119ciu","og_url":"https:\/\/www.medistyl.cz\/pl\/badania\/","og_site_name":"MEDISTYL","article_modified_time":"2022-01-06T11:52:19+00:00","og_image":[{"width":1000,"height":1000,"url":"https:\/\/www.medistyl.cz\/wp-content\/uploads\/medistyl.png","type":"image\/png"}],"twitter_card":"summary_large_image","twitter_misc":{"Szacowany czas czytania":"1 minuta"},"schema":{"@context":"https:\/\/schema.org","@graph":[{"@type":"WebPage","@id":"https:\/\/www.medistyl.cz\/pl\/badania\/","url":"https:\/\/www.medistyl.cz\/pl\/badania\/","name":"Przeszukiwanie baz danych - MEDISTYL","isPartOf":{"@id":"https:\/\/www.medistyl.cz\/pl\/#website"},"datePublished":"2021-11-13T00:43:15+00:00","dateModified":"2022-01-06T11:52:19+00:00","breadcrumb":{"@id":"https:\/\/www.medistyl.cz\/pl\/badania\/#breadcrumb"},"inLanguage":"pl-PL","potentialAction":[{"@type":"ReadAction","target":["https:\/\/www.medistyl.cz\/pl\/badania\/"]}]},{"@type":"BreadcrumbList","@id":"https:\/\/www.medistyl.cz\/pl\/badania\/#breadcrumb","itemListElement":[{"@type":"ListItem","position":1,"name":"Dom\u016f","item":"https:\/\/www.medistyl.cz\/pl\/"},{"@type":"ListItem","position":2,"name":"Przeszukiwanie baz danych"}]},{"@type":"WebSite","@id":"https:\/\/www.medistyl.cz\/pl\/#website","url":"https:\/\/www.medistyl.cz\/pl\/","name":"MEDISTYL","description":"MEDISTYL","potentialAction":[{"@type":"SearchAction","target":{"@type":"EntryPoint","urlTemplate":"https:\/\/www.medistyl.cz\/pl\/?s={search_term_string}"},"query-input":{"@type":"PropertyValueSpecification","valueRequired":true,"valueName":"search_term_string"}}],"inLanguage":"pl-PL"}]}},"_links":{"self":[{"href":"https:\/\/www.medistyl.cz\/pl\/wp-json\/wp\/v2\/pages\/1340","targetHints":{"allow":["GET"]}}],"collection":[{"href":"https:\/\/www.medistyl.cz\/pl\/wp-json\/wp\/v2\/pages"}],"about":[{"href":"https:\/\/www.medistyl.cz\/pl\/wp-json\/wp\/v2\/types\/page"}],"author":[{"embeddable":true,"href":"https:\/\/www.medistyl.cz\/pl\/wp-json\/wp\/v2\/users\/1"}],"replies":[{"embeddable":true,"href":"https:\/\/www.medistyl.cz\/pl\/wp-json\/wp\/v2\/comments?post=1340"}],"version-history":[{"count":0,"href":"https:\/\/www.medistyl.cz\/pl\/wp-json\/wp\/v2\/pages\/1340\/revisions"}],"wp:attachment":[{"href":"https:\/\/www.medistyl.cz\/pl\/wp-json\/wp\/v2\/media?parent=1340"}],"curies":[{"name":"wp","href":"https:\/\/api.w.org\/{rel}","templated":true}]}}