{"id":1342,"date":"2021-11-13T01:43:53","date_gmt":"2021-11-13T00:43:53","guid":{"rendered":"https:\/\/www.medistyl.cz\/wydarzenia-specjalistyczne\/"},"modified":"2022-01-03T13:53:16","modified_gmt":"2022-01-03T12:53:16","slug":"wydarzenia-specjalistyczne","status":"publish","type":"page","link":"https:\/\/www.medistyl.cz\/pl\/wydarzenia-specjalistyczne\/","title":{"rendered":"Wydarzenia bran\u017cowe"},"content":{"rendered":"<p>Regularnie organizujemy specjalistyczne seminaria, webinary i szkolenia z zakresu chemii, farmacji, bada\u0144 dla szerokiego grona odbiorc\u00f3w, jak r\u00f3wnie\u017c klient\u00f3w indywidualnych. Organizowane wydarzenia s\u0105 w pe\u0142ni dostosowane do wymaga\u0144 naszych klient\u00f3w.<\/p>\n<p>Je\u015bli chcesz otrzymywa\u0107 powiadomienia o organizowanych przez nas wydarzeniach bran\u017cowych, wystarczy wype\u0142ni\u0107 formularz kontaktowy.<\/p>\n","protected":false},"excerpt":{"rendered":"<p>Regularnie organizujemy specjalistyczne seminaria, webinary i szkolenia z zakresu chemii, farmacji, bada\u0144 dla szerokiego grona odbiorc\u00f3w, jak r\u00f3wnie\u017c klient\u00f3w indywidualnych. Organizowane wydarzenia s\u0105 w pe\u0142ni dostosowane do wymaga\u0144 naszych klient\u00f3w. Je\u015bli chcesz otrzymywa\u0107 powiadomienia o organizowanych przez nas wydarzeniach bran\u017cowych, wystarczy wype\u0142ni\u0107 formularz kontaktowy.<\/p>\n","protected":false},"author":1,"featured_media":0,"parent":0,"menu_order":50,"comment_status":"closed","ping_status":"closed","template":"page-seminare.php","meta":{"_acf_changed":false,"inline_featured_image":false,"footnotes":""},"class_list":["post-1342","page","type-page","status-publish","hentry"],"acf":[],"yoast_head":"<!-- This site is optimized with the Yoast SEO plugin v26.6 - https:\/\/yoast.com\/wordpress\/plugins\/seo\/ -->\n<title>Wydarzenia bran\u017cowe - MEDISTYL<\/title>\n<meta name=\"robots\" content=\"index, follow, max-snippet:-1, max-image-preview:large, max-video-preview:-1\" \/>\n<link rel=\"canonical\" href=\"https:\/\/www.medistyl.cz\/pl\/wydarzenia-specjalistyczne\/\" \/>\n<meta property=\"og:locale\" content=\"pl_PL\" \/>\n<meta property=\"og:type\" content=\"article\" \/>\n<meta property=\"og:title\" content=\"Wydarzenia bran\u017cowe - MEDISTYL\" \/>\n<meta property=\"og:description\" content=\"Regularnie organizujemy specjalistyczne seminaria, webinary i szkolenia z zakresu chemii, farmacji, bada\u0144 dla szerokiego grona odbiorc\u00f3w, jak r\u00f3wnie\u017c klient\u00f3w indywidualnych. Organizowane wydarzenia s\u0105 w pe\u0142ni dostosowane do wymaga\u0144 naszych klient\u00f3w. Je\u015bli chcesz otrzymywa\u0107 powiadomienia o organizowanych przez nas wydarzeniach bran\u017cowych, wystarczy wype\u0142ni\u0107 formularz kontaktowy.\" \/>\n<meta property=\"og:url\" content=\"https:\/\/www.medistyl.cz\/pl\/wydarzenia-specjalistyczne\/\" \/>\n<meta property=\"og:site_name\" content=\"MEDISTYL\" \/>\n<meta property=\"article:modified_time\" content=\"2022-01-03T12:53:16+00:00\" \/>\n<meta property=\"og:image\" content=\"https:\/\/www.medistyl.cz\/wp-content\/uploads\/medistyl.png\" \/>\n\t<meta property=\"og:image:width\" content=\"1000\" \/>\n\t<meta property=\"og:image:height\" content=\"1000\" \/>\n\t<meta property=\"og:image:type\" content=\"image\/png\" \/>\n<meta name=\"twitter:card\" content=\"summary_large_image\" \/>\n<meta name=\"twitter:label1\" content=\"Szacowany czas czytania\" \/>\n\t<meta name=\"twitter:data1\" content=\"1 minuta\" \/>\n<script type=\"application\/ld+json\" class=\"yoast-schema-graph\">{\"@context\":\"https:\/\/schema.org\",\"@graph\":[{\"@type\":\"WebPage\",\"@id\":\"https:\/\/www.medistyl.cz\/pl\/wydarzenia-specjalistyczne\/\",\"url\":\"https:\/\/www.medistyl.cz\/pl\/wydarzenia-specjalistyczne\/\",\"name\":\"Wydarzenia bran\u017cowe - MEDISTYL\",\"isPartOf\":{\"@id\":\"https:\/\/www.medistyl.cz\/pl\/#website\"},\"datePublished\":\"2021-11-13T00:43:53+00:00\",\"dateModified\":\"2022-01-03T12:53:16+00:00\",\"breadcrumb\":{\"@id\":\"https:\/\/www.medistyl.cz\/pl\/wydarzenia-specjalistyczne\/#breadcrumb\"},\"inLanguage\":\"pl-PL\",\"potentialAction\":[{\"@type\":\"ReadAction\",\"target\":[\"https:\/\/www.medistyl.cz\/pl\/wydarzenia-specjalistyczne\/\"]}]},{\"@type\":\"BreadcrumbList\",\"@id\":\"https:\/\/www.medistyl.cz\/pl\/wydarzenia-specjalistyczne\/#breadcrumb\",\"itemListElement\":[{\"@type\":\"ListItem\",\"position\":1,\"name\":\"Dom\u016f\",\"item\":\"https:\/\/www.medistyl.cz\/pl\/\"},{\"@type\":\"ListItem\",\"position\":2,\"name\":\"Wydarzenia bran\u017cowe\"}]},{\"@type\":\"WebSite\",\"@id\":\"https:\/\/www.medistyl.cz\/pl\/#website\",\"url\":\"https:\/\/www.medistyl.cz\/pl\/\",\"name\":\"MEDISTYL\",\"description\":\"MEDISTYL\",\"potentialAction\":[{\"@type\":\"SearchAction\",\"target\":{\"@type\":\"EntryPoint\",\"urlTemplate\":\"https:\/\/www.medistyl.cz\/pl\/?s={search_term_string}\"},\"query-input\":{\"@type\":\"PropertyValueSpecification\",\"valueRequired\":true,\"valueName\":\"search_term_string\"}}],\"inLanguage\":\"pl-PL\"}]}<\/script>\n<!-- \/ Yoast SEO plugin. -->","yoast_head_json":{"title":"Wydarzenia bran\u017cowe - MEDISTYL","robots":{"index":"index","follow":"follow","max-snippet":"max-snippet:-1","max-image-preview":"max-image-preview:large","max-video-preview":"max-video-preview:-1"},"canonical":"https:\/\/www.medistyl.cz\/pl\/wydarzenia-specjalistyczne\/","og_locale":"pl_PL","og_type":"article","og_title":"Wydarzenia bran\u017cowe - MEDISTYL","og_description":"Regularnie organizujemy specjalistyczne seminaria, webinary i szkolenia z zakresu chemii, farmacji, bada\u0144 dla szerokiego grona odbiorc\u00f3w, jak r\u00f3wnie\u017c klient\u00f3w indywidualnych. Organizowane wydarzenia s\u0105 w pe\u0142ni dostosowane do wymaga\u0144 naszych klient\u00f3w. Je\u015bli chcesz otrzymywa\u0107 powiadomienia o organizowanych przez nas wydarzeniach bran\u017cowych, wystarczy wype\u0142ni\u0107 formularz kontaktowy.","og_url":"https:\/\/www.medistyl.cz\/pl\/wydarzenia-specjalistyczne\/","og_site_name":"MEDISTYL","article_modified_time":"2022-01-03T12:53:16+00:00","og_image":[{"width":1000,"height":1000,"url":"https:\/\/www.medistyl.cz\/wp-content\/uploads\/medistyl.png","type":"image\/png"}],"twitter_card":"summary_large_image","twitter_misc":{"Szacowany czas czytania":"1 minuta"},"schema":{"@context":"https:\/\/schema.org","@graph":[{"@type":"WebPage","@id":"https:\/\/www.medistyl.cz\/pl\/wydarzenia-specjalistyczne\/","url":"https:\/\/www.medistyl.cz\/pl\/wydarzenia-specjalistyczne\/","name":"Wydarzenia bran\u017cowe - MEDISTYL","isPartOf":{"@id":"https:\/\/www.medistyl.cz\/pl\/#website"},"datePublished":"2021-11-13T00:43:53+00:00","dateModified":"2022-01-03T12:53:16+00:00","breadcrumb":{"@id":"https:\/\/www.medistyl.cz\/pl\/wydarzenia-specjalistyczne\/#breadcrumb"},"inLanguage":"pl-PL","potentialAction":[{"@type":"ReadAction","target":["https:\/\/www.medistyl.cz\/pl\/wydarzenia-specjalistyczne\/"]}]},{"@type":"BreadcrumbList","@id":"https:\/\/www.medistyl.cz\/pl\/wydarzenia-specjalistyczne\/#breadcrumb","itemListElement":[{"@type":"ListItem","position":1,"name":"Dom\u016f","item":"https:\/\/www.medistyl.cz\/pl\/"},{"@type":"ListItem","position":2,"name":"Wydarzenia bran\u017cowe"}]},{"@type":"WebSite","@id":"https:\/\/www.medistyl.cz\/pl\/#website","url":"https:\/\/www.medistyl.cz\/pl\/","name":"MEDISTYL","description":"MEDISTYL","potentialAction":[{"@type":"SearchAction","target":{"@type":"EntryPoint","urlTemplate":"https:\/\/www.medistyl.cz\/pl\/?s={search_term_string}"},"query-input":{"@type":"PropertyValueSpecification","valueRequired":true,"valueName":"search_term_string"}}],"inLanguage":"pl-PL"}]}},"_links":{"self":[{"href":"https:\/\/www.medistyl.cz\/pl\/wp-json\/wp\/v2\/pages\/1342","targetHints":{"allow":["GET"]}}],"collection":[{"href":"https:\/\/www.medistyl.cz\/pl\/wp-json\/wp\/v2\/pages"}],"about":[{"href":"https:\/\/www.medistyl.cz\/pl\/wp-json\/wp\/v2\/types\/page"}],"author":[{"embeddable":true,"href":"https:\/\/www.medistyl.cz\/pl\/wp-json\/wp\/v2\/users\/1"}],"replies":[{"embeddable":true,"href":"https:\/\/www.medistyl.cz\/pl\/wp-json\/wp\/v2\/comments?post=1342"}],"version-history":[{"count":0,"href":"https:\/\/www.medistyl.cz\/pl\/wp-json\/wp\/v2\/pages\/1342\/revisions"}],"wp:attachment":[{"href":"https:\/\/www.medistyl.cz\/pl\/wp-json\/wp\/v2\/media?parent=1342"}],"curies":[{"name":"wp","href":"https:\/\/api.w.org\/{rel}","templated":true}]}}