{"id":1343,"date":"2021-11-13T01:44:00","date_gmt":"2021-11-13T00:44:00","guid":{"rendered":"https:\/\/www.medistyl.cz\/o-firmie\/"},"modified":"2024-11-14T14:52:16","modified_gmt":"2024-11-14T13:52:16","slug":"o-firmie","status":"publish","type":"page","link":"https:\/\/www.medistyl.cz\/pl\/o-firmie\/","title":{"rendered":"O firmie"},"content":{"rendered":"<p>Medistyl, spol. s r.o., to czeska firma za\u0142o\u017cona w 1991 roku. Od pocz\u0105tku nasze dzia\u0142ania koncentrowa\u0142y si\u0119 na ochronie zdrowia, rozwoju technologii medycznych i produkt\u00f3w protetycznych, dzia\u0142aniach konsultingowych i projektowych w zakresie opieki i informatyki medycznej. W 1992 r. firma Medistyl rozszerzy\u0142a swoj\u0105 dzia\u0142alno\u015b\u0107 o us\u0142ugi informacyjne w dziedzinie chemii, w szczeg\u00f3lno\u015bci poprzez po\u015brednictwo w dost\u0119pie do chemicznych baz danych i stworzenie w\u0142asnej bazy niebezpiecznych chemikali\u00f3w MEDIS-ALARM. W 1993 roku firma sta\u0142a si\u0119 wy\u0142\u0105cznym przedstawicielem mi\u0119dzynarodowego systemu informacyjnego i sieci baz danych informacji naukowo-technicznych STN International dla Czech, S\u0142owacji, Polski i W\u0119gier. Opr\u00f3cz chemii i patent\u00f3w medycyna i farmacja sta\u0142y si\u0119 kolejnymi, wa\u017cnymi obszarami us\u0142ug. Od 1993 roku monitorujemy lokalne czasopisma farmaceutyczne i medyczne, koncentruj\u0105c si\u0119 na nadzorze nad bezpiecze\u0144stwem farmakoterapii.<\/p>\n<p>Do 2010 roku Medistyl by\u0142 zaanga\u017cowanych w r\u00f3\u017cnego typu dzia\u0142alno\u015b\u0107 z zakresu ochrony zdrowia, w tym \u00a0dystrybucj\u0119 lek\u00f3w i materia\u0142\u00f3w medycznych, prowadzenie apteki, \u015bwiadczyenie us\u0142ug higienicznych dla linii kolejowych \u010cesk\u00e9 dr\u00e1hy przez pi\u0119\u0107 lat, rozwini\u0119cie systemu kompleksowego zaopatrzenia szpitali w materia\u0142y medycze.<\/p>\n<p>Od roku 2013 Medistyl jest cz\u0142onkiem <a href=\"https:\/\/www.schp.cz\/\">Zwi\u0105zku Przemys\u0142u Chemicznego<\/a>,\u00a0a w roku 2015 po raz pierwszy obroni\u0142 prawa do u\u017cywania logo <a href=\"https:\/\/www.responsiblecare.cz\/\">RESPONSIBLE CARE<\/a>. W 2024 r. spe\u0142nili\u015bmy wymagania tej dobrowolnej globalnej inicjatywy przemys\u0142u chemicznego w dziedzinie zdrowia, bezpiecze\u0144stwa i \u015brodowiska. Certyfikat naszej firmy mo\u017cna zobaczy\u0107 <a href=\"https:\/\/www.medistyl.cz\/wp-content\/uploads\/Certificate_Responsible-Care_Medistyl_2024_10_ENG.pdf\">tutaj<\/a>.<\/p>\n<h2>Dzia\u0142 Farmacji<\/h2>\n<p>Od 2010 roku Medistyl koncentruje si\u0119 wy\u0142\u0105cznie na ofercie us\u0142ug informacyjnych. Dzia\u0142 Farmacji zapewnia wyj\u0105tkowe wsparcie w dziedzinie nadzoru nad bezpiecze\u0144stwem farmakoterapii, w szczeg\u00f3lno\u015bci w zakresie monitorowania literatury specjalistycznej. W dziedzinie monitorowania literatury lokalnej du\u017cy nacisk k\u0142adziemy na innowacyjno\u015b\u0107 \u015bwiadczonych us\u0142ug,i, a jednocze\u015bnie rzetelne spe\u0142nienianie wymog\u00f3w prawnych i oczekiwa\u0144 klient\u00f3w. W obszarze lokalnego monitoringu czasopism k\u0142adziemy r\u00f3wnie\u017c du\u017cy nacisk nazasi\u0119g geograficzny, dzi\u0119ki czemu mo\u017cemy zaoferowa\u0107 nasze us\u0142ugi w prawie wszystkich krajach europejskich. Dzi\u0119ki wieloletniej, \u015bcis\u0142ej wsp\u00f3\u0142pracy z sieci\u0105 informacji naukowo-technicznych \u00a0STN International oferujemy r\u00f3wnie\u017c monitoring literatury \u015bwiatowej. <a href=\"\/pl\/farmacja\/\">Wi\u0119cej informacji o Dziale Farmacji.<\/a><\/p>\n<h2>Dzia\u0142 Chemii<\/h2>\n<p>W ostatnich latach Dzia\u0142 Chemii znacznie rozszerzy\u0142 portfolio us\u0142ug doradczych w zakresie prawa chemicznego. Poza stworzeniem w\u0142asnej bazy danych MEDIS-ALARM i bycia wsp\u00f3\u0142autorem bazy danych ADRem koncentrujemy si\u0119 g\u0142\u00f3wnie na us\u0142ugach obejmuj\u0105cych doradztwo i pomoc w okre\u015blaniu wszystkich obowi\u0105zk\u00f3w na ka\u017cdym etapie \u0142a\u0144cucha dostaw niebezpiecznych chemikali\u00f3w i mieszanin (rozporz\u0105dzenia: REACH, CLP, o biocydach i detergentach). Jeste\u015bmy rzetelnym partnerem w tworzeniu i rewizji kart charakterystyki. <a href=\"\/pl\/chemia\/\">Wi\u0119cej informacji o Dziale Chemii.<\/a><\/p>\n<h2>Dzia\u0142 Bada\u0144<\/h2>\n<p>Dzia\u0142 Bada\u0144 uzupe\u0142nia dzia\u0142alno\u015b\u0107 Dzia\u0142\u00f3w Farmacji i Chemii poprzez przygotowywanie opracowa\u0144 dot. opublikowanych bada\u0144 \u00a0i patent\u00f3w, zar\u00f3wno regularnych, retrospektywnych, jak i i jednorazowych. Dzi\u0119ki unikalnemu dost\u0119powi do sieci informacji naukowo-technicznej STN International oferujemy przegl\u0105d bada\u0144 z szerokiej gamy nauk przyrodniczych i technicznych. W przypadku Twojego zaintersowania mo\u017cemy nie tylko przeprowadzi\u0107 analiz\u0119, lecz tak\u017ce zarekomendowa\u0107 bazy danych adekwatne dla obszaru Twoich poszukiwa\u0144. <a href=\"\/pl\/badania\/\">Wi\u0119cej informacji o Dziale Badaniach.<\/a><\/p>\n<h2>Szkolenia i seminaria specjalistyczne<\/h2>\n<p>Szkolenia stanowi\u0105 integraln\u0105 cz\u0119\u015b\u0107 us\u0142ug \u015bwiadczonych przez firmu Medistyl. Organizujemy seminaria specjalistyczne i webinary z zakresu wszystkich obszar\u00f3w naszej dzia\u0142alno\u015bci. Wydarzenia s\u0105dostosowane do indywidualnych potrzeb naszych klient\u00f3w, oraz spotkania u\u017cytkownik\u00f3w sieci baz danych.. <a href=\"\/pl\/wydarzenia-specjalistyczne\/\">Wi\u0119cej o szkoleniach i wydarzeniach bran\u017cowych.<\/a><\/p>\n","protected":false},"excerpt":{"rendered":"<p>Medistyl, spol. s r.o., to czeska firma za\u0142o\u017cona w 1991 roku. Od pocz\u0105tku nasze dzia\u0142ania koncentrowa\u0142y si\u0119 na ochronie zdrowia, rozwoju technologii medycznych i produkt\u00f3w protetycznych, dzia\u0142aniach konsultingowych i projektowych w zakresie opieki i informatyki medycznej. W 1992 r. firma Medistyl rozszerzy\u0142a swoj\u0105 dzia\u0142alno\u015b\u0107 o us\u0142ugi informacyjne w dziedzinie chemii, w szczeg\u00f3lno\u015bci poprzez po\u015brednictwo w <\/p>\n","protected":false},"author":1,"featured_media":0,"parent":0,"menu_order":40,"comment_status":"closed","ping_status":"closed","template":"","meta":{"_acf_changed":false,"inline_featured_image":false,"footnotes":""},"class_list":["post-1343","page","type-page","status-publish","hentry"],"acf":[],"yoast_head":"<!-- This site is optimized with the Yoast SEO plugin v26.6 - https:\/\/yoast.com\/wordpress\/plugins\/seo\/ -->\n<title>O firmie - MEDISTYL<\/title>\n<meta name=\"robots\" content=\"index, follow, max-snippet:-1, max-image-preview:large, max-video-preview:-1\" \/>\n<link rel=\"canonical\" href=\"https:\/\/www.medistyl.cz\/pl\/o-firmie\/\" \/>\n<meta property=\"og:locale\" content=\"pl_PL\" \/>\n<meta property=\"og:type\" content=\"article\" \/>\n<meta property=\"og:title\" content=\"O firmie - MEDISTYL\" \/>\n<meta property=\"og:description\" content=\"Medistyl, spol. s r.o., to czeska firma za\u0142o\u017cona w 1991 roku. Od pocz\u0105tku nasze dzia\u0142ania koncentrowa\u0142y si\u0119 na ochronie zdrowia, rozwoju technologii medycznych i produkt\u00f3w protetycznych, dzia\u0142aniach konsultingowych i projektowych w zakresie opieki i informatyki medycznej. W 1992 r. firma Medistyl rozszerzy\u0142a swoj\u0105 dzia\u0142alno\u015b\u0107 o us\u0142ugi informacyjne w dziedzinie chemii, w szczeg\u00f3lno\u015bci poprzez po\u015brednictwo w\" \/>\n<meta property=\"og:url\" content=\"https:\/\/www.medistyl.cz\/pl\/o-firmie\/\" \/>\n<meta property=\"og:site_name\" content=\"MEDISTYL\" \/>\n<meta property=\"article:modified_time\" content=\"2024-11-14T13:52:16+00:00\" \/>\n<meta property=\"og:image\" content=\"https:\/\/www.medistyl.cz\/wp-content\/uploads\/medistyl.png\" \/>\n\t<meta property=\"og:image:width\" content=\"1000\" \/>\n\t<meta property=\"og:image:height\" content=\"1000\" \/>\n\t<meta property=\"og:image:type\" content=\"image\/png\" \/>\n<meta name=\"twitter:card\" content=\"summary_large_image\" \/>\n<meta name=\"twitter:label1\" content=\"Szacowany czas czytania\" \/>\n\t<meta name=\"twitter:data1\" content=\"3 minuty\" \/>\n<script type=\"application\/ld+json\" class=\"yoast-schema-graph\">{\"@context\":\"https:\/\/schema.org\",\"@graph\":[{\"@type\":\"WebPage\",\"@id\":\"https:\/\/www.medistyl.cz\/pl\/o-firmie\/\",\"url\":\"https:\/\/www.medistyl.cz\/pl\/o-firmie\/\",\"name\":\"O firmie - MEDISTYL\",\"isPartOf\":{\"@id\":\"https:\/\/www.medistyl.cz\/pl\/#website\"},\"datePublished\":\"2021-11-13T00:44:00+00:00\",\"dateModified\":\"2024-11-14T13:52:16+00:00\",\"breadcrumb\":{\"@id\":\"https:\/\/www.medistyl.cz\/pl\/o-firmie\/#breadcrumb\"},\"inLanguage\":\"pl-PL\",\"potentialAction\":[{\"@type\":\"ReadAction\",\"target\":[\"https:\/\/www.medistyl.cz\/pl\/o-firmie\/\"]}]},{\"@type\":\"BreadcrumbList\",\"@id\":\"https:\/\/www.medistyl.cz\/pl\/o-firmie\/#breadcrumb\",\"itemListElement\":[{\"@type\":\"ListItem\",\"position\":1,\"name\":\"Dom\u016f\",\"item\":\"https:\/\/www.medistyl.cz\/pl\/\"},{\"@type\":\"ListItem\",\"position\":2,\"name\":\"O firmie\"}]},{\"@type\":\"WebSite\",\"@id\":\"https:\/\/www.medistyl.cz\/pl\/#website\",\"url\":\"https:\/\/www.medistyl.cz\/pl\/\",\"name\":\"MEDISTYL\",\"description\":\"MEDISTYL\",\"potentialAction\":[{\"@type\":\"SearchAction\",\"target\":{\"@type\":\"EntryPoint\",\"urlTemplate\":\"https:\/\/www.medistyl.cz\/pl\/?s={search_term_string}\"},\"query-input\":{\"@type\":\"PropertyValueSpecification\",\"valueRequired\":true,\"valueName\":\"search_term_string\"}}],\"inLanguage\":\"pl-PL\"}]}<\/script>\n<!-- \/ Yoast SEO plugin. -->","yoast_head_json":{"title":"O firmie - MEDISTYL","robots":{"index":"index","follow":"follow","max-snippet":"max-snippet:-1","max-image-preview":"max-image-preview:large","max-video-preview":"max-video-preview:-1"},"canonical":"https:\/\/www.medistyl.cz\/pl\/o-firmie\/","og_locale":"pl_PL","og_type":"article","og_title":"O firmie - MEDISTYL","og_description":"Medistyl, spol. s r.o., to czeska firma za\u0142o\u017cona w 1991 roku. Od pocz\u0105tku nasze dzia\u0142ania koncentrowa\u0142y si\u0119 na ochronie zdrowia, rozwoju technologii medycznych i produkt\u00f3w protetycznych, dzia\u0142aniach konsultingowych i projektowych w zakresie opieki i informatyki medycznej. W 1992 r. firma Medistyl rozszerzy\u0142a swoj\u0105 dzia\u0142alno\u015b\u0107 o us\u0142ugi informacyjne w dziedzinie chemii, w szczeg\u00f3lno\u015bci poprzez po\u015brednictwo w","og_url":"https:\/\/www.medistyl.cz\/pl\/o-firmie\/","og_site_name":"MEDISTYL","article_modified_time":"2024-11-14T13:52:16+00:00","og_image":[{"width":1000,"height":1000,"url":"https:\/\/www.medistyl.cz\/wp-content\/uploads\/medistyl.png","type":"image\/png"}],"twitter_card":"summary_large_image","twitter_misc":{"Szacowany czas czytania":"3 minuty"},"schema":{"@context":"https:\/\/schema.org","@graph":[{"@type":"WebPage","@id":"https:\/\/www.medistyl.cz\/pl\/o-firmie\/","url":"https:\/\/www.medistyl.cz\/pl\/o-firmie\/","name":"O firmie - MEDISTYL","isPartOf":{"@id":"https:\/\/www.medistyl.cz\/pl\/#website"},"datePublished":"2021-11-13T00:44:00+00:00","dateModified":"2024-11-14T13:52:16+00:00","breadcrumb":{"@id":"https:\/\/www.medistyl.cz\/pl\/o-firmie\/#breadcrumb"},"inLanguage":"pl-PL","potentialAction":[{"@type":"ReadAction","target":["https:\/\/www.medistyl.cz\/pl\/o-firmie\/"]}]},{"@type":"BreadcrumbList","@id":"https:\/\/www.medistyl.cz\/pl\/o-firmie\/#breadcrumb","itemListElement":[{"@type":"ListItem","position":1,"name":"Dom\u016f","item":"https:\/\/www.medistyl.cz\/pl\/"},{"@type":"ListItem","position":2,"name":"O firmie"}]},{"@type":"WebSite","@id":"https:\/\/www.medistyl.cz\/pl\/#website","url":"https:\/\/www.medistyl.cz\/pl\/","name":"MEDISTYL","description":"MEDISTYL","potentialAction":[{"@type":"SearchAction","target":{"@type":"EntryPoint","urlTemplate":"https:\/\/www.medistyl.cz\/pl\/?s={search_term_string}"},"query-input":{"@type":"PropertyValueSpecification","valueRequired":true,"valueName":"search_term_string"}}],"inLanguage":"pl-PL"}]}},"_links":{"self":[{"href":"https:\/\/www.medistyl.cz\/pl\/wp-json\/wp\/v2\/pages\/1343","targetHints":{"allow":["GET"]}}],"collection":[{"href":"https:\/\/www.medistyl.cz\/pl\/wp-json\/wp\/v2\/pages"}],"about":[{"href":"https:\/\/www.medistyl.cz\/pl\/wp-json\/wp\/v2\/types\/page"}],"author":[{"embeddable":true,"href":"https:\/\/www.medistyl.cz\/pl\/wp-json\/wp\/v2\/users\/1"}],"replies":[{"embeddable":true,"href":"https:\/\/www.medistyl.cz\/pl\/wp-json\/wp\/v2\/comments?post=1343"}],"version-history":[{"count":0,"href":"https:\/\/www.medistyl.cz\/pl\/wp-json\/wp\/v2\/pages\/1343\/revisions"}],"wp:attachment":[{"href":"https:\/\/www.medistyl.cz\/pl\/wp-json\/wp\/v2\/media?parent=1343"}],"curies":[{"name":"wp","href":"https:\/\/api.w.org\/{rel}","templated":true}]}}