{"id":1345,"date":"2021-11-13T01:44:43","date_gmt":"2021-11-13T00:44:43","guid":{"rendered":"https:\/\/www.medistyl.cz\/chemia\/doradztwo\/"},"modified":"2022-01-03T16:42:06","modified_gmt":"2022-01-03T15:42:06","slug":"doradztwo","status":"publish","type":"page","link":"https:\/\/www.medistyl.cz\/pl\/chemia\/doradztwo\/","title":{"rendered":"Doradztwo"},"content":{"rendered":"<p>Specjalizujemy si\u0119 w doradztwie w zakresie prawa chemicznego oraz problematyki \u00a0niebezpiecznych chemikali\u00f3w i mieszanin w Republice Czeskiej i UE ,na ka\u017cdym etapie \u0142a\u0144cucha dostaw. Chcesz wprowadzi\u0107 do obrotu substancj\u0119 chemiczn\u0105, mieszanin\u0119, detergent, biocyd, kosmetyk lub wyr\u00f3b tytoniowy? Nie wiesz, jak poradzi\u0107 sobie z POPs, PIC lub RoHS? Swoje zmartwienia zostaw nam. Przeprowadzimy analiz\u0119 Twoich obowi\u0105zk\u00f3w i wdro\u017cymy je od A do Z z uwzgl\u0119dnieniem Twoich potrzeb \u2013 przejrzy\u015bcie, profesjonalnie i w rozs\u0105dnej cenie.<\/p>\n<h3>Doradztwo<\/h3>\n<ul>\n<li>substancje chemiczne i mieszaniny<\/li>\n<li>preparaty biocydne<\/li>\n<li>detergenty<\/li>\n<li>produkty kosmetyczne<\/li>\n<li>tyto\u0144 i wyroby pokrewne (papierosy elektroniczne, woreczki nikotynowe itd.)<\/li>\n<li>trwa\u0142e zanieczyszczenia organiczne (POPs)<\/li>\n<li>substancje wzbudzaj\u0105ce szczeg\u00f3lnie du\u017ce obawy (SVHC)<\/li>\n<li>rozporz\u0105dzenie w sprawie zgody po uprzednim poinformowaniu (PIC)<\/li>\n<li>prekursory narkotyk\u00f3w i materia\u0142\u00f3w wybuchowych<\/li>\n<li>ograniczenia stosowania niebezpiecznych substancji = Restriction of Hazardous Substances (RoHS)<\/li>\n<li>przetwarzanie protoko\u0142u o niew\u0142\u0105czeniu\/w\u0142\u0105czeniu obiektu (PZH)<\/li>\n<\/ul>\n<h3>Doradztwo szyte na miar\u0119<\/h3>\n<ul>\n<li>kontrola chemiczna w ramach firmy<\/li>\n<li>monitorowanie zobowi\u0105za\u0144 wynikaj\u0105cych z przepis\u00f3w dotycz\u0105cych chemikali\u00f3w<\/li>\n<li>doradztwo\/reprezentacja podczas kontroli organ\u00f3w \u010cI\u017dP [Czeska Inspekcja \u015arodowiska Naturalnego] albo KHS [Powiatowa Stacja Sanitarna]<\/li>\n<li>zapewnienie przedstawiciela o specjalistycznych kompetencjach (OZO)<\/li>\n<\/ul>\n<h3>Deklarowanie<\/h3>\n<ul>\n<li>detergent\u00f3w do Ministerstwa Zdrowia (baza danych CHLaP)<\/li>\n<li>niebezpiecznych mieszanek chemicznych w formacie PCN (Poison Centres), w tym generowanie UFI<\/li>\n<li>klasyfikacja\/oznaczanie substancji do ECHA wed\u0142ug rozporz\u0105dzenia CLP<\/li>\n<li>autoryzowanego wykorzystania do ECHA<\/li>\n<\/ul>\n<h3>REACH<\/h3>\n<ul>\n<li>rejestracja zgodnie z rozporz\u0105dzeniem REACH (informacje wst\u0119pne, komunikacja SIEF, przekazanie zapytania do ECHA)<\/li>\n<li>analiza wst\u0119pna substancji, przetwarzanie wyj\u0105tk\u00f3w w zwi\u0105zku z rejestracj\u0105 itp.<\/li>\n<li>za\u0142o\u017cenie i zarz\u0105dzanie rachunkiem REACH-IT<\/li>\n<li>zapewnienie testowania w\u0142a\u015bciwo\u015bci fizycznych, chemicznych, toksykologicznych i ekotoksycznych<\/li>\n<\/ul>\n<h3>Seminaria i szkolenia<\/h3>\n<ul>\n<li aria-level=\"1\">na r\u00f3\u017cne tematy z zakresu prawa chemicznego<\/li>\n<li aria-level=\"1\">dostosowane do wymaga\u0144 klient\u00f3w z zakresu prawa chemicznego<\/li>\n<\/ul>\n<h3>Legislatywa, w kt\u00f3rej si\u0119 specjalizujemy<\/h3>\n<ul>\n<li aria-level=\"1\">rozporz\u0105dzenie Parlamentu Europejskiego i Rady (UE) nr 1272\/2008 w sprawie klasyfikacji i oznakowania substancji i mieszanin (CLP)<\/li>\n<li aria-level=\"1\">rozporz\u0105dzenie Parlamentu Europejskiego i Rady (UE) nr 1907\/2006 \u00a0w sprawie rejestracji, oceny, udzielania zezwole\u0144 i stosowanych ogranicze\u0144 w zakresie chemikali\u00f3w (REACH) i utworzenia Europejskiej Agencji Chemikali\u00f3w<\/li>\n<li aria-level=\"1\">rozporz\u0105dzenie (WE) nr 648\/2004 Parlamentu Europejskiego i Rady w sprawie detergent\u00f3w<\/li>\n<li aria-level=\"1\">rozporz\u0105dzenie Parlamentu Europejskiego i Rady (WE) nr 1223\/2009 dotycz\u0105ce produkt\u00f3w <em>kosmetycznych<\/em><\/li>\n<li aria-level=\"1\">rozporz\u0105dzenie Parlamentu Europejskiego i Rady (UE) nr 273\/2004 w sprawie prekursor\u00f3w narkotykowych<\/li>\n<li>rozporz\u0105dzenie Parlamentu Europejskiego i Rady (UE) nr 528\/2012 w sprawie udost\u0119pniania na rynku i stosowania produkt\u00f3w biob\u00f3jczych (BPR)<\/li>\n<li aria-level=\"1\">rozporz\u0105dzenie Parlamentu Europejskiego i Rady (UE) nr 649\/2012 dotycz\u0105ce wywozu i przywozu niebezpiecznych chemikali\u00f3w<\/li>\n<li aria-level=\"1\">rozporz\u0105dzenie Parlamentu Europejskiego i Rady (UE) \u00a02019\/1021 dotycz\u0105ce trwa\u0142ych zanieczyszcze\u0144 organicznych<\/li>\n<li aria-level=\"1\">rozporz\u0105dzenie Parlamentu Europejskiego i Rady (UE) nr 2019\/1148 w sprawie wprowadzania do obrotu i stosowania prekursor\u00f3w materia\u0142\u00f3w wybuchowych<\/li>\n<li aria-level=\"1\">dyrektywa Parlamentu Europejskiego i Rady 2011\/65\/UE w sprawie ograniczenia stosowania niekt\u00f3rych niebezpiecznych substancji w sprz\u0119cie elektrycznym i elektronicznym<\/li>\n<li aria-level=\"1\">ustawa nr 350\/2011 Dz. U., o materia\u0142ach i mieszaninach chemicznych<\/li>\n<li aria-level=\"1\">ustawa nr 224\/2015 Dz. U., o zapobieganiu powa\u017cnym wypadkom<\/li>\n<li aria-level=\"1\">ustawa nr 258\/2000 Dz.U. o ochronie zdrowia publicznego<\/li>\n<li aria-level=\"1\">ustawa nr 110\/1997 Dz. U., o \u017cywno\u015bci i wyrobach tytoniowych<\/li>\n<li aria-level=\"1\">ustawa nr 324\/2016 Dz. U., o produktach biob\u00f3jczych i substancjach czynnych<\/li>\n<li aria-level=\"1\">ustawa nr 19\/1997 Dz. U., o niekt\u00f3rych \u015brodkach zwi\u0105zanych z zakazem broni chemicznej<\/li>\n<li aria-level=\"1\">ustawa nr 272\/2013 Dz. U., o\u00a0prekursorach narkotyk\u00f3w<\/li>\n<li aria-level=\"1\">ustawa nr. 259\/2014 Dz. U., o\u00a0prekursorach materia\u0142\u00f3w wybuchowych<\/li>\n<li aria-level=\"1\">ustawa nr 254\/2001 Dz.U., o wodach<\/li>\n<li aria-level=\"1\">rozporz\u0105dzenie nr 361\/2007 Dz.U., kt\u00f3re okre\u015bla warunki ochrony zdrowia przy pracy<\/li>\n<li aria-level=\"1\">rozporz\u0105dzenie nr 37\/2017 Dz.U. w sprawie elektronicznych papieros\u00f3w, wk\u0142ad\u00f3w do nich i produkt\u00f3w zio\u0142owych przeznaczonych do palenia<\/li>\n<\/ul>\n<p>&nbsp;<\/p>\n","protected":false},"excerpt":{"rendered":"<p>Specjalizujemy si\u0119 w doradztwie w zakresie prawa chemicznego oraz problematyki \u00a0niebezpiecznych chemikali\u00f3w i mieszanin w Republice Czeskiej i UE ,na ka\u017cdym etapie \u0142a\u0144cucha dostaw. Chcesz wprowadzi\u0107 do obrotu substancj\u0119 chemiczn\u0105, mieszanin\u0119, detergent, biocyd, kosmetyk lub wyr\u00f3b tytoniowy? Nie wiesz, jak poradzi\u0107 sobie z POPs, PIC lub RoHS? Swoje zmartwienia zostaw nam. Przeprowadzimy analiz\u0119 Twoich obowi\u0105zk\u00f3w <\/p>\n","protected":false},"author":1,"featured_media":0,"parent":1328,"menu_order":0,"comment_status":"closed","ping_status":"closed","template":"","meta":{"_acf_changed":false,"inline_featured_image":false,"footnotes":""},"class_list":["post-1345","page","type-page","status-publish","hentry"],"acf":[],"yoast_head":"<!-- This site is optimized with the Yoast SEO plugin v26.6 - https:\/\/yoast.com\/wordpress\/plugins\/seo\/ -->\n<title>Doradztwo - MEDISTYL<\/title>\n<meta name=\"robots\" content=\"index, follow, max-snippet:-1, max-image-preview:large, max-video-preview:-1\" \/>\n<link rel=\"canonical\" href=\"https:\/\/www.medistyl.cz\/pl\/chemia\/doradztwo\/\" \/>\n<meta property=\"og:locale\" content=\"pl_PL\" \/>\n<meta property=\"og:type\" content=\"article\" \/>\n<meta property=\"og:title\" content=\"Doradztwo - MEDISTYL\" \/>\n<meta property=\"og:description\" content=\"Specjalizujemy si\u0119 w doradztwie w zakresie prawa chemicznego oraz problematyki \u00a0niebezpiecznych chemikali\u00f3w i mieszanin w Republice Czeskiej i UE ,na ka\u017cdym etapie \u0142a\u0144cucha dostaw. Chcesz wprowadzi\u0107 do obrotu substancj\u0119 chemiczn\u0105, mieszanin\u0119, detergent, biocyd, kosmetyk lub wyr\u00f3b tytoniowy? Nie wiesz, jak poradzi\u0107 sobie z POPs, PIC lub RoHS? Swoje zmartwienia zostaw nam. Przeprowadzimy analiz\u0119 Twoich obowi\u0105zk\u00f3w\" \/>\n<meta property=\"og:url\" content=\"https:\/\/www.medistyl.cz\/pl\/chemia\/doradztwo\/\" \/>\n<meta property=\"og:site_name\" content=\"MEDISTYL\" \/>\n<meta property=\"article:modified_time\" content=\"2022-01-03T15:42:06+00:00\" \/>\n<meta property=\"og:image\" content=\"https:\/\/www.medistyl.cz\/wp-content\/uploads\/medistyl.png\" \/>\n\t<meta property=\"og:image:width\" content=\"1000\" \/>\n\t<meta property=\"og:image:height\" content=\"1000\" \/>\n\t<meta property=\"og:image:type\" content=\"image\/png\" \/>\n<meta name=\"twitter:card\" content=\"summary_large_image\" \/>\n<meta name=\"twitter:label1\" content=\"Szacowany czas czytania\" \/>\n\t<meta name=\"twitter:data1\" content=\"3 minuty\" \/>\n<script type=\"application\/ld+json\" class=\"yoast-schema-graph\">{\"@context\":\"https:\/\/schema.org\",\"@graph\":[{\"@type\":\"WebPage\",\"@id\":\"https:\/\/www.medistyl.cz\/pl\/chemia\/doradztwo\/\",\"url\":\"https:\/\/www.medistyl.cz\/pl\/chemia\/doradztwo\/\",\"name\":\"Doradztwo - MEDISTYL\",\"isPartOf\":{\"@id\":\"https:\/\/www.medistyl.cz\/pl\/#website\"},\"datePublished\":\"2021-11-13T00:44:43+00:00\",\"dateModified\":\"2022-01-03T15:42:06+00:00\",\"breadcrumb\":{\"@id\":\"https:\/\/www.medistyl.cz\/pl\/chemia\/doradztwo\/#breadcrumb\"},\"inLanguage\":\"pl-PL\",\"potentialAction\":[{\"@type\":\"ReadAction\",\"target\":[\"https:\/\/www.medistyl.cz\/pl\/chemia\/doradztwo\/\"]}]},{\"@type\":\"BreadcrumbList\",\"@id\":\"https:\/\/www.medistyl.cz\/pl\/chemia\/doradztwo\/#breadcrumb\",\"itemListElement\":[{\"@type\":\"ListItem\",\"position\":1,\"name\":\"Dom\u016f\",\"item\":\"https:\/\/www.medistyl.cz\/pl\/\"},{\"@type\":\"ListItem\",\"position\":2,\"name\":\"Chemia\",\"item\":\"https:\/\/www.medistyl.cz\/pl\/chemia\/\"},{\"@type\":\"ListItem\",\"position\":3,\"name\":\"Doradztwo\"}]},{\"@type\":\"WebSite\",\"@id\":\"https:\/\/www.medistyl.cz\/pl\/#website\",\"url\":\"https:\/\/www.medistyl.cz\/pl\/\",\"name\":\"MEDISTYL\",\"description\":\"MEDISTYL\",\"potentialAction\":[{\"@type\":\"SearchAction\",\"target\":{\"@type\":\"EntryPoint\",\"urlTemplate\":\"https:\/\/www.medistyl.cz\/pl\/?s={search_term_string}\"},\"query-input\":{\"@type\":\"PropertyValueSpecification\",\"valueRequired\":true,\"valueName\":\"search_term_string\"}}],\"inLanguage\":\"pl-PL\"}]}<\/script>\n<!-- \/ Yoast SEO plugin. -->","yoast_head_json":{"title":"Doradztwo - MEDISTYL","robots":{"index":"index","follow":"follow","max-snippet":"max-snippet:-1","max-image-preview":"max-image-preview:large","max-video-preview":"max-video-preview:-1"},"canonical":"https:\/\/www.medistyl.cz\/pl\/chemia\/doradztwo\/","og_locale":"pl_PL","og_type":"article","og_title":"Doradztwo - MEDISTYL","og_description":"Specjalizujemy si\u0119 w doradztwie w zakresie prawa chemicznego oraz problematyki \u00a0niebezpiecznych chemikali\u00f3w i mieszanin w Republice Czeskiej i UE ,na ka\u017cdym etapie \u0142a\u0144cucha dostaw. Chcesz wprowadzi\u0107 do obrotu substancj\u0119 chemiczn\u0105, mieszanin\u0119, detergent, biocyd, kosmetyk lub wyr\u00f3b tytoniowy? Nie wiesz, jak poradzi\u0107 sobie z POPs, PIC lub RoHS? Swoje zmartwienia zostaw nam. Przeprowadzimy analiz\u0119 Twoich obowi\u0105zk\u00f3w","og_url":"https:\/\/www.medistyl.cz\/pl\/chemia\/doradztwo\/","og_site_name":"MEDISTYL","article_modified_time":"2022-01-03T15:42:06+00:00","og_image":[{"width":1000,"height":1000,"url":"https:\/\/www.medistyl.cz\/wp-content\/uploads\/medistyl.png","type":"image\/png"}],"twitter_card":"summary_large_image","twitter_misc":{"Szacowany czas czytania":"3 minuty"},"schema":{"@context":"https:\/\/schema.org","@graph":[{"@type":"WebPage","@id":"https:\/\/www.medistyl.cz\/pl\/chemia\/doradztwo\/","url":"https:\/\/www.medistyl.cz\/pl\/chemia\/doradztwo\/","name":"Doradztwo - MEDISTYL","isPartOf":{"@id":"https:\/\/www.medistyl.cz\/pl\/#website"},"datePublished":"2021-11-13T00:44:43+00:00","dateModified":"2022-01-03T15:42:06+00:00","breadcrumb":{"@id":"https:\/\/www.medistyl.cz\/pl\/chemia\/doradztwo\/#breadcrumb"},"inLanguage":"pl-PL","potentialAction":[{"@type":"ReadAction","target":["https:\/\/www.medistyl.cz\/pl\/chemia\/doradztwo\/"]}]},{"@type":"BreadcrumbList","@id":"https:\/\/www.medistyl.cz\/pl\/chemia\/doradztwo\/#breadcrumb","itemListElement":[{"@type":"ListItem","position":1,"name":"Dom\u016f","item":"https:\/\/www.medistyl.cz\/pl\/"},{"@type":"ListItem","position":2,"name":"Chemia","item":"https:\/\/www.medistyl.cz\/pl\/chemia\/"},{"@type":"ListItem","position":3,"name":"Doradztwo"}]},{"@type":"WebSite","@id":"https:\/\/www.medistyl.cz\/pl\/#website","url":"https:\/\/www.medistyl.cz\/pl\/","name":"MEDISTYL","description":"MEDISTYL","potentialAction":[{"@type":"SearchAction","target":{"@type":"EntryPoint","urlTemplate":"https:\/\/www.medistyl.cz\/pl\/?s={search_term_string}"},"query-input":{"@type":"PropertyValueSpecification","valueRequired":true,"valueName":"search_term_string"}}],"inLanguage":"pl-PL"}]}},"_links":{"self":[{"href":"https:\/\/www.medistyl.cz\/pl\/wp-json\/wp\/v2\/pages\/1345","targetHints":{"allow":["GET"]}}],"collection":[{"href":"https:\/\/www.medistyl.cz\/pl\/wp-json\/wp\/v2\/pages"}],"about":[{"href":"https:\/\/www.medistyl.cz\/pl\/wp-json\/wp\/v2\/types\/page"}],"author":[{"embeddable":true,"href":"https:\/\/www.medistyl.cz\/pl\/wp-json\/wp\/v2\/users\/1"}],"replies":[{"embeddable":true,"href":"https:\/\/www.medistyl.cz\/pl\/wp-json\/wp\/v2\/comments?post=1345"}],"version-history":[{"count":0,"href":"https:\/\/www.medistyl.cz\/pl\/wp-json\/wp\/v2\/pages\/1345\/revisions"}],"up":[{"embeddable":true,"href":"https:\/\/www.medistyl.cz\/pl\/wp-json\/wp\/v2\/pages\/1328"}],"wp:attachment":[{"href":"https:\/\/www.medistyl.cz\/pl\/wp-json\/wp\/v2\/media?parent=1345"}],"curies":[{"name":"wp","href":"https:\/\/api.w.org\/{rel}","templated":true}]}}