{"id":1346,"date":"2021-11-13T01:44:50","date_gmt":"2021-11-13T00:44:50","guid":{"rendered":"https:\/\/www.medistyl.cz\/ochrona-danych-osobowych\/"},"modified":"2022-01-03T16:44:02","modified_gmt":"2022-01-03T15:44:02","slug":"ochrona-danych-osobowych","status":"publish","type":"page","link":"https:\/\/www.medistyl.cz\/pl\/ochrona-danych-osobowych\/","title":{"rendered":"Ochrona danych osobowych"},"content":{"rendered":"<p>Na podstawie rozporz\u0105dzenia Parlamentu Europejskiego i Rady (UE) nr 2016\/679 w sprawie ochrony os\u00f3b fizycznych w zwi\u0105zku z przetwarzaniem danych osobowych i w sprawie swobodnego przep\u0142ywu tych danych oraz o uchyleniu dyrektywy 95\/46\/WE (og\u00f3lne rozporz\u0105dzenie o ochronie danych osobowych, dalej RODO) nasza firma podj\u0119\u0142a \u015brodki zapobiegaj\u0105ce nieuprawnionemu lub przypadkowemu dost\u0119powi do danych osobowych, tzn. w celu ich zmiany, zniszczenia lub utraty, nieuprawnionego przekazywania i przetwarzania, a tak\u017ce innego niew\u0142a\u015bciwego wykorzystywania danych osobowych.<\/p>\n<p>Zgodnie z RODO dost\u0119p do danych osobowych zosta\u0142 zabezpieczony. W tym celu nasza firma przyj\u0119\u0142a dyrektyw\u0119 reguluj\u0105c\u0105 \u015brodki i procedury organizacyjne i techniczne zwi\u0105zane z obowi\u0105zkami pracownik\u00f3w w zakresie zapewnienia bezpiecze\u0144stwa przetwarzanych danych osobowych oraz dyrektyw\u0119 reguluj\u0105c\u0105 funkcjonowanie technologii informacyjno-komunikacyjnych. PPonadto dosz\u0142o do zmiany warunk\u00f3w umownych w stosunku do naszych kontrahent\u00f3w w celu uzupe\u0142nienia obowi\u0105zku zachowania poufno\u015bci m.in. w odniesieniu do danych osobowych zgodnie z RODO.<\/p>\n<p>Pragniemy zapewni\u0107, \u017ce zwracamy nale\u017cyt\u0105 uwag\u0119 na obszar ochrony danych osobowych, w pe\u0142nej zgodno\u015bci z wymogami RODO.<\/p>\n<p>&nbsp;<\/p>\n<p>Z wyrazami szacunku<\/p>\n<p>MEDISTYL, spol. s r.o.<\/p>\n","protected":false},"excerpt":{"rendered":"<p>Na podstawie rozporz\u0105dzenia Parlamentu Europejskiego i Rady (UE) nr 2016\/679 w sprawie ochrony os\u00f3b fizycznych w zwi\u0105zku z przetwarzaniem danych osobowych i w sprawie swobodnego przep\u0142ywu tych danych oraz o uchyleniu dyrektywy 95\/46\/WE (og\u00f3lne rozporz\u0105dzenie o ochronie danych osobowych, dalej RODO) nasza firma podj\u0119\u0142a \u015brodki zapobiegaj\u0105ce nieuprawnionemu lub przypadkowemu dost\u0119powi do danych osobowych, tzn. w <\/p>\n","protected":false},"author":1,"featured_media":0,"parent":0,"menu_order":999,"comment_status":"closed","ping_status":"closed","template":"","meta":{"_acf_changed":false,"inline_featured_image":false,"footnotes":""},"class_list":["post-1346","page","type-page","status-publish","hentry"],"acf":[],"yoast_head":"<!-- This site is optimized with the Yoast SEO plugin v26.6 - https:\/\/yoast.com\/wordpress\/plugins\/seo\/ -->\n<title>Ochrona danych osobowych - MEDISTYL<\/title>\n<meta name=\"robots\" content=\"index, follow, max-snippet:-1, max-image-preview:large, max-video-preview:-1\" \/>\n<link rel=\"canonical\" href=\"https:\/\/www.medistyl.cz\/pl\/ochrona-danych-osobowych\/\" \/>\n<meta property=\"og:locale\" content=\"pl_PL\" \/>\n<meta property=\"og:type\" content=\"article\" \/>\n<meta property=\"og:title\" content=\"Ochrona danych osobowych - MEDISTYL\" \/>\n<meta property=\"og:description\" content=\"Na podstawie rozporz\u0105dzenia Parlamentu Europejskiego i Rady (UE) nr 2016\/679 w sprawie ochrony os\u00f3b fizycznych w zwi\u0105zku z przetwarzaniem danych osobowych i w sprawie swobodnego przep\u0142ywu tych danych oraz o uchyleniu dyrektywy 95\/46\/WE (og\u00f3lne rozporz\u0105dzenie o ochronie danych osobowych, dalej RODO) nasza firma podj\u0119\u0142a \u015brodki zapobiegaj\u0105ce nieuprawnionemu lub przypadkowemu dost\u0119powi do danych osobowych, tzn. w\" \/>\n<meta property=\"og:url\" content=\"https:\/\/www.medistyl.cz\/pl\/ochrona-danych-osobowych\/\" \/>\n<meta property=\"og:site_name\" content=\"MEDISTYL\" \/>\n<meta property=\"article:modified_time\" content=\"2022-01-03T15:44:02+00:00\" \/>\n<meta property=\"og:image\" content=\"https:\/\/www.medistyl.cz\/wp-content\/uploads\/medistyl.png\" \/>\n\t<meta property=\"og:image:width\" content=\"1000\" \/>\n\t<meta property=\"og:image:height\" content=\"1000\" \/>\n\t<meta property=\"og:image:type\" content=\"image\/png\" \/>\n<meta name=\"twitter:card\" content=\"summary_large_image\" \/>\n<meta name=\"twitter:label1\" content=\"Szacowany czas czytania\" \/>\n\t<meta name=\"twitter:data1\" content=\"1 minuta\" \/>\n<script type=\"application\/ld+json\" class=\"yoast-schema-graph\">{\"@context\":\"https:\/\/schema.org\",\"@graph\":[{\"@type\":\"WebPage\",\"@id\":\"https:\/\/www.medistyl.cz\/pl\/ochrona-danych-osobowych\/\",\"url\":\"https:\/\/www.medistyl.cz\/pl\/ochrona-danych-osobowych\/\",\"name\":\"Ochrona danych osobowych - MEDISTYL\",\"isPartOf\":{\"@id\":\"https:\/\/www.medistyl.cz\/pl\/#website\"},\"datePublished\":\"2021-11-13T00:44:50+00:00\",\"dateModified\":\"2022-01-03T15:44:02+00:00\",\"breadcrumb\":{\"@id\":\"https:\/\/www.medistyl.cz\/pl\/ochrona-danych-osobowych\/#breadcrumb\"},\"inLanguage\":\"pl-PL\",\"potentialAction\":[{\"@type\":\"ReadAction\",\"target\":[\"https:\/\/www.medistyl.cz\/pl\/ochrona-danych-osobowych\/\"]}]},{\"@type\":\"BreadcrumbList\",\"@id\":\"https:\/\/www.medistyl.cz\/pl\/ochrona-danych-osobowych\/#breadcrumb\",\"itemListElement\":[{\"@type\":\"ListItem\",\"position\":1,\"name\":\"Dom\u016f\",\"item\":\"https:\/\/www.medistyl.cz\/pl\/\"},{\"@type\":\"ListItem\",\"position\":2,\"name\":\"Ochrona danych osobowych\"}]},{\"@type\":\"WebSite\",\"@id\":\"https:\/\/www.medistyl.cz\/pl\/#website\",\"url\":\"https:\/\/www.medistyl.cz\/pl\/\",\"name\":\"MEDISTYL\",\"description\":\"MEDISTYL\",\"potentialAction\":[{\"@type\":\"SearchAction\",\"target\":{\"@type\":\"EntryPoint\",\"urlTemplate\":\"https:\/\/www.medistyl.cz\/pl\/?s={search_term_string}\"},\"query-input\":{\"@type\":\"PropertyValueSpecification\",\"valueRequired\":true,\"valueName\":\"search_term_string\"}}],\"inLanguage\":\"pl-PL\"}]}<\/script>\n<!-- \/ Yoast SEO plugin. -->","yoast_head_json":{"title":"Ochrona danych osobowych - MEDISTYL","robots":{"index":"index","follow":"follow","max-snippet":"max-snippet:-1","max-image-preview":"max-image-preview:large","max-video-preview":"max-video-preview:-1"},"canonical":"https:\/\/www.medistyl.cz\/pl\/ochrona-danych-osobowych\/","og_locale":"pl_PL","og_type":"article","og_title":"Ochrona danych osobowych - MEDISTYL","og_description":"Na podstawie rozporz\u0105dzenia Parlamentu Europejskiego i Rady (UE) nr 2016\/679 w sprawie ochrony os\u00f3b fizycznych w zwi\u0105zku z przetwarzaniem danych osobowych i w sprawie swobodnego przep\u0142ywu tych danych oraz o uchyleniu dyrektywy 95\/46\/WE (og\u00f3lne rozporz\u0105dzenie o ochronie danych osobowych, dalej RODO) nasza firma podj\u0119\u0142a \u015brodki zapobiegaj\u0105ce nieuprawnionemu lub przypadkowemu dost\u0119powi do danych osobowych, tzn. w","og_url":"https:\/\/www.medistyl.cz\/pl\/ochrona-danych-osobowych\/","og_site_name":"MEDISTYL","article_modified_time":"2022-01-03T15:44:02+00:00","og_image":[{"width":1000,"height":1000,"url":"https:\/\/www.medistyl.cz\/wp-content\/uploads\/medistyl.png","type":"image\/png"}],"twitter_card":"summary_large_image","twitter_misc":{"Szacowany czas czytania":"1 minuta"},"schema":{"@context":"https:\/\/schema.org","@graph":[{"@type":"WebPage","@id":"https:\/\/www.medistyl.cz\/pl\/ochrona-danych-osobowych\/","url":"https:\/\/www.medistyl.cz\/pl\/ochrona-danych-osobowych\/","name":"Ochrona danych osobowych - MEDISTYL","isPartOf":{"@id":"https:\/\/www.medistyl.cz\/pl\/#website"},"datePublished":"2021-11-13T00:44:50+00:00","dateModified":"2022-01-03T15:44:02+00:00","breadcrumb":{"@id":"https:\/\/www.medistyl.cz\/pl\/ochrona-danych-osobowych\/#breadcrumb"},"inLanguage":"pl-PL","potentialAction":[{"@type":"ReadAction","target":["https:\/\/www.medistyl.cz\/pl\/ochrona-danych-osobowych\/"]}]},{"@type":"BreadcrumbList","@id":"https:\/\/www.medistyl.cz\/pl\/ochrona-danych-osobowych\/#breadcrumb","itemListElement":[{"@type":"ListItem","position":1,"name":"Dom\u016f","item":"https:\/\/www.medistyl.cz\/pl\/"},{"@type":"ListItem","position":2,"name":"Ochrona danych osobowych"}]},{"@type":"WebSite","@id":"https:\/\/www.medistyl.cz\/pl\/#website","url":"https:\/\/www.medistyl.cz\/pl\/","name":"MEDISTYL","description":"MEDISTYL","potentialAction":[{"@type":"SearchAction","target":{"@type":"EntryPoint","urlTemplate":"https:\/\/www.medistyl.cz\/pl\/?s={search_term_string}"},"query-input":{"@type":"PropertyValueSpecification","valueRequired":true,"valueName":"search_term_string"}}],"inLanguage":"pl-PL"}]}},"_links":{"self":[{"href":"https:\/\/www.medistyl.cz\/pl\/wp-json\/wp\/v2\/pages\/1346","targetHints":{"allow":["GET"]}}],"collection":[{"href":"https:\/\/www.medistyl.cz\/pl\/wp-json\/wp\/v2\/pages"}],"about":[{"href":"https:\/\/www.medistyl.cz\/pl\/wp-json\/wp\/v2\/types\/page"}],"author":[{"embeddable":true,"href":"https:\/\/www.medistyl.cz\/pl\/wp-json\/wp\/v2\/users\/1"}],"replies":[{"embeddable":true,"href":"https:\/\/www.medistyl.cz\/pl\/wp-json\/wp\/v2\/comments?post=1346"}],"version-history":[{"count":0,"href":"https:\/\/www.medistyl.cz\/pl\/wp-json\/wp\/v2\/pages\/1346\/revisions"}],"wp:attachment":[{"href":"https:\/\/www.medistyl.cz\/pl\/wp-json\/wp\/v2\/media?parent=1346"}],"curies":[{"name":"wp","href":"https:\/\/api.w.org\/{rel}","templated":true}]}}