{"id":1348,"date":"2021-11-13T01:45:05","date_gmt":"2021-11-13T00:45:05","guid":{"rendered":"https:\/\/www.medistyl.cz\/chemia\/karty-charakterystyki\/"},"modified":"2022-01-03T17:10:38","modified_gmt":"2022-01-03T16:10:38","slug":"karty-charakterystyki","status":"publish","type":"page","link":"https:\/\/www.medistyl.cz\/pl\/chemia\/karty-charakterystyki\/","title":{"rendered":"Karty charakterystyki"},"content":{"rendered":"<p>Oddaj swoje karty charakterystyki w r\u0119ce ekspert\u00f3w. Oferujemy okre\u015blenie i kontrol\u0119 klasyfikacji wg CLP niebezpiecznych chemikali\u00f3w i mieszanin zgodnie z rozporz\u0105dzeniem 1272\/2008\/WE. Zapewniamy kompleksowe wsparcie przy tworzeniu, weryfikacji lub t\u0142umaczeniu kart charakterystyki, etykiet oraz kart danych.<\/p>\n<h3>Tworzenie, weryfikacja i t\u0142umaczenie (zw\u0142aszcza z\/na j\u0119zyki \u2013 SK, EN, DE)<\/h3>\n<ul>\n<li aria-level=\"1\">Karty charakterystyki<\/li>\n<li aria-level=\"1\">Etykiety dla chemikali\u00f3w i mieszanin, detergent\u00f3w, kosmetyk\u00f3w oraz produkt\u00f3w biob\u00f3jczych<\/li>\n<li aria-level=\"1\">Etykiety dla papieros\u00f3w elektronicznych, wk\u0142ad\u00f3w do e-papieros\u00f3wi woreczk\u00f3w nikotynowych bez tytoniu<\/li>\n<li aria-level=\"1\">Karty danych<\/li>\n<\/ul>\n<h3>D\u0142ugoterminowe zarz\u0105dzanie i aktualizacja BL dostosowane do potrzeb naszych klient\u00f3w<\/h3>\n<h3>T\u0142umaczenia tekst\u00f3w specjalistycznych<\/h3>\n<ul>\n<li>raport\u00f3w bezpiecze\u0144stwa chemicznego, scenariuszy nara\u017cenia itp.<\/li>\n<\/ul>\n","protected":false},"excerpt":{"rendered":"<p>Oddaj swoje karty charakterystyki w r\u0119ce ekspert\u00f3w. Oferujemy okre\u015blenie i kontrol\u0119 klasyfikacji wg CLP niebezpiecznych chemikali\u00f3w i mieszanin zgodnie z rozporz\u0105dzeniem 1272\/2008\/WE. Zapewniamy kompleksowe wsparcie przy tworzeniu, weryfikacji lub t\u0142umaczeniu kart charakterystyki, etykiet oraz kart danych. Tworzenie, weryfikacja i t\u0142umaczenie (zw\u0142aszcza z\/na j\u0119zyki \u2013 SK, EN, DE) Karty charakterystyki Etykiety dla chemikali\u00f3w i mieszanin, detergent\u00f3w, <\/p>\n","protected":false},"author":1,"featured_media":0,"parent":1328,"menu_order":0,"comment_status":"closed","ping_status":"closed","template":"","meta":{"_acf_changed":false,"inline_featured_image":false,"footnotes":""},"class_list":["post-1348","page","type-page","status-publish","hentry"],"acf":[],"yoast_head":"<!-- This site is optimized with the Yoast SEO plugin v26.6 - https:\/\/yoast.com\/wordpress\/plugins\/seo\/ -->\n<title>Karty charakterystyki - MEDISTYL<\/title>\n<meta name=\"robots\" content=\"index, follow, max-snippet:-1, max-image-preview:large, max-video-preview:-1\" \/>\n<link rel=\"canonical\" href=\"https:\/\/www.medistyl.cz\/pl\/chemia\/karty-charakterystyki\/\" \/>\n<meta property=\"og:locale\" content=\"pl_PL\" \/>\n<meta property=\"og:type\" content=\"article\" \/>\n<meta property=\"og:title\" content=\"Karty charakterystyki - MEDISTYL\" \/>\n<meta property=\"og:description\" content=\"Oddaj swoje karty charakterystyki w r\u0119ce ekspert\u00f3w. Oferujemy okre\u015blenie i kontrol\u0119 klasyfikacji wg CLP niebezpiecznych chemikali\u00f3w i mieszanin zgodnie z rozporz\u0105dzeniem 1272\/2008\/WE. Zapewniamy kompleksowe wsparcie przy tworzeniu, weryfikacji lub t\u0142umaczeniu kart charakterystyki, etykiet oraz kart danych. Tworzenie, weryfikacja i t\u0142umaczenie (zw\u0142aszcza z\/na j\u0119zyki \u2013 SK, EN, DE) Karty charakterystyki Etykiety dla chemikali\u00f3w i mieszanin, detergent\u00f3w,\" \/>\n<meta property=\"og:url\" content=\"https:\/\/www.medistyl.cz\/pl\/chemia\/karty-charakterystyki\/\" \/>\n<meta property=\"og:site_name\" content=\"MEDISTYL\" \/>\n<meta property=\"article:modified_time\" content=\"2022-01-03T16:10:38+00:00\" \/>\n<meta property=\"og:image\" content=\"https:\/\/www.medistyl.cz\/wp-content\/uploads\/medistyl.png\" \/>\n\t<meta property=\"og:image:width\" content=\"1000\" \/>\n\t<meta property=\"og:image:height\" content=\"1000\" \/>\n\t<meta property=\"og:image:type\" content=\"image\/png\" \/>\n<meta name=\"twitter:card\" content=\"summary_large_image\" \/>\n<meta name=\"twitter:label1\" content=\"Szacowany czas czytania\" \/>\n\t<meta name=\"twitter:data1\" content=\"1 minuta\" \/>\n<script type=\"application\/ld+json\" class=\"yoast-schema-graph\">{\"@context\":\"https:\/\/schema.org\",\"@graph\":[{\"@type\":\"WebPage\",\"@id\":\"https:\/\/www.medistyl.cz\/pl\/chemia\/karty-charakterystyki\/\",\"url\":\"https:\/\/www.medistyl.cz\/pl\/chemia\/karty-charakterystyki\/\",\"name\":\"Karty charakterystyki - MEDISTYL\",\"isPartOf\":{\"@id\":\"https:\/\/www.medistyl.cz\/pl\/#website\"},\"datePublished\":\"2021-11-13T00:45:05+00:00\",\"dateModified\":\"2022-01-03T16:10:38+00:00\",\"breadcrumb\":{\"@id\":\"https:\/\/www.medistyl.cz\/pl\/chemia\/karty-charakterystyki\/#breadcrumb\"},\"inLanguage\":\"pl-PL\",\"potentialAction\":[{\"@type\":\"ReadAction\",\"target\":[\"https:\/\/www.medistyl.cz\/pl\/chemia\/karty-charakterystyki\/\"]}]},{\"@type\":\"BreadcrumbList\",\"@id\":\"https:\/\/www.medistyl.cz\/pl\/chemia\/karty-charakterystyki\/#breadcrumb\",\"itemListElement\":[{\"@type\":\"ListItem\",\"position\":1,\"name\":\"Dom\u016f\",\"item\":\"https:\/\/www.medistyl.cz\/pl\/\"},{\"@type\":\"ListItem\",\"position\":2,\"name\":\"Chemia\",\"item\":\"https:\/\/www.medistyl.cz\/pl\/chemia\/\"},{\"@type\":\"ListItem\",\"position\":3,\"name\":\"Karty charakterystyki\"}]},{\"@type\":\"WebSite\",\"@id\":\"https:\/\/www.medistyl.cz\/pl\/#website\",\"url\":\"https:\/\/www.medistyl.cz\/pl\/\",\"name\":\"MEDISTYL\",\"description\":\"MEDISTYL\",\"potentialAction\":[{\"@type\":\"SearchAction\",\"target\":{\"@type\":\"EntryPoint\",\"urlTemplate\":\"https:\/\/www.medistyl.cz\/pl\/?s={search_term_string}\"},\"query-input\":{\"@type\":\"PropertyValueSpecification\",\"valueRequired\":true,\"valueName\":\"search_term_string\"}}],\"inLanguage\":\"pl-PL\"}]}<\/script>\n<!-- \/ Yoast SEO plugin. -->","yoast_head_json":{"title":"Karty charakterystyki - MEDISTYL","robots":{"index":"index","follow":"follow","max-snippet":"max-snippet:-1","max-image-preview":"max-image-preview:large","max-video-preview":"max-video-preview:-1"},"canonical":"https:\/\/www.medistyl.cz\/pl\/chemia\/karty-charakterystyki\/","og_locale":"pl_PL","og_type":"article","og_title":"Karty charakterystyki - MEDISTYL","og_description":"Oddaj swoje karty charakterystyki w r\u0119ce ekspert\u00f3w. Oferujemy okre\u015blenie i kontrol\u0119 klasyfikacji wg CLP niebezpiecznych chemikali\u00f3w i mieszanin zgodnie z rozporz\u0105dzeniem 1272\/2008\/WE. Zapewniamy kompleksowe wsparcie przy tworzeniu, weryfikacji lub t\u0142umaczeniu kart charakterystyki, etykiet oraz kart danych. Tworzenie, weryfikacja i t\u0142umaczenie (zw\u0142aszcza z\/na j\u0119zyki \u2013 SK, EN, DE) Karty charakterystyki Etykiety dla chemikali\u00f3w i mieszanin, detergent\u00f3w,","og_url":"https:\/\/www.medistyl.cz\/pl\/chemia\/karty-charakterystyki\/","og_site_name":"MEDISTYL","article_modified_time":"2022-01-03T16:10:38+00:00","og_image":[{"width":1000,"height":1000,"url":"https:\/\/www.medistyl.cz\/wp-content\/uploads\/medistyl.png","type":"image\/png"}],"twitter_card":"summary_large_image","twitter_misc":{"Szacowany czas czytania":"1 minuta"},"schema":{"@context":"https:\/\/schema.org","@graph":[{"@type":"WebPage","@id":"https:\/\/www.medistyl.cz\/pl\/chemia\/karty-charakterystyki\/","url":"https:\/\/www.medistyl.cz\/pl\/chemia\/karty-charakterystyki\/","name":"Karty charakterystyki - MEDISTYL","isPartOf":{"@id":"https:\/\/www.medistyl.cz\/pl\/#website"},"datePublished":"2021-11-13T00:45:05+00:00","dateModified":"2022-01-03T16:10:38+00:00","breadcrumb":{"@id":"https:\/\/www.medistyl.cz\/pl\/chemia\/karty-charakterystyki\/#breadcrumb"},"inLanguage":"pl-PL","potentialAction":[{"@type":"ReadAction","target":["https:\/\/www.medistyl.cz\/pl\/chemia\/karty-charakterystyki\/"]}]},{"@type":"BreadcrumbList","@id":"https:\/\/www.medistyl.cz\/pl\/chemia\/karty-charakterystyki\/#breadcrumb","itemListElement":[{"@type":"ListItem","position":1,"name":"Dom\u016f","item":"https:\/\/www.medistyl.cz\/pl\/"},{"@type":"ListItem","position":2,"name":"Chemia","item":"https:\/\/www.medistyl.cz\/pl\/chemia\/"},{"@type":"ListItem","position":3,"name":"Karty charakterystyki"}]},{"@type":"WebSite","@id":"https:\/\/www.medistyl.cz\/pl\/#website","url":"https:\/\/www.medistyl.cz\/pl\/","name":"MEDISTYL","description":"MEDISTYL","potentialAction":[{"@type":"SearchAction","target":{"@type":"EntryPoint","urlTemplate":"https:\/\/www.medistyl.cz\/pl\/?s={search_term_string}"},"query-input":{"@type":"PropertyValueSpecification","valueRequired":true,"valueName":"search_term_string"}}],"inLanguage":"pl-PL"}]}},"_links":{"self":[{"href":"https:\/\/www.medistyl.cz\/pl\/wp-json\/wp\/v2\/pages\/1348","targetHints":{"allow":["GET"]}}],"collection":[{"href":"https:\/\/www.medistyl.cz\/pl\/wp-json\/wp\/v2\/pages"}],"about":[{"href":"https:\/\/www.medistyl.cz\/pl\/wp-json\/wp\/v2\/types\/page"}],"author":[{"embeddable":true,"href":"https:\/\/www.medistyl.cz\/pl\/wp-json\/wp\/v2\/users\/1"}],"replies":[{"embeddable":true,"href":"https:\/\/www.medistyl.cz\/pl\/wp-json\/wp\/v2\/comments?post=1348"}],"version-history":[{"count":0,"href":"https:\/\/www.medistyl.cz\/pl\/wp-json\/wp\/v2\/pages\/1348\/revisions"}],"up":[{"embeddable":true,"href":"https:\/\/www.medistyl.cz\/pl\/wp-json\/wp\/v2\/pages\/1328"}],"wp:attachment":[{"href":"https:\/\/www.medistyl.cz\/pl\/wp-json\/wp\/v2\/media?parent=1348"}],"curies":[{"name":"wp","href":"https:\/\/api.w.org\/{rel}","templated":true}]}}