{"id":1349,"date":"2021-11-13T01:45:13","date_gmt":"2021-11-13T00:45:13","guid":{"rendered":"https:\/\/www.medistyl.cz\/chemia\/baza-danych\/"},"modified":"2022-01-03T23:47:20","modified_gmt":"2022-01-03T22:47:20","slug":"baza-danych","status":"publish","type":"page","link":"https:\/\/www.medistyl.cz\/pl\/chemia\/baza-danych\/","title":{"rendered":"Baza danych"},"content":{"rendered":"<p>Na potrzeby przedsi\u0119biorstw produkcyjnych, dystrybutor\u00f3w, przewo\u017anik\u00f3w, s\u0142u\u017cb po\u017carniczych, prywatnych jednostek stra\u017cy po\u017carnej i innych operator\u00f3w zajmuj\u0105cych si\u0119 substancjami niebezpiecznymi opracowujemy lub uczestniczymy w rozwoju oprogramowania u\u0142atwiaj\u0105cego orientacj\u0119 w r\u00f3\u017cnych aspektach chemikali\u00f3w, od w\u0142a\u015bciwo\u015bci fizykochemicznych po warunki wprowadzania do obrotu, a to wszystko przejrzysty spos\u00f3b, w j\u0119zyku czeskim i z regularn\u0105 aktualizacj\u0105. Nasze oprogramowanie stanie si\u0119 Twoim lojalnym i niezawodnym pomocnikiem.<\/p>\n<h3><a href=\"\/pl\/chemia\/baza-danych\/classific\/\">CLASSIFIC<\/a><\/h3>\n<p>Aplikacja internetowa wykona za Ciebie konwersj\u0119 klasyfikacji z CLP na ADR zgodnie z \u00a0Umow\u0105 w ci\u0105gu kilku minut. Docenisz j\u0105 nie tylko podczas przetwarzania BL.<\/p>\n<h3><a href=\"\/pl\/chemia\/baza-danych\/medis-alarm\/\">MEDIS-ALARM<\/a><\/h3>\n<p>Chcesz uzyska\u0107 kompleksowy przegl\u0105d informacji na temat substancji? W\u0142a\u015bnie dla Ciebie przeznaczona jest baza danych niebezpiecznych substancji chemicznych MEDIS-ALARM, w kt\u00f3rej mo\u017cna znale\u017a\u0107 szeroki zakres informacji na temat w\u0142a\u015bciwo\u015bci, \u015brodk\u00f3w powypadkowych, wymog\u00f3w legislacyjnych itp.<\/p>\n<h3><a href=\"\/pl\/chemia\/baza-danych\/adrem\/\">ADRem<\/a><\/h3>\n<p>Czy transport drogowy towar\u00f3w niebezpiecznych to dla Ciebie chleb powszedni? Szukasz u\u0142atwie\u0144 i wsparcia legislacyjnego? W tej bazie danych znajdziesz pe\u0142ne opracowanie Umowy ADR z 2021 r. w formie elektronicznej.<\/p>\n<h3><a href=\"\/pl\/chemia\/baza-danych\/ridem\/\">RIDem<\/a><\/h3>\n<p>Podobnym programem jest RIDem, kt\u00f3ry dedykowany jest transportowi kolejowemu towar\u00f3w niebezpiecznych zgodnie z Umow\u0105 RID z 2021 r.<\/p>\n<p>&nbsp;<\/p>\n","protected":false},"excerpt":{"rendered":"<p>Na potrzeby przedsi\u0119biorstw produkcyjnych, dystrybutor\u00f3w, przewo\u017anik\u00f3w, s\u0142u\u017cb po\u017carniczych, prywatnych jednostek stra\u017cy po\u017carnej i innych operator\u00f3w zajmuj\u0105cych si\u0119 substancjami niebezpiecznymi opracowujemy lub uczestniczymy w rozwoju oprogramowania u\u0142atwiaj\u0105cego orientacj\u0119 w r\u00f3\u017cnych aspektach chemikali\u00f3w, od w\u0142a\u015bciwo\u015bci fizykochemicznych po warunki wprowadzania do obrotu, a to wszystko przejrzysty spos\u00f3b, w j\u0119zyku czeskim i z regularn\u0105 aktualizacj\u0105. Nasze oprogramowanie stanie si\u0119 <\/p>\n","protected":false},"author":1,"featured_media":0,"parent":1328,"menu_order":0,"comment_status":"closed","ping_status":"closed","template":"","meta":{"_acf_changed":false,"inline_featured_image":false,"footnotes":""},"class_list":["post-1349","page","type-page","status-publish","hentry"],"acf":[],"yoast_head":"<!-- This site is optimized with the Yoast SEO plugin v26.6 - https:\/\/yoast.com\/wordpress\/plugins\/seo\/ -->\n<title>Baza danych - MEDISTYL<\/title>\n<meta name=\"robots\" content=\"index, follow, max-snippet:-1, max-image-preview:large, max-video-preview:-1\" \/>\n<link rel=\"canonical\" href=\"https:\/\/www.medistyl.cz\/pl\/chemia\/baza-danych\/\" \/>\n<meta property=\"og:locale\" content=\"pl_PL\" \/>\n<meta property=\"og:type\" content=\"article\" \/>\n<meta property=\"og:title\" content=\"Baza danych - MEDISTYL\" \/>\n<meta property=\"og:description\" content=\"Na potrzeby przedsi\u0119biorstw produkcyjnych, dystrybutor\u00f3w, przewo\u017anik\u00f3w, s\u0142u\u017cb po\u017carniczych, prywatnych jednostek stra\u017cy po\u017carnej i innych operator\u00f3w zajmuj\u0105cych si\u0119 substancjami niebezpiecznymi opracowujemy lub uczestniczymy w rozwoju oprogramowania u\u0142atwiaj\u0105cego orientacj\u0119 w r\u00f3\u017cnych aspektach chemikali\u00f3w, od w\u0142a\u015bciwo\u015bci fizykochemicznych po warunki wprowadzania do obrotu, a to wszystko przejrzysty spos\u00f3b, w j\u0119zyku czeskim i z regularn\u0105 aktualizacj\u0105. Nasze oprogramowanie stanie si\u0119\" \/>\n<meta property=\"og:url\" content=\"https:\/\/www.medistyl.cz\/pl\/chemia\/baza-danych\/\" \/>\n<meta property=\"og:site_name\" content=\"MEDISTYL\" \/>\n<meta property=\"article:modified_time\" content=\"2022-01-03T22:47:20+00:00\" \/>\n<meta property=\"og:image\" content=\"https:\/\/www.medistyl.cz\/wp-content\/uploads\/medistyl.png\" \/>\n\t<meta property=\"og:image:width\" content=\"1000\" \/>\n\t<meta property=\"og:image:height\" content=\"1000\" \/>\n\t<meta property=\"og:image:type\" content=\"image\/png\" \/>\n<meta name=\"twitter:card\" content=\"summary_large_image\" \/>\n<meta name=\"twitter:label1\" content=\"Szacowany czas czytania\" \/>\n\t<meta name=\"twitter:data1\" content=\"1 minuta\" \/>\n<script type=\"application\/ld+json\" class=\"yoast-schema-graph\">{\"@context\":\"https:\/\/schema.org\",\"@graph\":[{\"@type\":\"WebPage\",\"@id\":\"https:\/\/www.medistyl.cz\/pl\/chemia\/baza-danych\/\",\"url\":\"https:\/\/www.medistyl.cz\/pl\/chemia\/baza-danych\/\",\"name\":\"Baza danych - MEDISTYL\",\"isPartOf\":{\"@id\":\"https:\/\/www.medistyl.cz\/pl\/#website\"},\"datePublished\":\"2021-11-13T00:45:13+00:00\",\"dateModified\":\"2022-01-03T22:47:20+00:00\",\"breadcrumb\":{\"@id\":\"https:\/\/www.medistyl.cz\/pl\/chemia\/baza-danych\/#breadcrumb\"},\"inLanguage\":\"pl-PL\",\"potentialAction\":[{\"@type\":\"ReadAction\",\"target\":[\"https:\/\/www.medistyl.cz\/pl\/chemia\/baza-danych\/\"]}]},{\"@type\":\"BreadcrumbList\",\"@id\":\"https:\/\/www.medistyl.cz\/pl\/chemia\/baza-danych\/#breadcrumb\",\"itemListElement\":[{\"@type\":\"ListItem\",\"position\":1,\"name\":\"Dom\u016f\",\"item\":\"https:\/\/www.medistyl.cz\/pl\/\"},{\"@type\":\"ListItem\",\"position\":2,\"name\":\"Chemia\",\"item\":\"https:\/\/www.medistyl.cz\/pl\/chemia\/\"},{\"@type\":\"ListItem\",\"position\":3,\"name\":\"Baza danych\"}]},{\"@type\":\"WebSite\",\"@id\":\"https:\/\/www.medistyl.cz\/pl\/#website\",\"url\":\"https:\/\/www.medistyl.cz\/pl\/\",\"name\":\"MEDISTYL\",\"description\":\"MEDISTYL\",\"potentialAction\":[{\"@type\":\"SearchAction\",\"target\":{\"@type\":\"EntryPoint\",\"urlTemplate\":\"https:\/\/www.medistyl.cz\/pl\/?s={search_term_string}\"},\"query-input\":{\"@type\":\"PropertyValueSpecification\",\"valueRequired\":true,\"valueName\":\"search_term_string\"}}],\"inLanguage\":\"pl-PL\"}]}<\/script>\n<!-- \/ Yoast SEO plugin. -->","yoast_head_json":{"title":"Baza danych - MEDISTYL","robots":{"index":"index","follow":"follow","max-snippet":"max-snippet:-1","max-image-preview":"max-image-preview:large","max-video-preview":"max-video-preview:-1"},"canonical":"https:\/\/www.medistyl.cz\/pl\/chemia\/baza-danych\/","og_locale":"pl_PL","og_type":"article","og_title":"Baza danych - MEDISTYL","og_description":"Na potrzeby przedsi\u0119biorstw produkcyjnych, dystrybutor\u00f3w, przewo\u017anik\u00f3w, s\u0142u\u017cb po\u017carniczych, prywatnych jednostek stra\u017cy po\u017carnej i innych operator\u00f3w zajmuj\u0105cych si\u0119 substancjami niebezpiecznymi opracowujemy lub uczestniczymy w rozwoju oprogramowania u\u0142atwiaj\u0105cego orientacj\u0119 w r\u00f3\u017cnych aspektach chemikali\u00f3w, od w\u0142a\u015bciwo\u015bci fizykochemicznych po warunki wprowadzania do obrotu, a to wszystko przejrzysty spos\u00f3b, w j\u0119zyku czeskim i z regularn\u0105 aktualizacj\u0105. Nasze oprogramowanie stanie si\u0119","og_url":"https:\/\/www.medistyl.cz\/pl\/chemia\/baza-danych\/","og_site_name":"MEDISTYL","article_modified_time":"2022-01-03T22:47:20+00:00","og_image":[{"width":1000,"height":1000,"url":"https:\/\/www.medistyl.cz\/wp-content\/uploads\/medistyl.png","type":"image\/png"}],"twitter_card":"summary_large_image","twitter_misc":{"Szacowany czas czytania":"1 minuta"},"schema":{"@context":"https:\/\/schema.org","@graph":[{"@type":"WebPage","@id":"https:\/\/www.medistyl.cz\/pl\/chemia\/baza-danych\/","url":"https:\/\/www.medistyl.cz\/pl\/chemia\/baza-danych\/","name":"Baza danych - MEDISTYL","isPartOf":{"@id":"https:\/\/www.medistyl.cz\/pl\/#website"},"datePublished":"2021-11-13T00:45:13+00:00","dateModified":"2022-01-03T22:47:20+00:00","breadcrumb":{"@id":"https:\/\/www.medistyl.cz\/pl\/chemia\/baza-danych\/#breadcrumb"},"inLanguage":"pl-PL","potentialAction":[{"@type":"ReadAction","target":["https:\/\/www.medistyl.cz\/pl\/chemia\/baza-danych\/"]}]},{"@type":"BreadcrumbList","@id":"https:\/\/www.medistyl.cz\/pl\/chemia\/baza-danych\/#breadcrumb","itemListElement":[{"@type":"ListItem","position":1,"name":"Dom\u016f","item":"https:\/\/www.medistyl.cz\/pl\/"},{"@type":"ListItem","position":2,"name":"Chemia","item":"https:\/\/www.medistyl.cz\/pl\/chemia\/"},{"@type":"ListItem","position":3,"name":"Baza danych"}]},{"@type":"WebSite","@id":"https:\/\/www.medistyl.cz\/pl\/#website","url":"https:\/\/www.medistyl.cz\/pl\/","name":"MEDISTYL","description":"MEDISTYL","potentialAction":[{"@type":"SearchAction","target":{"@type":"EntryPoint","urlTemplate":"https:\/\/www.medistyl.cz\/pl\/?s={search_term_string}"},"query-input":{"@type":"PropertyValueSpecification","valueRequired":true,"valueName":"search_term_string"}}],"inLanguage":"pl-PL"}]}},"_links":{"self":[{"href":"https:\/\/www.medistyl.cz\/pl\/wp-json\/wp\/v2\/pages\/1349","targetHints":{"allow":["GET"]}}],"collection":[{"href":"https:\/\/www.medistyl.cz\/pl\/wp-json\/wp\/v2\/pages"}],"about":[{"href":"https:\/\/www.medistyl.cz\/pl\/wp-json\/wp\/v2\/types\/page"}],"author":[{"embeddable":true,"href":"https:\/\/www.medistyl.cz\/pl\/wp-json\/wp\/v2\/users\/1"}],"replies":[{"embeddable":true,"href":"https:\/\/www.medistyl.cz\/pl\/wp-json\/wp\/v2\/comments?post=1349"}],"version-history":[{"count":0,"href":"https:\/\/www.medistyl.cz\/pl\/wp-json\/wp\/v2\/pages\/1349\/revisions"}],"up":[{"embeddable":true,"href":"https:\/\/www.medistyl.cz\/pl\/wp-json\/wp\/v2\/pages\/1328"}],"wp:attachment":[{"href":"https:\/\/www.medistyl.cz\/pl\/wp-json\/wp\/v2\/media?parent=1349"}],"curies":[{"name":"wp","href":"https:\/\/api.w.org\/{rel}","templated":true}]}}