{"id":1351,"date":"2021-11-13T01:45:29","date_gmt":"2021-11-13T00:45:29","guid":{"rendered":"https:\/\/www.medistyl.cz\/badania\/tlumaczenia\/"},"modified":"2022-01-04T00:54:31","modified_gmt":"2022-01-03T23:54:31","slug":"tlumaczenia","status":"publish","type":"page","link":"https:\/\/www.medistyl.cz\/pl\/badania\/tlumaczenia\/","title":{"rendered":"T\u0142umaczenia"},"content":{"rendered":"<p>Do naszych us\u0142ug dodatkowych nale\u017cy nieod\u0142\u0105cznie r\u00f3wnie\u017c zapewnienie t\u0142umacze\u0144 tekst\u00f3w specjalistycznych w ramach wi\u0119kszo\u015bci europejskich i innych j\u0119zyk\u00f3w. Oferujemy t\u0142umaczenia zwi\u0105zane z farmacj\u0105 (np. t\u0142umaczenia informacji do\u0142\u0105czonych do lek\u00f3w), medycyn\u0105, chemi\u0105 itd. Jeste\u015bmy r\u00f3wnie\u017c w stanie opracowa\u0107 t\u0142umaczenia dowolnych temat\u00f3w zgodnie z przedstawion\u0105 przez Ciebie specyfikacj\u0105. Oddaj si\u0119 w r\u0119ce prawdziwych specjalist\u00f3w, do kt\u00f3rych w tej bran\u017cy nale\u017cymy.<\/p>\n<h2>T\u0142umaczenia<\/h2>\n<ul>\n<li aria-level=\"1\">Czeski \u2013 angielski<\/li>\n<li aria-level=\"1\">S\u0142owacki \u2013 angielski<\/li>\n<li aria-level=\"1\">Polski \u2013 angielski<\/li>\n<li aria-level=\"1\">W\u0119gierski \u2013 angielski<\/li>\n<li aria-level=\"1\">Niemiecki \u2013 angielski<\/li>\n<li aria-level=\"1\">Hiszpa\u0144ski \u2013 angielski<\/li>\n<li aria-level=\"1\">Portugalski \u2013 angielski<\/li>\n<li aria-level=\"1\">W\u0142oski \u2013 angielski<\/li>\n<li aria-level=\"1\">Ukrai\u0144ski \u2013 angielski<\/li>\n<li aria-level=\"1\">Rosyjski \u2013 angielski<\/li>\n<li aria-level=\"1\">Esto\u0144ski, litewski, \u0142otewski \u2013 angielski<\/li>\n<li aria-level=\"1\">Rumu\u0144ski, bu\u0142garski \u2013 angielski<\/li>\n<li aria-level=\"1\">Szwedzki, norweski, du\u0144ski, islandzki \u2013 angielski<\/li>\n<\/ul>\n<p>&nbsp;<\/p>\n","protected":false},"excerpt":{"rendered":"<p>Do naszych us\u0142ug dodatkowych nale\u017cy nieod\u0142\u0105cznie r\u00f3wnie\u017c zapewnienie t\u0142umacze\u0144 tekst\u00f3w specjalistycznych w ramach wi\u0119kszo\u015bci europejskich i innych j\u0119zyk\u00f3w. Oferujemy t\u0142umaczenia zwi\u0105zane z farmacj\u0105 (np. t\u0142umaczenia informacji do\u0142\u0105czonych do lek\u00f3w), medycyn\u0105, chemi\u0105 itd. Jeste\u015bmy r\u00f3wnie\u017c w stanie opracowa\u0107 t\u0142umaczenia dowolnych temat\u00f3w zgodnie z przedstawion\u0105 przez Ciebie specyfikacj\u0105. Oddaj si\u0119 w r\u0119ce prawdziwych specjalist\u00f3w, do kt\u00f3rych w <\/p>\n","protected":false},"author":1,"featured_media":0,"parent":1340,"menu_order":0,"comment_status":"closed","ping_status":"closed","template":"","meta":{"_acf_changed":false,"inline_featured_image":false,"footnotes":""},"class_list":["post-1351","page","type-page","status-publish","hentry"],"acf":[],"yoast_head":"<!-- This site is optimized with the Yoast SEO plugin v26.6 - https:\/\/yoast.com\/wordpress\/plugins\/seo\/ -->\n<title>T\u0142umaczenia - MEDISTYL<\/title>\n<meta name=\"robots\" content=\"index, follow, max-snippet:-1, max-image-preview:large, max-video-preview:-1\" \/>\n<link rel=\"canonical\" href=\"https:\/\/www.medistyl.cz\/pl\/badania\/tlumaczenia\/\" \/>\n<meta property=\"og:locale\" content=\"pl_PL\" \/>\n<meta property=\"og:type\" content=\"article\" \/>\n<meta property=\"og:title\" content=\"T\u0142umaczenia - MEDISTYL\" \/>\n<meta property=\"og:description\" content=\"Do naszych us\u0142ug dodatkowych nale\u017cy nieod\u0142\u0105cznie r\u00f3wnie\u017c zapewnienie t\u0142umacze\u0144 tekst\u00f3w specjalistycznych w ramach wi\u0119kszo\u015bci europejskich i innych j\u0119zyk\u00f3w. Oferujemy t\u0142umaczenia zwi\u0105zane z farmacj\u0105 (np. t\u0142umaczenia informacji do\u0142\u0105czonych do lek\u00f3w), medycyn\u0105, chemi\u0105 itd. Jeste\u015bmy r\u00f3wnie\u017c w stanie opracowa\u0107 t\u0142umaczenia dowolnych temat\u00f3w zgodnie z przedstawion\u0105 przez Ciebie specyfikacj\u0105. Oddaj si\u0119 w r\u0119ce prawdziwych specjalist\u00f3w, do kt\u00f3rych w\" \/>\n<meta property=\"og:url\" content=\"https:\/\/www.medistyl.cz\/pl\/badania\/tlumaczenia\/\" \/>\n<meta property=\"og:site_name\" content=\"MEDISTYL\" \/>\n<meta property=\"article:modified_time\" content=\"2022-01-03T23:54:31+00:00\" \/>\n<meta property=\"og:image\" content=\"https:\/\/www.medistyl.cz\/wp-content\/uploads\/medistyl.png\" \/>\n\t<meta property=\"og:image:width\" content=\"1000\" \/>\n\t<meta property=\"og:image:height\" content=\"1000\" \/>\n\t<meta property=\"og:image:type\" content=\"image\/png\" \/>\n<meta name=\"twitter:card\" content=\"summary_large_image\" \/>\n<meta name=\"twitter:label1\" content=\"Szacowany czas czytania\" \/>\n\t<meta name=\"twitter:data1\" content=\"1 minuta\" \/>\n<script type=\"application\/ld+json\" class=\"yoast-schema-graph\">{\"@context\":\"https:\/\/schema.org\",\"@graph\":[{\"@type\":\"WebPage\",\"@id\":\"https:\/\/www.medistyl.cz\/pl\/badania\/tlumaczenia\/\",\"url\":\"https:\/\/www.medistyl.cz\/pl\/badania\/tlumaczenia\/\",\"name\":\"T\u0142umaczenia - MEDISTYL\",\"isPartOf\":{\"@id\":\"https:\/\/www.medistyl.cz\/pl\/#website\"},\"datePublished\":\"2021-11-13T00:45:29+00:00\",\"dateModified\":\"2022-01-03T23:54:31+00:00\",\"breadcrumb\":{\"@id\":\"https:\/\/www.medistyl.cz\/pl\/badania\/tlumaczenia\/#breadcrumb\"},\"inLanguage\":\"pl-PL\",\"potentialAction\":[{\"@type\":\"ReadAction\",\"target\":[\"https:\/\/www.medistyl.cz\/pl\/badania\/tlumaczenia\/\"]}]},{\"@type\":\"BreadcrumbList\",\"@id\":\"https:\/\/www.medistyl.cz\/pl\/badania\/tlumaczenia\/#breadcrumb\",\"itemListElement\":[{\"@type\":\"ListItem\",\"position\":1,\"name\":\"Dom\u016f\",\"item\":\"https:\/\/www.medistyl.cz\/pl\/\"},{\"@type\":\"ListItem\",\"position\":2,\"name\":\"Przeszukiwanie baz danych\",\"item\":\"https:\/\/www.medistyl.cz\/pl\/badania\/\"},{\"@type\":\"ListItem\",\"position\":3,\"name\":\"T\u0142umaczenia\"}]},{\"@type\":\"WebSite\",\"@id\":\"https:\/\/www.medistyl.cz\/pl\/#website\",\"url\":\"https:\/\/www.medistyl.cz\/pl\/\",\"name\":\"MEDISTYL\",\"description\":\"MEDISTYL\",\"potentialAction\":[{\"@type\":\"SearchAction\",\"target\":{\"@type\":\"EntryPoint\",\"urlTemplate\":\"https:\/\/www.medistyl.cz\/pl\/?s={search_term_string}\"},\"query-input\":{\"@type\":\"PropertyValueSpecification\",\"valueRequired\":true,\"valueName\":\"search_term_string\"}}],\"inLanguage\":\"pl-PL\"}]}<\/script>\n<!-- \/ Yoast SEO plugin. -->","yoast_head_json":{"title":"T\u0142umaczenia - MEDISTYL","robots":{"index":"index","follow":"follow","max-snippet":"max-snippet:-1","max-image-preview":"max-image-preview:large","max-video-preview":"max-video-preview:-1"},"canonical":"https:\/\/www.medistyl.cz\/pl\/badania\/tlumaczenia\/","og_locale":"pl_PL","og_type":"article","og_title":"T\u0142umaczenia - MEDISTYL","og_description":"Do naszych us\u0142ug dodatkowych nale\u017cy nieod\u0142\u0105cznie r\u00f3wnie\u017c zapewnienie t\u0142umacze\u0144 tekst\u00f3w specjalistycznych w ramach wi\u0119kszo\u015bci europejskich i innych j\u0119zyk\u00f3w. Oferujemy t\u0142umaczenia zwi\u0105zane z farmacj\u0105 (np. t\u0142umaczenia informacji do\u0142\u0105czonych do lek\u00f3w), medycyn\u0105, chemi\u0105 itd. Jeste\u015bmy r\u00f3wnie\u017c w stanie opracowa\u0107 t\u0142umaczenia dowolnych temat\u00f3w zgodnie z przedstawion\u0105 przez Ciebie specyfikacj\u0105. Oddaj si\u0119 w r\u0119ce prawdziwych specjalist\u00f3w, do kt\u00f3rych w","og_url":"https:\/\/www.medistyl.cz\/pl\/badania\/tlumaczenia\/","og_site_name":"MEDISTYL","article_modified_time":"2022-01-03T23:54:31+00:00","og_image":[{"width":1000,"height":1000,"url":"https:\/\/www.medistyl.cz\/wp-content\/uploads\/medistyl.png","type":"image\/png"}],"twitter_card":"summary_large_image","twitter_misc":{"Szacowany czas czytania":"1 minuta"},"schema":{"@context":"https:\/\/schema.org","@graph":[{"@type":"WebPage","@id":"https:\/\/www.medistyl.cz\/pl\/badania\/tlumaczenia\/","url":"https:\/\/www.medistyl.cz\/pl\/badania\/tlumaczenia\/","name":"T\u0142umaczenia - MEDISTYL","isPartOf":{"@id":"https:\/\/www.medistyl.cz\/pl\/#website"},"datePublished":"2021-11-13T00:45:29+00:00","dateModified":"2022-01-03T23:54:31+00:00","breadcrumb":{"@id":"https:\/\/www.medistyl.cz\/pl\/badania\/tlumaczenia\/#breadcrumb"},"inLanguage":"pl-PL","potentialAction":[{"@type":"ReadAction","target":["https:\/\/www.medistyl.cz\/pl\/badania\/tlumaczenia\/"]}]},{"@type":"BreadcrumbList","@id":"https:\/\/www.medistyl.cz\/pl\/badania\/tlumaczenia\/#breadcrumb","itemListElement":[{"@type":"ListItem","position":1,"name":"Dom\u016f","item":"https:\/\/www.medistyl.cz\/pl\/"},{"@type":"ListItem","position":2,"name":"Przeszukiwanie baz danych","item":"https:\/\/www.medistyl.cz\/pl\/badania\/"},{"@type":"ListItem","position":3,"name":"T\u0142umaczenia"}]},{"@type":"WebSite","@id":"https:\/\/www.medistyl.cz\/pl\/#website","url":"https:\/\/www.medistyl.cz\/pl\/","name":"MEDISTYL","description":"MEDISTYL","potentialAction":[{"@type":"SearchAction","target":{"@type":"EntryPoint","urlTemplate":"https:\/\/www.medistyl.cz\/pl\/?s={search_term_string}"},"query-input":{"@type":"PropertyValueSpecification","valueRequired":true,"valueName":"search_term_string"}}],"inLanguage":"pl-PL"}]}},"_links":{"self":[{"href":"https:\/\/www.medistyl.cz\/pl\/wp-json\/wp\/v2\/pages\/1351","targetHints":{"allow":["GET"]}}],"collection":[{"href":"https:\/\/www.medistyl.cz\/pl\/wp-json\/wp\/v2\/pages"}],"about":[{"href":"https:\/\/www.medistyl.cz\/pl\/wp-json\/wp\/v2\/types\/page"}],"author":[{"embeddable":true,"href":"https:\/\/www.medistyl.cz\/pl\/wp-json\/wp\/v2\/users\/1"}],"replies":[{"embeddable":true,"href":"https:\/\/www.medistyl.cz\/pl\/wp-json\/wp\/v2\/comments?post=1351"}],"version-history":[{"count":0,"href":"https:\/\/www.medistyl.cz\/pl\/wp-json\/wp\/v2\/pages\/1351\/revisions"}],"up":[{"embeddable":true,"href":"https:\/\/www.medistyl.cz\/pl\/wp-json\/wp\/v2\/pages\/1340"}],"wp:attachment":[{"href":"https:\/\/www.medistyl.cz\/pl\/wp-json\/wp\/v2\/media?parent=1351"}],"curies":[{"name":"wp","href":"https:\/\/api.w.org\/{rel}","templated":true}]}}